{"id":1358,"date":"2024-03-07T14:28:02","date_gmt":"2024-03-07T14:28:02","guid":{"rendered":"https:\/\/packdesites.com\/produto\/jetblog\/"},"modified":"2026-01-23T10:29:54","modified_gmt":"2026-01-23T13:29:54","slug":"jetblog","status":"publish","type":"product","link":"https:\/\/packdesites.com\/es\/product\/jetblog\/","title":{"rendered":"JetBlog v2.4.8 \u2013 Crocoblock"},"content":{"rendered":"<p><\/p>\n\n\n\n<h2 class=\"wp-block-heading\">Muy f\u00e1cil de usar y personalizar.<br>\u00a1No se requieren habilidades de codificaci\u00f3n!<\/h2>\n\n\n\n<p>\u00a1Crea contenido con solo arrastrar y soltar y dale estilo como un profesional!<\/p>\n\n\n\n<figure class=\"wp-block-image\"><img decoding=\"async\" src=\"https:\/\/packdesites.com\/wp-content\/uploads\/2025\/04\/video-bg.png\" alt=\"\" title=\"\"><\/figure>\n\n\n\n<h2 class=\"wp-block-heading\"><a href=\"https:\/\/jetblog.zemez.io\/smart-list\/\" target=\"_blank\" rel=\"noopener\">Lista inteligente<\/a><\/h2>\n\n\n\n<p>Descubra esta herramienta perfecta para mostrar sus publicaciones como bloques de contenido limpios con un dise\u00f1o f\u00e1cilmente editable y una apariencia personalizable.<\/p>\n\n\n\n<figure class=\"wp-block-image\"><img decoding=\"async\" src=\"https:\/\/packdesites.com\/wp-content\/uploads\/2025\/04\/home-12.png\" alt=\"JetBlog para el constructor de p\u00e1ginas Elementor\" title=\"\"><\/figure>\n\n\n\n<figure class=\"wp-block-image\"><img decoding=\"async\" src=\"https:\/\/packdesites.com\/wp-content\/uploads\/2025\/04\/home-2.png\" alt=\"Widget de mosaicos inteligentes - JetBlog\" title=\"\"><\/figure>\n\n\n\n<h2 class=\"wp-block-heading\"><a href=\"https:\/\/jetblog.zemez.io\/smart-tiles\" target=\"_blank\" rel=\"noopener\">Azulejos inteligentes<\/a><\/h2>\n\n\n\n<p>Este widget te ayudar\u00e1 a agregar tus publicaciones a la p\u00e1gina de tu sitio web en forma de un hermoso bloque de mosaico con un dise\u00f1o impecable y un estilo preciso.<\/p>\n\n\n\n<h1 class=\"wp-block-heading\"><a href=\"https:\/\/jetblog.zemez.io\/text-ticker\" target=\"_blank\" rel=\"noopener\">Ticker de texto<\/a><\/h1>\n\n\n\n<p>Este widget se cre\u00f3 para agregar un atractivo m\u00f3dulo de contenido de ticker a la p\u00e1gina de su sitio web, mostrando los t\u00edtulos de las publicaciones recientes y m\u00e1s importantes.<\/p>\n\n\n\n<figure class=\"wp-block-image\"><img decoding=\"async\" src=\"https:\/\/packdesites.com\/wp-content\/uploads\/2025\/04\/home-3.png\" alt=\"Ticker de texto - JetBlog para el constructor de p\u00e1ginas Elementor\" title=\"\"><\/figure>\n\n\n\n<figure class=\"wp-block-image\"><img decoding=\"async\" src=\"https:\/\/packdesites.com\/wp-content\/uploads\/2025\/04\/home-4-1.png\" alt=\"Widget de lista de reproducci\u00f3n de videos para Elementor Page Builder\" title=\"\"><\/figure>\n\n\n\n<h2 class=\"wp-block-heading\"><a href=\"https:\/\/jetblog.zemez.io\/video-playlist\" target=\"_blank\" rel=\"noopener\">Lista de reproducci\u00f3n de v\u00eddeos<\/a><\/h2>\n\n\n\n<p>Este widget es invaluable si desea mostrar videos de manera elegante, organizar la lista de reproducci\u00f3n con un dise\u00f1o de p\u00edxeles perfectos y cambiar el estilo de las miniaturas.<\/p>\n\n\n\n<h2 class=\"wp-block-heading\">\u00a1Todo lo que necesitas para potenciar tu blog!<\/h2>\n\n\n\n<h3 class=\"wp-block-heading\">Hecho para Elementor<\/h3>\n\n\n\n<p>\u00a1JetBlog potencia el generador de p\u00e1ginas en vivo de Elementor agreg\u00e1ndole amplios m\u00f3dulos de contenido!<\/p>\n\n\n\n<h3 class=\"wp-block-heading\">Widgets potentes<\/h3>\n\n\n\n<p>\u00a1Descubre los m\u00f3dulos de contenido realmente da\u00f1inos que debes utilizar al crear p\u00e1ginas con Elementor!<\/p>\n\n\n\n<h3 class=\"wp-block-heading\">Personalizaci\u00f3n flexible<\/h3>\n\n\n\n<p>\u00a1Utilice el poder de personalizar los m\u00f3dulos del blog usando varias configuraciones de personalizaci\u00f3n!<\/p>\n\n\n\n<h3 class=\"wp-block-heading\">Dise\u00f1os generosos<\/h3>\n\n\n\n<p>\u00a1Seleccione entre varios dise\u00f1os elegantes para aplicar a sus m\u00f3dulos de contenido!<\/p>\n\n\n\n<h3 class=\"wp-block-heading\">Tipograf\u00eda personalizable<\/h3>\n\n\n\n<p>\u00a1Aprovecha la oportunidad de crear una tipograf\u00eda limpia y elegante para usar en tu sitio web!<\/p>\n\n\n\n<h3 class=\"wp-block-heading\">Colores vers\u00e1tiles a tu alcance<\/h3>\n\n\n\n<p>\u00a1Prueba usar diferentes colores para tu contenido para hacerlo a\u00fan m\u00e1s hermoso!<\/p>\n\n\n\n<h3 class=\"wp-block-heading\">Fondos atractivos<\/h3>\n\n\n\n<p>\u00a1Crea fondos impresionantes con degradados y diferentes valores de opacidad en solo unos pocos clics!<\/p>\n\n\n\n<h3 class=\"wp-block-heading\">Totalmente responsivo<\/h3>\n\n\n\n<p>\u00a1Con JetBlog tu contenido se ver\u00e1 mejor tanto en pantallas grandes como peque\u00f1as!<\/p>\n\n\n\n<h3 class=\"wp-block-heading\">Soporte eficiente 24\/7<\/h3>\n\n\n\n<p>\u00a1No dudes en contactar con nuestro equipo de soporte 24 horas al d\u00eda, 7 d\u00edas a la semana para obtener ayuda profesional cuando la necesites!<\/p>\n\n\n\n<p><\/p>","protected":false},"excerpt":{"rendered":"<p>Realmente f\u00e1cil de usar y personalizar. \u00a1No necesitas saber programar! Crea contenido con una interfaz de arrastrar y soltar y personal\u00edzalo como un profesional. Lista inteligente: Descubre esta herramienta perfecta para mostrar tus publicaciones en bloques de contenido limpios con un dise\u00f1o f\u00e1cilmente editable y una apariencia personalizable. Mosaicos inteligentes: Este widget te ayudar\u00e1 a a\u00f1adir tus publicaciones [\u2026]<\/p>","protected":false},"featured_media":1364,"comment_status":"closed","ping_status":"open","template":"","meta":{"_jf_limit_responses":"","iawp_total_views":139},"product_brand":[],"product_cat":[41],"product_tag":[19],"class_list":{"0":"post-1358","1":"product","2":"type-product","3":"status-publish","4":"has-post-thumbnail","6":"product_cat-plugins","7":"product_tag-vitalicio","9":"first","10":"instock","11":"downloadable","12":"virtual","13":"purchasable","14":"product-type-simple"},"_links":{"self":[{"href":"https:\/\/packdesites.com\/es\/wp-json\/wp\/v2\/product\/1358","targetHints":{"allow":["GET"]}}],"collection":[{"href":"https:\/\/packdesites.com\/es\/wp-json\/wp\/v2\/product"}],"about":[{"href":"https:\/\/packdesites.com\/es\/wp-json\/wp\/v2\/types\/product"}],"replies":[{"embeddable":true,"href":"https:\/\/packdesites.com\/es\/wp-json\/wp\/v2\/comments?post=1358"}],"version-history":[{"count":7,"href":"https:\/\/packdesites.com\/es\/wp-json\/wp\/v2\/product\/1358\/revisions"}],"predecessor-version":[{"id":24562,"href":"https:\/\/packdesites.com\/es\/wp-json\/wp\/v2\/product\/1358\/revisions\/24562"}],"wp:featuredmedia":[{"embeddable":true,"href":"https:\/\/packdesites.com\/es\/wp-json\/wp\/v2\/media\/1364"}],"wp:attachment":[{"href":"https:\/\/packdesites.com\/es\/wp-json\/wp\/v2\/media?parent=1358"}],"wp:term":[{"taxonomy":"product_brand","embeddable":true,"href":"https:\/\/packdesites.com\/es\/wp-json\/wp\/v2\/product_brand?post=1358"},{"taxonomy":"product_cat","embeddable":true,"href":"https:\/\/packdesites.com\/es\/wp-json\/wp\/v2\/product_cat?post=1358"},{"taxonomy":"product_tag","embeddable":true,"href":"https:\/\/packdesites.com\/es\/wp-json\/wp\/v2\/product_tag?post=1358"}],"curies":[{"name":"wp","href":"https:\/\/api.w.org\/{rel}","templated":true}]}}