{"id":1334,"date":"2024-05-09T21:44:51","date_gmt":"2024-05-09T21:44:51","guid":{"rendered":"https:\/\/packdesites.com\/produto\/jetengine-atualizado-crocoblock\/"},"modified":"2026-04-13T15:12:40","modified_gmt":"2026-04-13T18:12:40","slug":"jetengine-actualizado-crocoblock","status":"publish","type":"product","link":"https:\/\/packdesites.com\/es\/product\/jetengine-actualizado-crocoblock\/","title":{"rendered":"JetEngine v3.8.8 + M\u00f3dulos externos \u2013 Crocoblock"},"content":{"rendered":"<h2 class=\"wp-block-heading\">Widgets especiales para contenido din\u00e1mico.<\/h2>\n\n\n\n<p>Utilice potentes widgets dise\u00f1ados para mostrar contenido din\u00e1mico en Elementor para crear contenido a\u00fan m\u00e1s din\u00e1mico.<br>espectacular.<\/p>\n\n\n\n<figure class=\"wp-block-image\"><img decoding=\"async\" src=\"https:\/\/packdesites.com\/wp-content\/uploads\/2025\/04\/new-element-1.svg\" alt=\"Widget de campo din\u00e1mico para Elementor\" title=\"\"><\/figure>\n\n\n\n<h3 class=\"wp-block-heading\">Campo din\u00e1mico.<\/h3>\n\n\n\n<p>Muestra contenido meta o contenido din\u00e1mico regular de la fuente definida y personaliza su apariencia usando configuraciones de estilo vers\u00e1tiles.<\/p>\n\n\n\n<figure class=\"wp-block-image\"><img decoding=\"async\" src=\"https:\/\/packdesites.com\/wp-content\/uploads\/2025\/04\/new-element-2.svg\" alt=\"Widget de imagen din\u00e1mica para Elementor\" title=\"\"><\/figure>\n\n\n\n<h3 class=\"wp-block-heading\">Imagen din\u00e1mica.<\/h3>\n\n\n\n<p>Este widget est\u00e1 dise\u00f1ado especialmente para mostrar im\u00e1genes destacadas din\u00e1micas para plantillas de taxonom\u00eda o tipos de publicaciones personalizadas creadas y personalizar su apariencia.<\/p>\n\n\n\n<figure class=\"wp-block-image\"><img decoding=\"async\" src=\"https:\/\/packdesites.com\/wp-content\/uploads\/2025\/04\/new-element-3.svg\" alt=\"Widget repetidor din\u00e1mico para Elementor\" title=\"\"><\/figure>\n\n\n\n<h3 class=\"wp-block-heading\">Repetidor din\u00e1mico.<\/h3>\n\n\n\n<p>Aproveche el poder de mostrar repetidores din\u00e1micos definidos para tipos de publicaciones y taxonom\u00edas personalizadas utilizando una fuente definida, un poco de codificaci\u00f3n y amplias oportunidades de personalizaci\u00f3n.<\/p>\n\n\n\n<figure class=\"wp-block-image\"><img decoding=\"async\" src=\"https:\/\/packdesites.com\/wp-content\/uploads\/2025\/04\/new-element-4.svg\" alt=\"Widget de enlace din\u00e1mico para Elementor\" title=\"\"><\/figure>\n\n\n\n<h3 class=\"wp-block-heading\">Enlace din\u00e1mico.<\/h3>\n\n\n\n<p>Es sorprendente lo f\u00e1cil que es agregar enlaces a plantillas de publicaciones o taxonom\u00edas para mostrarlas en cualquier publicaci\u00f3n o taxonom\u00eda personalizada con el widget Enlace din\u00e1mico.<\/p>\n\n\n\n<figure class=\"wp-block-image\"><img decoding=\"async\" src=\"https:\/\/packdesites.com\/wp-content\/uploads\/2025\/04\/new-element-5.svg\" alt=\"Widget de t\u00e9rminos din\u00e1micos para Elementor\" title=\"\"><\/figure>\n\n\n\n<h3 class=\"wp-block-heading\">T\u00e9rminos din\u00e1micos.<\/h3>\n\n\n\n<p>La mejor manera de mostrar taxonom\u00edas din\u00e1micas agregadas a cualquier publicaci\u00f3n o p\u00e1gina al crear una plantilla con Elementor es utilizando el widget T\u00e9rminos din\u00e1micos, dise\u00f1ado espec\u00edficamente para estos fines.<\/p>\n\n\n\n<figure class=\"wp-block-image\"><img decoding=\"async\" src=\"https:\/\/packdesites.com\/wp-content\/uploads\/2025\/04\/new-element-6.svg\" alt=\"Metawidget din\u00e1mico para Elementor\" title=\"\"><\/figure>\n\n\n\n<h3 class=\"wp-block-heading\">Objetivo din\u00e1mico.<\/h3>\n\n\n\n<p>Muestra la fecha de publicaci\u00f3n, la informaci\u00f3n del autor y la cantidad de comentarios agregando el widget Meta din\u00e1mico a la plantilla.<\/p>\n\n\n\n<h2 class=\"wp-block-heading\">Dise\u00f1os elegantes para organizar el contenido.<\/h2>\n\n\n\n<p>Elija el tipo de dise\u00f1o m\u00e1s adecuado para las publicaciones o taxonom\u00edas personalizadas para organizar el contenido din\u00e1mico<br>forma atractiva<\/p>\n\n\n\n<figure class=\"wp-block-image\"><img decoding=\"async\" src=\"https:\/\/packdesites.com\/wp-content\/uploads\/2025\/04\/new-element-7.svg\" alt=\"Widget de cuadr\u00edcula de listado para Elementor\" title=\"\"><\/figure>\n\n\n\n<h3 class=\"wp-block-heading\">Cuadr\u00edcula de listado.<\/h3>\n\n\n\n<p>Utilice el poder de crear listados din\u00e1micos y dise\u00f1os de cuadr\u00edcula para mostrar publicaciones y taxonom\u00edas personalizadas utilizando plantillas definidas.<\/p>\n\n\n\n<figure class=\"wp-block-image\"><img decoding=\"async\" src=\"https:\/\/packdesites.com\/wp-content\/uploads\/2025\/04\/masonry-coming-soon.svg\" alt=\"Widget de listado de mamposter\u00eda para Elementor\" title=\"\"><\/figure>\n\n\n\n<h3 class=\"wp-block-heading\">Listado de mamposter\u00eda.<\/h3>\n\n\n\n<p>Utilice el elegante dise\u00f1o de lista de mamposter\u00eda para mostrar publicaciones o taxonom\u00edas personalizadas de la manera m\u00e1s atractiva y personalice la cantidad de columnas.<\/p>\n\n\n\n<figure class=\"wp-block-image\"><img decoding=\"async\" src=\"https:\/\/packdesites.com\/wp-content\/uploads\/2025\/04\/justify-coming-soon.svg\" alt=\"Widget de listado justificado para Elementor\" title=\"\"><\/figure>\n\n\n\n<h3 class=\"wp-block-heading\">Listado justificado.<\/h3>\n\n\n\n<p>Elija el dise\u00f1o justificado para la plantilla de listado para mostrar todas las publicaciones y taxonom\u00edas personalizadas en forma art\u00edstica que se puede personalizar f\u00e1cilmente.<\/p>\n\n\n\n<h2 class=\"wp-block-heading\">Cree plantillas de eventos y utilice el elegante calendario din\u00e1mico de JetEngine para asignarlas a fechas.<\/h2>\n\n\n\n<p>Con la funcionalidad Calendario de JetEngine puedes crear f\u00e1cilmente cualquier plantilla din\u00e1mica que desees y usarla para eventos para mostrarlos en cada fecha.<\/p>\n\n\n\n<h3 class=\"wp-block-heading\">Funcionalidad de consulta de eventos<\/h3>\n\n\n\n<p>Utilice par\u00e1metros de consulta complejos, incluidos tipos de consulta de fecha, metaconsulta y taxonom\u00eda, para mostrar eventos que encajen.<\/p>\n\n\n\n<h3 class=\"wp-block-heading\">M\u00faltiples eventos para una fecha<\/h3>\n\n\n\n<p>Agregue uno o m\u00e1s eventos a la fecha espec\u00edfica para informar a los visitantes sobre el cronograma que cre\u00f3.<\/p>\n\n\n\n<h3 class=\"wp-block-heading\">Im\u00e1genes, iconos y enlaces de eventos<\/h3>\n\n\n\n<p>Agregue cualquier contenido que necesite a las plantillas de eventos que se muestran en el Calendario, desde \u00edconos hasta fechas, marcas de tiempo, enlaces, im\u00e1genes y c\u00f3digos QR.<\/p>\n\n\n\n<figure class=\"wp-block-image\"><img decoding=\"async\" src=\"https:\/\/packdesites.com\/wp-content\/uploads\/2025\/04\/calendar.svg\" alt=\"\" title=\"\"><\/figure>\n\n\n\n<h3 class=\"wp-block-heading\">4 ajustes preestablecidos de calendario de alta gama<\/h3>\n\n\n\n<p>Seleccione uno de los 4 ajustes preestablecidos de Calendario disponibles para aplicarlo a su widget de Calendario din\u00e1mico y lograr que su widget de Calendario se vea incre\u00edble.<\/p>\n\n\n\n<h3 class=\"wp-block-heading\">Modelos de eventos din\u00e1micos<\/h3>\n\n\n\n<p>Utilice los widgets din\u00e1micos de JetEngine para crear plantillas para sus eventos y utilizarlas dentro del calendario<\/p>\n\n\n\n<h3 class=\"wp-block-heading\"><\/h3>\n\n\n\n<p><\/p>","protected":false},"excerpt":{"rendered":"<p>Widgets especiales para contenido din\u00e1mico. Usa potentes widgets dise\u00f1ados para mostrar contenido din\u00e1mico en Elementor y crear contenido a\u00fan m\u00e1s espectacular. Campo din\u00e1mico. Muestra metacontenido o contenido din\u00e1mico normal de la fuente definida y personaliza su apariencia con vers\u00e1tiles ajustes de estilo. Imagen din\u00e1mica. Este widget est\u00e1 especialmente dise\u00f1ado para mostrar im\u00e1genes destacadas din\u00e1micas para [\u2026]<\/p>","protected":false},"featured_media":1345,"comment_status":"closed","ping_status":"open","template":"","meta":{"_jf_limit_responses":"","iawp_total_views":717},"product_brand":[],"product_cat":[41],"product_tag":[19],"class_list":{"0":"post-1334","1":"product","2":"type-product","3":"status-publish","4":"has-post-thumbnail","6":"product_cat-plugins","7":"product_tag-vitalicio","9":"first","10":"instock","11":"downloadable","12":"virtual","13":"purchasable","14":"product-type-simple"},"_links":{"self":[{"href":"https:\/\/packdesites.com\/es\/wp-json\/wp\/v2\/product\/1334","targetHints":{"allow":["GET"]}}],"collection":[{"href":"https:\/\/packdesites.com\/es\/wp-json\/wp\/v2\/product"}],"about":[{"href":"https:\/\/packdesites.com\/es\/wp-json\/wp\/v2\/types\/product"}],"replies":[{"embeddable":true,"href":"https:\/\/packdesites.com\/es\/wp-json\/wp\/v2\/comments?post=1334"}],"version-history":[{"count":14,"href":"https:\/\/packdesites.com\/es\/wp-json\/wp\/v2\/product\/1334\/revisions"}],"predecessor-version":[{"id":24834,"href":"https:\/\/packdesites.com\/es\/wp-json\/wp\/v2\/product\/1334\/revisions\/24834"}],"wp:featuredmedia":[{"embeddable":true,"href":"https:\/\/packdesites.com\/es\/wp-json\/wp\/v2\/media\/1345"}],"wp:attachment":[{"href":"https:\/\/packdesites.com\/es\/wp-json\/wp\/v2\/media?parent=1334"}],"wp:term":[{"taxonomy":"product_brand","embeddable":true,"href":"https:\/\/packdesites.com\/es\/wp-json\/wp\/v2\/product_brand?post=1334"},{"taxonomy":"product_cat","embeddable":true,"href":"https:\/\/packdesites.com\/es\/wp-json\/wp\/v2\/product_cat?post=1334"},{"taxonomy":"product_tag","embeddable":true,"href":"https:\/\/packdesites.com\/es\/wp-json\/wp\/v2\/product_tag?post=1334"}],"curies":[{"name":"wp","href":"https:\/\/api.w.org\/{rel}","templated":true}]}}