{"id":1322,"date":"2023-07-17T00:21:42","date_gmt":"2023-07-17T00:21:42","guid":{"rendered":"https:\/\/packdesites.com\/produto\/woocommerce-dynamic-pricing-discounts-v2-6-0\/"},"modified":"2025-04-03T00:44:18","modified_gmt":"2025-04-03T00:44:18","slug":"descuentos-de-precios-dinamicos-de-woocommerce-v2-6-0","status":"publish","type":"product","link":"https:\/\/packdesites.com\/es\/product\/descuentos-de-precios-dinamicos-de-woocommerce-v2-6-0\/","title":{"rendered":"Precios y descuentos din\u00e1micos de WooCommerce v3.0.1"},"content":{"rendered":"<p><strong>Precios y Descuentos Din\u00e1micos de WooCommerce es una herramienta integral de precios y promociones para minoristas online. Su gran ventaja reside en su flexibilidad: permite combinar diversos m\u00e9todos y condiciones de precios para adaptarse a pr\u00e1cticamente cualquier estrategia de precios.<\/strong><\/p>\n\n\n\n<p>Esta extensi\u00f3n, con mantenimiento activo, puede reemplazar f\u00e1cilmente m\u00faltiples herramientas: \u00fasela para ventas regulares, promociones, ofertas especiales, precios por volumen, precios por niveles, precios por paquete, oferta del d\u00eda, ventas flash, precios al por mayor, precios para membres\u00edas, precios individuales, programas de fidelizaci\u00f3n, precios por comportamiento, precios basados en la ubicaci\u00f3n y m\u00e1s. Tambi\u00e9n puede aumentar los precios condicionalmente o cobrar cargos adicionales cuando sea necesario.<\/p>\n\n\n\n<blockquote class=\"wp-block-quote is-layout-flow wp-block-quote-is-layout-flow\">\n<p>Es f\u00e1cil y sencillo configurar reglas complejas. He probado algunas otras, \u00a1pero esta es la mejor!&nbsp;<a href=\"https:\/\/codecanyon.net\/user\/stumas\" target=\"_blank\" rel=\"noopener\">estumas<\/a><\/p>\n<\/blockquote>\n\n\n\n<blockquote class=\"wp-block-quote is-layout-flow wp-block-quote-is-layout-flow\">\n<p>Un plugin fant\u00e1stico. He probado otros plugins con descuento por volumen, pero este es el \u00fanico que he podido configurar exactamente seg\u00fan mis especificaciones. Funcion\u00f3 a la perfecci\u00f3n. \u00a1Lo recomiendo encarecidamente!&nbsp;<a href=\"https:\/\/codecanyon.net\/user\/chasemountains\" target=\"_blank\" rel=\"noopener\">Monta\u00f1as Chase<\/a><\/p>\n<\/blockquote>\n\n\n\n<blockquote class=\"wp-block-quote is-layout-flow wp-block-quote-is-layout-flow\">\n<p>He trabajado con otros plugins y me llev\u00f3 m\u00e1s de medio d\u00eda de trabajo no hacer nada. Entonces encontr\u00e9 este plugin, lo compr\u00e9, lo instal\u00e9 y en dos minutos estaba listo para empezar. \u00a1Un trabajo incre\u00edble! \u00a1Much\u00edsimas gracias!&nbsp;<a href=\"https:\/\/codecanyon.net\/user\/antzproductions\" target=\"_blank\" rel=\"noopener\">AntzProductions<\/a><\/p>\n<\/blockquote>\n\n\n\n<p><strong>Aumente sus ventas<\/strong><br>\u00a1Vende m\u00e1s! Crea descuentos atractivos para clientes que compran al por mayor. Ofrece promociones especiales para Navidad, Semana Santa o el Black Friday. Organiza liquidaciones o ventas flash.&nbsp;<em>\u00a1Todas las laptops 15% tienen descuento hasta la medianoche! \u00a1Funda gratis con cada tel\u00e9fono!<\/em>&nbsp;\u00a1Usando esta extensi\u00f3n, podr\u00e1s configurar las promociones m\u00e1s poderosas en minutos!<\/p>\n\n\n\n<p><strong>Aumentar la fidelizaci\u00f3n<\/strong><br>Crea estrategias de precios a largo plazo para fidelizar a tus mejores clientes. Recompensa a los clientes que alcancen objetivos espec\u00edficos (gasto, pedidos completados). Usa una tienda f\u00edsica para las ventas minoristas y mayoristas. Crea un club y ofrece descuentos en tienda. Establece descuentos para clientes individuales basados en acuerdos directos.<\/p>\n\n\n\n<h2 class=\"wp-block-heading\" id=\"item-description__woocommerce-dynamic-pricing\"><strong>Precios din\u00e1micos de WooCommerce<\/strong><\/h2>\n\n\n\n<p>Los Precios Din\u00e1micos ajustan los precios de los productos seg\u00fan un conjunto de reglas gestionadas desde una \u00fanica interfaz de usuario. Puedes seleccionar una variaci\u00f3n espec\u00edfica, una tienda completa o cualquier opci\u00f3n intermedia. Docenas de condiciones y opciones de prioridad garantizan que solo se apliquen las reglas correctas en cada momento.<\/p>\n\n\n\n<p><strong>\u2714 Ajuste sencillo<\/strong><br>Disminuye, aumenta o fija el precio a un precio fijo independientemente de la cantidad<\/p>\n\n\n\n<p><strong>\u2714 Precios<\/strong><br>El precio al por mayor disminuye con la cantidad: todas las unidades reciben el mayor descuento &quot;desbloqueado&quot;<\/p>\n\n\n\n<p><strong>\u2714 Precios jer\u00e1rquicos<\/strong><br>El precio disminuye con la cantidad: las unidades posteriores reciben un descuento cada vez mayor<\/p>\n\n\n\n<p><strong>\u2714 Grupos de productos<\/strong><br>Aplica un descuento cuando se compran productos en cantidades espec\u00edficas<\/p>\n\n\n\n<p><strong>\u2714 Compra X Obt\u00e9n<\/strong>&nbsp;Y Aplica un descuento a la cantidad Y<br>cuando se compra la cantidad X a precio completo<\/p>\n\n\n\n<p><strong>\u2714 Eliminar elementos<\/strong><br>Coincidencia Excluye los productos coincidentes de cualquier otra regla de precios<\/p>\n\n\n\n<h2 class=\"wp-block-heading\" id=\"item-description__woocommerce-cart-discounts\"><strong>Carrito de descuento de WooCommerce<\/strong><\/h2>\n\n\n\n<p>Los descuentos en el carrito funcionan como los cupones normales de WooCommerce, excepto que no hay cupones que aplicar. Esto garantiza que los clientes elegibles vean sus ahorros al instante sin necesidad de realizar ninguna acci\u00f3n, lo que podr\u00eda tener un impacto positivo en sus tasas de conversi\u00f3n.<\/p>\n\n\n\n<p>Configure descuentos en el carrito seg\u00fan el subtotal del carrito, los art\u00edculos del carrito, los detalles del cliente, la direcci\u00f3n de env\u00edo, las compras anteriores y otras condiciones, de maneras inimaginables usando cupones regulares.<\/p>\n\n\n\n<h2 class=\"wp-block-heading\" id=\"item-description__woocommerce-checkout-fees\"><strong>Tarifas de pago de WooCommerce<\/strong><\/h2>\n\n\n\n<p>Las comisiones de pago permiten cobrar un extra al cliente seg\u00fan los detalles de su pedido. \u00dasalas para cubrir los costes que tu negocio pueda incurrir al procesar pedidos espec\u00edficos, como los cargos por procesar pedidos internacionales o manipular productos perecederos.<\/p>\n\n\n\n<p>Esta caracter\u00edstica completa el paquete: en lugar de utilizar m\u00faltiples herramientas para gestionar una variedad de tareas, ahora puede utilizar una extensi\u00f3n todo en uno para todo lo que tenga que ver con cu\u00e1nto pagan sus clientes.<\/p>","protected":false},"excerpt":{"rendered":"<p>O WooCommerce Dynamic Pricing &amp; Discounts \u00e9 uma ferramenta de pre\u00e7os e promo\u00e7\u00e3o para todos os fins para varejistas on-line. Seu poder est\u00e1 em sua flexibilidade \u2013 muitos m\u00e9todos e condi\u00e7\u00f5es de pre\u00e7os podem ser combinados para se adequar a praticamente qualquer estrat\u00e9gia de pre\u00e7os. Esta extens\u00e3o ativamente mantida pode facilmente substituir v\u00e1rias ferramentas &#8211; [&hellip;]<\/p>","protected":false},"featured_media":1323,"comment_status":"closed","ping_status":"open","template":"","meta":{"_jf_limit_responses":"","iawp_total_views":30},"product_brand":[],"product_cat":[41],"product_tag":[19],"class_list":{"0":"post-1322","1":"product","2":"type-product","3":"status-publish","4":"has-post-thumbnail","6":"product_cat-plugins","7":"product_tag-vitalicio","9":"first","10":"instock","11":"downloadable","12":"virtual","13":"purchasable","14":"product-type-simple"},"_links":{"self":[{"href":"https:\/\/packdesites.com\/es\/wp-json\/wp\/v2\/product\/1322","targetHints":{"allow":["GET"]}}],"collection":[{"href":"https:\/\/packdesites.com\/es\/wp-json\/wp\/v2\/product"}],"about":[{"href":"https:\/\/packdesites.com\/es\/wp-json\/wp\/v2\/types\/product"}],"replies":[{"embeddable":true,"href":"https:\/\/packdesites.com\/es\/wp-json\/wp\/v2\/comments?post=1322"}],"version-history":[{"count":0,"href":"https:\/\/packdesites.com\/es\/wp-json\/wp\/v2\/product\/1322\/revisions"}],"wp:featuredmedia":[{"embeddable":true,"href":"https:\/\/packdesites.com\/es\/wp-json\/wp\/v2\/media\/1323"}],"wp:attachment":[{"href":"https:\/\/packdesites.com\/es\/wp-json\/wp\/v2\/media?parent=1322"}],"wp:term":[{"taxonomy":"product_brand","embeddable":true,"href":"https:\/\/packdesites.com\/es\/wp-json\/wp\/v2\/product_brand?post=1322"},{"taxonomy":"product_cat","embeddable":true,"href":"https:\/\/packdesites.com\/es\/wp-json\/wp\/v2\/product_cat?post=1322"},{"taxonomy":"product_tag","embeddable":true,"href":"https:\/\/packdesites.com\/es\/wp-json\/wp\/v2\/product_tag?post=1322"}],"curies":[{"name":"wp","href":"https:\/\/api.w.org\/{rel}","templated":true}]}}