{"id":1297,"date":"2024-04-01T03:41:30","date_gmt":"2024-04-01T03:41:30","guid":{"rendered":"https:\/\/packdesites.com\/produto\/wp-geoip-country-redirect\/"},"modified":"2025-04-03T00:43:52","modified_gmt":"2025-04-03T00:43:52","slug":"redireccion-de-pais-de-wp-geoip","status":"publish","type":"product","link":"https:\/\/packdesites.com\/es\/product\/redireccion-de-pais-de-wp-geoip\/","title":{"rendered":"Redirecci\u00f3n de pa\u00eds de WP GeoIP v4.3"},"content":{"rendered":"<p>El complemento GeoIP Country Redirect de WordPress le permite redirigir autom\u00e1ticamente a sus visitantes en funci\u00f3n de su pa\u00eds y un conjunto de reglas que puede definir en el panel de administraci\u00f3n de WordPress.<\/p>\n\n\n\n<p>El complemento detecta autom\u00e1ticamente el pa\u00eds de sus visitantes y puede realizar las siguientes acciones:<\/p>\n\n\n\n<p>\u2013 Redirigir a una p\u00e1gina espec\u00edfica de su elecci\u00f3n.<\/p>\n\n\n\n<p>\u2013 Agregue reglas de redirecci\u00f3n para una p\u00e1gina espec\u00edfica desde una lista desplegable de Todas las p\u00e1ginas, Publicaciones, Categor\u00edas y\/o P\u00e1gina de inicio<\/p>\n\n\n\n<p>&#8211;&nbsp;<strong>NUEVO:<\/strong>&nbsp;Cree una regla de redireccionamiento para todo el sitio, independientemente de la p\u00e1gina, publicaci\u00f3n o categor\u00eda.<\/p>\n\n\n\n<p>Redirecci\u00f3n masiva: Redirija el tr\u00e1fico no deseado a\u00f1adiendo una regla de redirecci\u00f3n masiva. Los pa\u00edses sin una regla de redirecci\u00f3n definida en el panel de administraci\u00f3n ser\u00e1n redirigidos a una ubicaci\u00f3n espec\u00edfica. Esta funci\u00f3n se puede activar o desactivar.<\/p>\n\n\n\n<p>\u2013 Panel de administraci\u00f3n de plugins dentro del \u00e1rea Wp-Admin.<\/p>\n\n\n\n<p>\u2013 Funci\u00f3n de registro para ver errores con la instalaci\u00f3n dentro del panel wp-admin y la actividad m\u00e1s reciente, como el \u00faltimo pa\u00eds redirigido a qu\u00e9 URL, etc.<\/p>\n\n\n\n<p>Experimenta como quieras y descubre su potencia. Si tienes un plugin de cach\u00e9, necesitar\u00e1s...&nbsp;<strong>deshabilitar cach\u00e9<\/strong>&nbsp;a la p\u00e1gina le aplicas una regla de redirecci\u00f3n para detectar correctamente el pa\u00eds.<\/p>","protected":false},"excerpt":{"rendered":"<p>WordPress GeoIP Country Redirect plugin permite que voc\u00ea redirecione automaticamente seus visitantes com base em seu pa\u00eds e um conjunto de regras que voc\u00ea pode definir no painel de administra\u00e7\u00e3o wordpress. O plugin detecta automaticamente o pa\u00eds de seus visitantes e pode tomar as seguintes a\u00e7\u00f5es: &#8211; Redirecionar para uma p\u00e1gina espec\u00edfica do seu desejo. [&hellip;]<\/p>","protected":false},"featured_media":1298,"comment_status":"closed","ping_status":"open","template":"","meta":{"_jf_limit_responses":"","iawp_total_views":12},"product_brand":[],"product_cat":[41],"product_tag":[19],"class_list":{"0":"post-1297","1":"product","2":"type-product","3":"status-publish","4":"has-post-thumbnail","6":"product_cat-plugins","7":"product_tag-vitalicio","9":"first","10":"instock","11":"downloadable","12":"virtual","13":"purchasable","14":"product-type-simple"},"_links":{"self":[{"href":"https:\/\/packdesites.com\/es\/wp-json\/wp\/v2\/product\/1297","targetHints":{"allow":["GET"]}}],"collection":[{"href":"https:\/\/packdesites.com\/es\/wp-json\/wp\/v2\/product"}],"about":[{"href":"https:\/\/packdesites.com\/es\/wp-json\/wp\/v2\/types\/product"}],"replies":[{"embeddable":true,"href":"https:\/\/packdesites.com\/es\/wp-json\/wp\/v2\/comments?post=1297"}],"version-history":[{"count":0,"href":"https:\/\/packdesites.com\/es\/wp-json\/wp\/v2\/product\/1297\/revisions"}],"wp:featuredmedia":[{"embeddable":true,"href":"https:\/\/packdesites.com\/es\/wp-json\/wp\/v2\/media\/1298"}],"wp:attachment":[{"href":"https:\/\/packdesites.com\/es\/wp-json\/wp\/v2\/media?parent=1297"}],"wp:term":[{"taxonomy":"product_brand","embeddable":true,"href":"https:\/\/packdesites.com\/es\/wp-json\/wp\/v2\/product_brand?post=1297"},{"taxonomy":"product_cat","embeddable":true,"href":"https:\/\/packdesites.com\/es\/wp-json\/wp\/v2\/product_cat?post=1297"},{"taxonomy":"product_tag","embeddable":true,"href":"https:\/\/packdesites.com\/es\/wp-json\/wp\/v2\/product_tag?post=1297"}],"curies":[{"name":"wp","href":"https:\/\/api.w.org\/{rel}","templated":true}]}}