{"id":1284,"date":"2024-03-07T14:44:49","date_gmt":"2024-03-07T14:44:49","guid":{"rendered":"https:\/\/packdesites.com\/produto\/dokan-pro\/"},"modified":"2025-06-02T00:38:08","modified_gmt":"2025-06-02T03:38:08","slug":"dokan-pro","status":"publish","type":"product","link":"https:\/\/packdesites.com\/es\/product\/dokan-pro\/","title":{"rendered":"Dokan Pro actualizado v4.0.2 Business"},"content":{"rendered":"<h2 class=\"wp-block-heading\">Descripci\u00f3n general<\/h2>\r\n\r\n\r\n\r\n<p>Algunas razones por las que Dokan es la mejor opci\u00f3n para ti.<\/p>\r\n\r\n\r\n\r\n<figure class=\"wp-block-image\"><img decoding=\"async\" src=\"https:\/\/packdesites.com\/wp-content\/uploads\/2025\/04\/payment-gateways.png\" alt=\"pasarelas de pago\" title=\"\"><\/figure>\r\n\r\n\r\n\r\n<h3 class=\"wp-block-heading\">Cientos de pasarelas de pago<\/h3>\r\n\r\n\r\n\r\n<p>Independientemente del tipo de red de pago que prefieran sus clientes, puede estar seguro de que su mercado en l\u00ednea lo admitir\u00e1. Incluso apoyamos a Moip.<\/p>\r\n\r\n\r\n\r\n<p><a href=\"https:\/\/wedevs.com\/dokan\/features\/\" target=\"_blank\" rel=\"noopener\">Ver todas las funciones<\/a><\/p>\r\n\r\n\r\n\r\n<figure class=\"wp-block-image\"><img decoding=\"async\" src=\"https:\/\/packdesites.com\/wp-content\/uploads\/2025\/04\/based-on-woocommerce.png\" alt=\"Basado en WooCommerce, impulsado por WordPress\" title=\"\"><\/figure>\r\n\r\n\r\n\r\n<h3 class=\"wp-block-heading\">Basado en WooCommerce, impulsado por WordPress<\/h3>\r\n\r\n\r\n\r\n<p>WordPress garantiza que Dokan sea extremadamente intuitivo de usar, incluso para usuarios primerizos.<\/p>\r\n\r\n\r\n\r\n<figure class=\"wp-block-image\"><img decoding=\"async\" src=\"https:\/\/packdesites.com\/wp-content\/uploads\/2025\/04\/multilingual-ready.png\" alt=\"Listo para varios idiomas\" title=\"\"><\/figure>\r\n\r\n\r\n\r\n<h3 class=\"wp-block-heading\">Listo para varios idiomas<\/h3>\r\n\r\n\r\n\r\n<p>Con la expansi\u00f3n del comercio electr\u00f3nico en todo el mundo, la necesidad de multiling\u00fcismo ha aumentado. Dokan ayuda con esto al hacer que su sitio web sea multiling\u00fce.<\/p>\r\n\r\n\r\n\r\n<p>&nbsp;<\/p>","protected":false},"excerpt":{"rendered":"<p>Vis\u00e3o geral Algumas raz\u00f5es pelas quais Dokan \u00e9 a melhor escolha para voc\u00ea. Centenas de gateways de pagamento N\u00e3o importa que tipo de rede de pagamento seus clientes prefiram, voc\u00ea pode ter certeza de que seu mercado on-line ir\u00e1 suport\u00e1-lo. N\u00f3s at\u00e9 apoiamos Moip. Ver todos os recursos Baseado no WooCommerce, Powered by WordPress O [&hellip;]<\/p>","protected":false},"featured_media":1288,"comment_status":"closed","ping_status":"closed","template":"","meta":{"_jf_limit_responses":"","iawp_total_views":92},"product_brand":[],"product_cat":[41],"product_tag":[19],"class_list":{"0":"post-1284","1":"product","2":"type-product","3":"status-publish","4":"has-post-thumbnail","6":"product_cat-plugins","7":"product_tag-vitalicio","9":"first","10":"instock","11":"downloadable","12":"virtual","13":"purchasable","14":"product-type-simple"},"_links":{"self":[{"href":"https:\/\/packdesites.com\/es\/wp-json\/wp\/v2\/product\/1284","targetHints":{"allow":["GET"]}}],"collection":[{"href":"https:\/\/packdesites.com\/es\/wp-json\/wp\/v2\/product"}],"about":[{"href":"https:\/\/packdesites.com\/es\/wp-json\/wp\/v2\/types\/product"}],"replies":[{"embeddable":true,"href":"https:\/\/packdesites.com\/es\/wp-json\/wp\/v2\/comments?post=1284"}],"version-history":[{"count":1,"href":"https:\/\/packdesites.com\/es\/wp-json\/wp\/v2\/product\/1284\/revisions"}],"predecessor-version":[{"id":22286,"href":"https:\/\/packdesites.com\/es\/wp-json\/wp\/v2\/product\/1284\/revisions\/22286"}],"wp:featuredmedia":[{"embeddable":true,"href":"https:\/\/packdesites.com\/es\/wp-json\/wp\/v2\/media\/1288"}],"wp:attachment":[{"href":"https:\/\/packdesites.com\/es\/wp-json\/wp\/v2\/media?parent=1284"}],"wp:term":[{"taxonomy":"product_brand","embeddable":true,"href":"https:\/\/packdesites.com\/es\/wp-json\/wp\/v2\/product_brand?post=1284"},{"taxonomy":"product_cat","embeddable":true,"href":"https:\/\/packdesites.com\/es\/wp-json\/wp\/v2\/product_cat?post=1284"},{"taxonomy":"product_tag","embeddable":true,"href":"https:\/\/packdesites.com\/es\/wp-json\/wp\/v2\/product_tag?post=1284"}],"curies":[{"name":"wp","href":"https:\/\/api.w.org\/{rel}","templated":true}]}}