{"id":1282,"date":"2024-05-20T22:53:49","date_gmt":"2024-05-20T22:53:49","guid":{"rendered":"https:\/\/packdesites.com\/produto\/learndash-lms-atualizado\/"},"modified":"2025-09-05T10:36:57","modified_gmt":"2025-09-05T13:36:57","slug":"actualizacion-de-learndash-lms","status":"publish","type":"product","link":"https:\/\/packdesites.com\/es\/product\/actualizacion-de-learndash-lms\/","title":{"rendered":"LearnDash LMS v4.25.1 + Complementos: Creador de cursos y plataforma de cursos en l\u00ednea"},"content":{"rendered":"<h2 class=\"wp-block-heading\">No se limite a vender cursos, venda m\u00e1s cursos.<\/h2>\n\n\n\n<p>Con LearnDash tienes&nbsp;<strong>control total<\/strong>&nbsp;Al vender tus cursos en l\u00ednea, elige tu modelo de precios, ofertas de venta adicional, notificaciones de recordatorio y \u00a1ve c\u00f3mo tus ventas se disparan!<\/p>\n\n\n\n<h3 class=\"wp-block-heading\">Utilice cualquier modelo de precios<\/h3>\n\n\n\n<p>Ventas \u00fanicas, suscripciones, membres\u00edas, paquetes y m\u00e1s.<\/p>\n\n\n\n<h3 class=\"wp-block-heading\">Cualquier pasarela de pago<\/h3>\n\n\n\n<p>PayPal, Stripe, 2Checkout y m\u00e1s de 300 con WooCommerce.<\/p>\n\n\n\n<h3 class=\"wp-block-heading\">Recordatorios de renovaci\u00f3n<\/h3>\n\n\n\n<p>Notificaciones de renovaci\u00f3n autom\u00e1tica. \u00bfNo renuevas? Selecciona eliminar el acceso.<\/p>\n\n\n\n<h3 class=\"wp-block-heading\">Protecci\u00f3n de reembolso<\/h3>\n\n\n\n<p>Contenido programado para reducir sus tasas de reembolso y aumentar los ingresos.<\/p>\n\n\n\n<p class=\"has-vivid-red-color has-text-color has-link-color wp-elements-873d17dd3dba4311ac0741d867ae7808\">Una vez descargado, extrae el archivo zip. Dentro encontrar\u00e1s el plugin y los complementos.<\/p>","protected":false},"excerpt":{"rendered":"<p>N\u00e3o venda apenas cursos, venda mais cursos. Com o LearnDash voc\u00ea tem&nbsp;controle total&nbsp;ao vender seus cursos on-line. Escolha o modelo de pre\u00e7os, ofertas de up-selling, notifica\u00e7\u00f5es de lembrete e veja suas vendas subirem! Usar qualquer modelo de pre\u00e7o Vendas \u00fanicas, assinaturas, associa\u00e7\u00f5es, pacotes e muito mais. Qualquer gateway de pagamento PayPal, Stripe, 2Checkout e mais [&hellip;]<\/p>","protected":false},"featured_media":1283,"comment_status":"closed","ping_status":"open","template":"","meta":{"_jf_limit_responses":"","iawp_total_views":53},"product_brand":[],"product_cat":[41],"product_tag":[19],"class_list":{"0":"post-1282","1":"product","2":"type-product","3":"status-publish","4":"has-post-thumbnail","6":"product_cat-plugins","7":"product_tag-vitalicio","9":"first","10":"instock","11":"downloadable","12":"virtual","13":"purchasable","14":"product-type-simple"},"_links":{"self":[{"href":"https:\/\/packdesites.com\/es\/wp-json\/wp\/v2\/product\/1282","targetHints":{"allow":["GET"]}}],"collection":[{"href":"https:\/\/packdesites.com\/es\/wp-json\/wp\/v2\/product"}],"about":[{"href":"https:\/\/packdesites.com\/es\/wp-json\/wp\/v2\/types\/product"}],"replies":[{"embeddable":true,"href":"https:\/\/packdesites.com\/es\/wp-json\/wp\/v2\/comments?post=1282"}],"version-history":[{"count":2,"href":"https:\/\/packdesites.com\/es\/wp-json\/wp\/v2\/product\/1282\/revisions"}],"predecessor-version":[{"id":23653,"href":"https:\/\/packdesites.com\/es\/wp-json\/wp\/v2\/product\/1282\/revisions\/23653"}],"wp:featuredmedia":[{"embeddable":true,"href":"https:\/\/packdesites.com\/es\/wp-json\/wp\/v2\/media\/1283"}],"wp:attachment":[{"href":"https:\/\/packdesites.com\/es\/wp-json\/wp\/v2\/media?parent=1282"}],"wp:term":[{"taxonomy":"product_brand","embeddable":true,"href":"https:\/\/packdesites.com\/es\/wp-json\/wp\/v2\/product_brand?post=1282"},{"taxonomy":"product_cat","embeddable":true,"href":"https:\/\/packdesites.com\/es\/wp-json\/wp\/v2\/product_cat?post=1282"},{"taxonomy":"product_tag","embeddable":true,"href":"https:\/\/packdesites.com\/es\/wp-json\/wp\/v2\/product_tag?post=1282"}],"curies":[{"name":"wp","href":"https:\/\/api.w.org\/{rel}","templated":true}]}}