{"id":1280,"date":"2024-02-15T00:45:51","date_gmt":"2024-02-15T00:45:51","guid":{"rendered":"https:\/\/packdesites.com\/produto\/essential-addons-pro-atualizado\/"},"modified":"2026-04-13T14:40:30","modified_gmt":"2026-04-13T17:40:30","slug":"complementos-esenciales-pro-actualizados","status":"publish","type":"product","link":"https:\/\/packdesites.com\/es\/product\/complementos-esenciales-pro-actualizados\/","title":{"rendered":"Complementos esenciales Pro v6.7.12"},"content":{"rendered":"<p>Puntos clave del art\u00edculo sobre la biblioteca de elementos m\u00e1s popular para Elementor:<\/p>\n\n\n\n<ol class=\"wp-block-list\">\n<li><strong>\u00danete a una gran comunidad<\/strong>M\u00e1s de 2 millones de usuarios est\u00e1n satisfechos con la experiencia que ofrece la biblioteca de elementos.<\/li>\n\n\n\n<li><strong>Calificaci\u00f3n de cinco estrellas<\/strong>:Los elementos est\u00e1n valorados muy positivamente por los usuarios.<\/li>\n\n\n\n<li><strong>Mejora tu experiencia de creaci\u00f3n de p\u00e1ginas<\/strong>:Agregue potencia a sus dise\u00f1os con elementos creativos y f\u00e1ciles de usar.<\/li>\n\n\n\n<li><strong>Personalizaci\u00f3n completa<\/strong>:Cada elemento ofrece una amplia gama de opciones de personalizaci\u00f3n, permiti\u00e9ndote lograr cualquier dise\u00f1o que puedas imaginar.<\/li>\n\n\n\n<li><strong>Precios flexibles para todos<\/strong>Hay diferentes paquetes disponibles para satisfacer las necesidades de diferentes usuarios, con opciones de duraci\u00f3n determinada o espec\u00edficas por tiempo.<\/li>\n\n\n\n<li><strong>Diferentes paquetes disponibles<\/strong>Los paquetes var\u00edan en t\u00e9rminos de cantidad de widgets, extensiones, soporte y descuentos de renovaci\u00f3n.<\/li>\n\n\n\n<li><strong>Opciones de paquetes para todo tipo de usuarios<\/strong>Desde paquetes para un solo sitio hasta paquetes de agencias ilimitadas, hay opciones para cada caso de uso.<\/li>\n<\/ol>","protected":false},"excerpt":{"rendered":"<p>Puntos clave del art\u00edculo sobre la biblioteca de elementos m\u00e1s popular para Elementor:<\/p>","protected":false},"featured_media":1281,"comment_status":"closed","ping_status":"open","template":"","meta":{"_jf_limit_responses":"","iawp_total_views":211},"product_brand":[],"product_cat":[41],"product_tag":[19],"class_list":{"0":"post-1280","1":"product","2":"type-product","3":"status-publish","4":"has-post-thumbnail","6":"product_cat-plugins","7":"product_tag-vitalicio","9":"first","10":"instock","11":"downloadable","12":"virtual","13":"purchasable","14":"product-type-simple"},"_links":{"self":[{"href":"https:\/\/packdesites.com\/es\/wp-json\/wp\/v2\/product\/1280","targetHints":{"allow":["GET"]}}],"collection":[{"href":"https:\/\/packdesites.com\/es\/wp-json\/wp\/v2\/product"}],"about":[{"href":"https:\/\/packdesites.com\/es\/wp-json\/wp\/v2\/types\/product"}],"replies":[{"embeddable":true,"href":"https:\/\/packdesites.com\/es\/wp-json\/wp\/v2\/comments?post=1280"}],"version-history":[{"count":4,"href":"https:\/\/packdesites.com\/es\/wp-json\/wp\/v2\/product\/1280\/revisions"}],"predecessor-version":[{"id":24833,"href":"https:\/\/packdesites.com\/es\/wp-json\/wp\/v2\/product\/1280\/revisions\/24833"}],"wp:featuredmedia":[{"embeddable":true,"href":"https:\/\/packdesites.com\/es\/wp-json\/wp\/v2\/media\/1281"}],"wp:attachment":[{"href":"https:\/\/packdesites.com\/es\/wp-json\/wp\/v2\/media?parent=1280"}],"wp:term":[{"taxonomy":"product_brand","embeddable":true,"href":"https:\/\/packdesites.com\/es\/wp-json\/wp\/v2\/product_brand?post=1280"},{"taxonomy":"product_cat","embeddable":true,"href":"https:\/\/packdesites.com\/es\/wp-json\/wp\/v2\/product_cat?post=1280"},{"taxonomy":"product_tag","embeddable":true,"href":"https:\/\/packdesites.com\/es\/wp-json\/wp\/v2\/product_tag?post=1280"}],"curies":[{"name":"wp","href":"https:\/\/api.w.org\/{rel}","templated":true}]}}