{"id":127,"date":"2024-05-30T20:55:57","date_gmt":"2024-05-30T20:55:57","guid":{"rendered":"https:\/\/packdesites.com\/produto\/listeo-atualizado-diretorios-guia-comercial-e-diversos-com-agendamentos\/"},"modified":"2025-11-18T22:44:32","modified_gmt":"2025-11-19T01:44:32","slug":"listado-actualizado-de-directorios-guia-comercial-y-otra-informacion-con-citas","status":"publish","type":"product","link":"https:\/\/packdesites.com\/es\/product\/listado-actualizado-de-directorios-guia-comercial-y-otra-informacion-con-citas\/","title":{"rendered":"Listeo v2.0.9 Directorios, Directorio Comercial y Miscel\u00e1neos con Citas"},"content":{"rendered":"<figure class=\"wp-block-image\"><a href=\"https:\/\/purethemes.net\/listeo\/\" target=\"_blank\" rel=\"noopener\"><img decoding=\"async\" src=\"https:\/\/packdesites.com\/wp-content\/uploads\/2025\/04\/68747470733a2f2f692e696d6775722e636f6d2f46736e477143632e706e67.png\" alt=\"\" title=\"\"><\/a><\/figure>\n\n\n\n\n\n<figure class=\"wp-block-image\"><a href=\"https:\/\/purethemes.net\/listeo\/#multi-vendor\" target=\"_blank\" rel=\"noopener\"><img decoding=\"async\" src=\"https:\/\/packdesites.com\/wp-content\/uploads\/2025\/04\/68747470733a2f2f692e696d6775722e636f6d2f3553393576507a2e706e67.png\" alt=\"\" title=\"\"><\/a><\/figure>\n\n\n\n<figure class=\"wp-block-image\"><a href=\"https:\/\/purethemes.net\/listeo\/#built-in-booking\" target=\"_blank\" rel=\"noopener\"><img decoding=\"async\" src=\"https:\/\/packdesites.com\/wp-content\/uploads\/2025\/04\/68747470733a2f2f692e696d6775722e636f6d2f685842784f48772e706e67.png\" alt=\"\" title=\"\"><\/a><\/figure>\n\n\n\n<figure class=\"wp-block-image\"><a href=\"https:\/\/listeo.pro\/listing\/iphone-12-pro-mint-condition\/\" target=\"_blank\" rel=\"noopener\"><img decoding=\"async\" src=\"https:\/\/packdesites.com\/wp-content\/uploads\/2025\/04\/68747470733a2f2f692e696d6775722e636f6d2f624353666356422e706e67.png\" alt=\"Listeo - Directorio y listados con reserva - Tema de WordPress - 4\" title=\"\"><\/a><\/figure>\n\n\n\n<figure class=\"wp-block-image\"><a href=\"https:\/\/listeo.pro\/statistics\/\" target=\"_blank\" rel=\"noopener\"><img decoding=\"async\" src=\"https:\/\/packdesites.com\/wp-content\/uploads\/2025\/04\/68747470733a2f2f692e696d6775722e636f6d2f397044426c62592e706e67.png\" alt=\"Listeo - Directorio y listados con reserva - Tema de WordPress - 5\" title=\"\"><\/a><\/figure>\n\n\n\n<figure class=\"wp-block-image\"><a href=\"https:\/\/listeo.pro\/calendar-view\/\" target=\"_blank\" rel=\"noopener\"><img decoding=\"async\" src=\"https:\/\/packdesites.com\/wp-content\/uploads\/2025\/04\/68747470733a2f2f692e696d6775722e636f6d2f6b424b4c5248452e706e67.png\" alt=\"Listeo - Directorio y listados con reserva - Tema de WordPress - 6\" title=\"\"><\/a><\/figure>\n\n\n\n<figure class=\"wp-block-image\"><a href=\"https:\/\/purethemes.net\/listeo\/#monetize-your-website\" target=\"_blank\" rel=\"noopener\"><img decoding=\"async\" src=\"https:\/\/packdesites.com\/wp-content\/uploads\/2025\/04\/687474703a2f2f76617374657261642e636f6d2f6c697374656f5f77705f646573635f706963732f4d6f6e6574697a6520596f75722057656273697465344032782e706e67.png\" alt=\"\" title=\"\"><\/a><\/figure>\n\n\n\n<figure class=\"wp-block-image\"><a href=\"https:\/\/purethemes.net\/listeo\/#monetize-your-website\" target=\"_blank\" rel=\"noopener\"><img decoding=\"async\" src=\"https:\/\/packdesites.com\/wp-content\/uploads\/2025\/04\/68747470733a2f2f692e696d6775722e636f6d2f44456e536f73422e706e67.png\" alt=\"Listeo - Directorio y listados con reserva - Tema de WordPress - 7\" title=\"\"><\/a><\/figure>\n\n\n\n<figure class=\"wp-block-image\"><a href=\"https:\/\/listeo.pro\/half-list\/\" target=\"_blank\" rel=\"noopener\"><img decoding=\"async\" src=\"https:\/\/packdesites.com\/wp-content\/uploads\/2025\/04\/687474703a2f2f76617374657261642e636f6d2f6c697374656f5f77705f646573635f706963732f566172696f7573204d61702050726f7669646572734032782e706e67.png\" alt=\"\" title=\"\"><\/a><\/figure>\n\n\n\n<figure class=\"wp-block-image\"><a href=\"https:\/\/youtu.be\/2ef4qSUYIgU\" target=\"_blank\" rel=\"noopener\"><img decoding=\"async\" src=\"https:\/\/packdesites.com\/wp-content\/uploads\/2025\/04\/687474703a2f2f76617374657261642e636f6d2f6c697374656f5f77705f646573635f706963732f557365722044617368626f6172644032782e706e67.png\" alt=\"\" title=\"\"><\/a><\/figure>\n\n\n\n<figure class=\"wp-block-image\"><a href=\"https:\/\/youtu.be\/2ef4qSUYIgU\" target=\"_blank\" rel=\"noopener\"><img decoding=\"async\" src=\"https:\/\/packdesites.com\/wp-content\/uploads\/2025\/04\/687474703a2f2f76617374657261642e636f6d2f6c697374656f5f77705f646573635f706963732f44617368626f617264204f766572766965772042746e4032782e706e67.png\" alt=\"\" title=\"\"><\/a><\/figure>\n\n\n\n<figure class=\"wp-block-image\"><a href=\"https:\/\/listeo.pro\/messages\/\" target=\"_blank\" rel=\"noopener\"><img decoding=\"async\" src=\"https:\/\/packdesites.com\/wp-content\/uploads\/2025\/04\/687474703a2f2f76617374657261642e636f6d2f6c697374656f5f77705f646573635f706963732f50726976617465204d657373616765734032782e706e67.png\" alt=\"\" title=\"\"><\/a><\/figure>\n\n\n\n<figure class=\"wp-block-image\"><a href=\"https:\/\/listeo.pro\/listing\/toms-restaurant\/#listing-google-reviews\" target=\"_blank\" rel=\"noopener\"><img decoding=\"async\" src=\"https:\/\/packdesites.com\/wp-content\/uploads\/2025\/04\/68747470733a2f2f692e696d6775722e636f6d2f4758334b7143662e706e67.png\" alt=\"Listeo - Directorio y listados con reserva - Tema de WordPress - 8\" title=\"\"><\/a><\/figure>\n\n\n\n<figure class=\"wp-block-image\"><a href=\"https:\/\/listeo.pro\/listing\/sunny-apartment\/#listing-reviews\" target=\"_blank\" rel=\"noopener\"><img decoding=\"async\" src=\"https:\/\/packdesites.com\/wp-content\/uploads\/2025\/04\/68747470733a2f2f692e696d6775722e636f6d2f664370487549672e706e67.png\" alt=\"\" title=\"\"><\/a><\/figure>\n\n\n\n<figure class=\"wp-block-image\"><a href=\"http:\/\/www.docs.purethemes.net\/listeo\/knowledge-base\/automatic-email-notifications\/\" target=\"_blank\" rel=\"noopener\"><img decoding=\"async\" src=\"https:\/\/packdesites.com\/wp-content\/uploads\/2025\/04\/687474703a2f2f76617374657261642e636f6d2f6c697374656f5f77705f646573635f706963732f4175746f6d61746963204e6f74696669636174696f6e734032782e706e67.png\" alt=\"\" title=\"\"><\/a><\/figure>\n\n\n\n<figure class=\"wp-block-image\"><a href=\"http:\/\/www.docs.purethemes.net\/listeo\/knowledge-base\/search-forms-editor\/\" target=\"_blank\" rel=\"noopener\"><img decoding=\"async\" src=\"https:\/\/packdesites.com\/wp-content\/uploads\/2025\/04\/687474703a2f2f76617374657261642e636f6d2f6c697374656f5f77705f646573635f706963732f53656172636820466f726d7320456469746f724032782e706e67.png\" alt=\"\" title=\"\"><\/a><\/figure>\n\n\n\n<figure class=\"wp-block-image\"><a href=\"https:\/\/codecanyon.net\/item\/fluxstore-listing-directory-woocommerce-app-by-flutter\/25113066\" target=\"_blank\" rel=\"noopener\"><img decoding=\"async\" src=\"https:\/\/packdesites.com\/wp-content\/uploads\/2025\/04\/687474703a2f2f76617374657261642e636f6d2f6c697374656f5f77705f646573635f706963732f6d6f62696c655f6170702e706e67.png\" alt=\"\" title=\"\"><\/a><\/figure>\n\n\n\n<figure class=\"wp-block-image\"><a href=\"http:\/\/www.docs.purethemes.net\/listeo\/knowledge-base\/ical-synchronization\/\" target=\"_blank\" rel=\"noopener\"><img decoding=\"async\" src=\"https:\/\/packdesites.com\/wp-content\/uploads\/2025\/04\/687474703a2f2f76617374657261642e636f6d2f6c697374656f5f77705f646573635f706963732f6963616c2e706e67-1.png\" alt=\"\" title=\"\"><\/a><\/figure>\n\n\n\n<figure class=\"wp-block-image\"><a href=\"https:\/\/listeo.pro\/listing\/joes-photography\/\" target=\"_blank\" rel=\"noopener\"><img decoding=\"async\" src=\"https:\/\/packdesites.com\/wp-content\/uploads\/2025\/04\/687474703a2f2f7777772e76617374657261642e636f6d2f6c697374656f5f77705f646573635f706963732f4d65737361676525323056656e646f72334032782e706e67.png\" alt=\"Listeo - Directorio y listados con reserva - Tema de WordPress - 9\" title=\"\"><\/a><\/figure>\n\n\n\n<figure class=\"wp-block-image\"><img decoding=\"async\" src=\"https:\/\/packdesites.com\/wp-content\/uploads\/2025\/04\/687474703a2f2f76617374657261642e636f6d2f6c697374656f5f77705f646573635f706963732f4461726b204d6f64654032782e706e67.png\" alt=\"\" title=\"\"><\/figure>\n\n\n\n<figure class=\"wp-block-image\"><a href=\"http:\/\/www.docs.purethemes.net\/listeo\/knowledge-base\/setup-wizard\/\" target=\"_blank\" rel=\"noopener\"><img decoding=\"async\" src=\"https:\/\/packdesites.com\/wp-content\/uploads\/2025\/04\/687474703a2f2f76617374657261642e636f6d2f6c697374656f5f77705f646573635f706963732f4f6e6520436c69636b2044656d6f20496e7374616c6c4032782e706e67.png\" alt=\"\" title=\"\"><\/a><\/figure>\n\n\n\n<figure class=\"wp-block-image\"><img decoding=\"async\" src=\"https:\/\/packdesites.com\/wp-content\/uploads\/2025\/04\/68747470733a2f2f692e696d6775722e636f6d2f3567464a6761762e706e67-1.png\" alt=\"\" title=\"\"><\/figure>\n\n\n\n<figure class=\"wp-block-image\"><a href=\"https:\/\/purethemes.net\/listeo_background_mockup.psd\" target=\"_blank\" rel=\"noopener\"><img decoding=\"async\" src=\"https:\/\/packdesites.com\/wp-content\/uploads\/2025\/04\/687474703a2f2f7777772e76617374657261642e636f6d2f6c697374656f5f77705f646573635f706963732f6c697374656f5f6d6f636b75702e706e67-1.png\" alt=\"Listeo - Directorio y listados con reserva - Tema de WordPress - 10\" title=\"\"><\/a><\/figure>\n\n\n\n<h3 id=\"item-description__user-dashboard\" class=\"wp-block-heading\">Panel de usuario<\/h3>\n\n\n\n<p>Listeo tiene un panel de control f\u00e1cil de usar donde se pueden administrar f\u00e1cilmente listados, reservas, paquetes, detalles de perfil y mensajes privados.<\/p>\n\n\n\n<h3 id=\"item-description__-multi-vendor-marketplace-with-dokan\" class=\"wp-block-heading\">Mercado de m\u00faltiples proveedores con Dokan<\/h3>\n\n\n\n<h3 id=\"item-description__advanced-booking-system\" class=\"wp-block-heading\"><a href=\"http:\/\/www.docs.purethemes.net\/listeo\/knowledge-base\/how-booking-works-in-listeo\/\" target=\"_blank\" rel=\"noopener\">Sistema de reservas avanzado<\/a><\/h3>\n\n\n\n<ul class=\"wp-block-list\">\n<li><strong>Para contratar<\/strong> Los usuarios pueden elegir las fechas de entrada y salida, el n\u00famero de hu\u00e9spedes y enviar una solicitud al anfitri\u00f3n para realizar una reserva. Una vez que el anfitri\u00f3n acepte la solicitud, al usuario se le podr\u00e1 cobrar el importe total en el momento de la reserva. El anfitri\u00f3n puede administrar la disponibilidad del calendario y establecer diferentes precios para d\u00edas espec\u00edficos.<\/li>\n\n\n\n<li><strong>Servicios<\/strong> A trav\u00e9s de Listeo, los usuarios pueden reservar espacios en, por ejemplo, restaurantes, lavaderos de coches, barber\u00edas, etc. Pueden elegir fecha y hora o una hora espec\u00edfica si los horarios no est\u00e1n establecidos por el anfitri\u00f3n. Tambi\u00e9n se les podr\u00e1 cobrar por la reserva.<\/li>\n\n\n\n<li><strong>Eventos<\/strong> Sistema de venta de entradas online para cualquier tipo de recinto o evento. Los usuarios pueden agregar listados de eventos a su sitio web y tambi\u00e9n vender entradas para esos eventos.<\/li>\n<\/ul>\n\n\n\n<h3 id=\"item-description__monetize-your-website\" class=\"wp-block-heading\">Monetiza tu sitio web<\/h3>\n\n\n\n<p>Ganar dinero con tu sitio web ya no es un mito y est\u00e1 al alcance de todos. Con Listeo\u00a0<strong>Puede cobrar a sus clientes por cada env\u00edo de listado, por cada paquete de ofertas o por cada suscripci\u00f3n mensual.<\/strong>\u00a0\u2013 La elecci\u00f3n es tuya.<\/p>\n\n\n\n<p><strong>\u00a1Y eso no es todo!<\/strong>\u00a0\u00a1Puedes cobrar tarifas por cada servicio de reserva!<\/p>\n\n\n\n<p><strong>Por ejemplo:<\/strong><br \/>Si el propietario de un anuncio con un servicio de reserva de apartamentos establece un precio fijo de $$50 por cada d\u00eda, y usted establece una tarifa de $10% por el servicio de reserva, recibir\u00e1 $$5 y pagar\u00e1 el resto ($$45) al proveedor. Los proveedores obtendr\u00e1n una p\u00e1gina adicional de \u201cBilletera\u201d en el panel de control donde podr\u00e1n consultar el resumen de ganancias de sus reservas, el historial de pagos y configurar su m\u00e9todo de pago.<\/p>\n\n\n\n<h3 id=\"item-description__various-map-providers\" class=\"wp-block-heading\">M\u00faltiples proveedores de mapas<\/h3>\n\n\n\n<p>\u00bfLos precios de la API de Google Maps te deprimen?\u00a0<strong>Puedes utilizar alternativas como OpenStreetMap, MapBox, Bing Maps, Thunderforest o HERE maps.<\/strong><\/p>\n\n\n\n<p>Adem\u00e1s, Listeo tambi\u00e9n ofrece una funci\u00f3n de autocompletar ubicaci\u00f3n impulsada por OpenStreetMap, lo que significa que ni siquiera necesitas usar la API de Google para eso. \u00a1Es exclusivo de Listeo, no se encuentra en otros temas! Nos encargamos de desarrollarlo con las mejores pr\u00e1cticas de UX\/UI y funciona tan bien como el autocompletado de Google.<\/p>\n\n\n\n<h3 id=\"item-description__dark-mode\" class=\"wp-block-heading\">Modo oscuro<\/h3>\n\n\n\n<p>Listeo presenta el sorprendente modo oscuro para los amantes de los temas oscuros. Una excelente experiencia de usuario, especialmente en entornos con poca luz.<\/p>\n\n\n\n<h3 id=\"item-description__private-messages\" class=\"wp-block-heading\">Mensajes privados<\/h3>\n\n\n\n<p>Listeo viene con un sistema de mensajer\u00eda privada inteligente donde los usuarios y propietarios de listados pueden contactarse entre s\u00ed.<\/p>\n\n\n\n<h3 id=\"item-description__multi-criteria-reviews\" class=\"wp-block-heading\">Revisiones multicriterio<\/h3>\n\n\n\n<p>Las calificaciones de m\u00faltiples criterios permiten a los usuarios expresar opiniones m\u00e1s matizadas. Los criterios son f\u00e1cilmente configurables y puedes crear tantos como quieras.<\/p>\n\n\n\n<h3 id=\"item-description__google-reviews\" class=\"wp-block-heading\">Rese\u00f1as de Google<\/h3>\n\n\n\n<p>\u00a1Agregue prueba social y autenticidad! Listeo le permite incorporar rese\u00f1as de Google en sus p\u00e1ginas de anuncios sin obligar a los usuarios a utilizar la API de Google Business.<\/p>\n\n\n\n<h3 id=\"item-description__automatic-notifications\" class=\"wp-block-heading\">Notificaciones autom\u00e1ticas<\/h3>\n\n\n\n<p>Puede configurar notificaciones autom\u00e1ticas por correo electr\u00f3nico sobre reservas, pagos, vencimiento de anuncios y m\u00e1s. \u00a1El contenido del mensaje se puede cambiar f\u00e1cilmente en las opciones!<\/p>\n\n\n\n<h3 id=\"item-description__one-click-demo-install\" class=\"wp-block-heading\">Instalaci\u00f3n de demostraci\u00f3n con un solo clic<\/h3>\n\n\n\n<p>Instalar contenido de demostraci\u00f3n nunca ha sido tan f\u00e1cil. \u00a1Puedes instalar Listeo en s\u00f3lo unos pocos clics!<\/p>\n\n\n\n<h3 id=\"item-description__ical-sync\" class=\"wp-block-heading\">Sincronizaci\u00f3n de iCal<\/h3>\n\n\n\n<p>Listeo tiene una herramienta que te permite sincronizar tus reservas y disponibilidad en diferentes plataformas.<\/p>\n\n\n\n<p>Este\u00a0<strong>Esto significa que si alguien reserva una habitaci\u00f3n a trav\u00e9s de Listeo, su disponibilidad se cambiar\u00e1 en el calendario de Booking.com o Airbnb.<\/strong>, evitando overbookings y manteni\u00e9ndote organizado.<\/p>\n\n\n\n<h3 id=\"item-description__other-unique-features\" class=\"wp-block-heading\">Otras caracter\u00edsticas \u00fanicas<\/h3>\n\n\n\n<ul class=\"wp-block-list\">\n<li>Roles de usuario invitado y propietario<\/li>\n\n\n\n<li>Google reCAPTCHA<\/li>\n\n\n\n<li>Resultados de b\u00fasqueda con tecnolog\u00eda AJAX<\/li>\n\n\n\n<li>Comentarios de listados inteligentes<\/li>\n\n\n\n<li>Mensajes privados<\/li>\n\n\n\n<li>Control deslizante Revolution<\/li>\n\n\n\n<li>Constructor de p\u00e1ginas Elementor<\/li>\n\n\n\n<li>Integraci\u00f3n del Formulario de contacto 7<\/li>\n\n\n\n<li>Estilos de listados m\u00faltiples<\/li>\n<\/ul>\n\n\n\n<p><strong>Las fotos del sitio de demostraci\u00f3n NO est\u00e1n incluidas en el paquete de plantilla.<\/strong><\/p>","protected":false},"excerpt":{"rendered":"<p>Panel de usuario: Listeo cuenta con una interfaz intuitiva donde se pueden gestionar f\u00e1cilmente anuncios, reservas, paquetes, detalles del perfil y mensajes privados. Mercado multiproveedor con el Sistema de Reservas Avanzado Dokan. Monetiza tu sitio web. Ganar dinero con tu sitio web ya no es un mito y est\u00e1 al alcance de todos. Con Listeo [\u2026]<\/p>","protected":false},"featured_media":177,"comment_status":"closed","ping_status":"open","template":"","meta":{"_jf_limit_responses":"","iawp_total_views":120},"product_brand":[],"product_cat":[22],"product_tag":[19],"class_list":{"0":"post-127","1":"product","2":"type-product","3":"status-publish","4":"has-post-thumbnail","6":"product_cat-temas-wordpress","7":"product_tag-vitalicio","9":"first","10":"instock","11":"downloadable","12":"virtual","13":"purchasable","14":"product-type-simple"},"_links":{"self":[{"href":"https:\/\/packdesites.com\/es\/wp-json\/wp\/v2\/product\/127","targetHints":{"allow":["GET"]}}],"collection":[{"href":"https:\/\/packdesites.com\/es\/wp-json\/wp\/v2\/product"}],"about":[{"href":"https:\/\/packdesites.com\/es\/wp-json\/wp\/v2\/types\/product"}],"replies":[{"embeddable":true,"href":"https:\/\/packdesites.com\/es\/wp-json\/wp\/v2\/comments?post=127"}],"version-history":[{"count":1,"href":"https:\/\/packdesites.com\/es\/wp-json\/wp\/v2\/product\/127\/revisions"}],"predecessor-version":[{"id":23967,"href":"https:\/\/packdesites.com\/es\/wp-json\/wp\/v2\/product\/127\/revisions\/23967"}],"wp:featuredmedia":[{"embeddable":true,"href":"https:\/\/packdesites.com\/es\/wp-json\/wp\/v2\/media\/177"}],"wp:attachment":[{"href":"https:\/\/packdesites.com\/es\/wp-json\/wp\/v2\/media?parent=127"}],"wp:term":[{"taxonomy":"product_brand","embeddable":true,"href":"https:\/\/packdesites.com\/es\/wp-json\/wp\/v2\/product_brand?post=127"},{"taxonomy":"product_cat","embeddable":true,"href":"https:\/\/packdesites.com\/es\/wp-json\/wp\/v2\/product_cat?post=127"},{"taxonomy":"product_tag","embeddable":true,"href":"https:\/\/packdesites.com\/es\/wp-json\/wp\/v2\/product_tag?post=127"}],"curies":[{"name":"wp","href":"https:\/\/api.w.org\/{rel}","templated":true}]}}