{"id":1240,"date":"2024-05-20T22:51:31","date_gmt":"2024-05-20T22:51:31","guid":{"rendered":"https:\/\/packdesites.com\/produto\/notificationx-pro\/"},"modified":"2025-07-11T11:51:55","modified_gmt":"2025-07-11T14:51:55","slug":"notificacion-x-pro","status":"publish","type":"product","link":"https:\/\/packdesites.com\/es\/product\/notificacion-x-pro\/","title":{"rendered":"NotificationX Pro v3.0.4: el mejor complemento de notificaciones"},"content":{"rendered":"<figure class=\"wp-block-image\"><img decoding=\"async\" src=\"https:\/\/packdesites.com\/wp-content\/uploads\/2025\/04\/Notificationx-first-block-gif-571-x-464-with-video-icon.gif\" alt=\"Notificaci\u00f3nX 2\" title=\"\"><\/figure>\n\n\n\n<figure class=\"wp-block-image\"><img decoding=\"async\" src=\"https:\/\/packdesites.com\/wp-content\/uploads\/2025\/04\/girl.png\" alt=\"Notificaci\u00f3nX 3\" title=\"\"><\/figure>\n\n\n\n<h2 class=\"wp-block-heading\">\u00bfPor qu\u00e9 su empresa necesita NotificationsX?<\/h2>\n\n\n\n<p>Al utilizar esta soluci\u00f3n de marketing de prueba social, las marcas obtienen los siguientes beneficios<\/p>\n\n\n\n<figure class=\"wp-block-image\"><img decoding=\"async\" src=\"https:\/\/packdesites.com\/wp-content\/uploads\/2025\/04\/Grab-Visitors-Attention.png\" alt=\"Notificaci\u00f3nX 4\" title=\"\"><\/figure>\n\n\n\n<h4 class=\"wp-block-heading\">Captar la atenci\u00f3n de los visitantes<\/h4>\n\n\n\n<p>Muestre a los usuarios la actividad reciente del cliente y h\u00e1gase notar<\/p>\n\n\n\n<figure class=\"wp-block-image\"><img decoding=\"async\" src=\"https:\/\/packdesites.com\/wp-content\/uploads\/2025\/04\/Build-Instant-Credibility.png\" alt=\"Notificaci\u00f3nX 5\" title=\"\"><\/figure>\n\n\n\n<h4 class=\"wp-block-heading\">Genere credibilidad instant\u00e1nea<\/h4>\n\n\n\n<p>G\u00e1nate su confianza usando la prueba social y crea urgencia<\/p>\n\n\n\n<figure class=\"wp-block-image\"><img decoding=\"async\" src=\"https:\/\/packdesites.com\/wp-content\/uploads\/2025\/04\/icrease_.png\" alt=\"Notificaci\u00f3nX 6\" title=\"\"><\/figure>\n\n\n\n<h4 class=\"wp-block-heading\">Aumentar el crecimiento empresarial<\/h4>\n\n\n\n<p>Aumento de las tasas de ventas y participaci\u00f3n en m\u00e1s del 20%<\/p>\n\n\n\n<h2 class=\"wp-block-heading\">Marketing honesto para hacer crecer su negocio<\/h2>\n\n\n\n<p>Formas \u00fanicas de influir en las decisiones de compra y convertir a sus visitantes en clientes de pago<\/p>\n\n\n\n<h2 class=\"wp-block-heading\">Alerta de ventas<\/h2>\n\n\n\n<p>G\u00e1nate f\u00e1cilmente la confianza de los visitantes de tu sitio web mostr\u00e1ndoles qui\u00e9n m\u00e1s compra tu producto. M\u00edralo en acci\u00f3n.<\/p>\n\n\n\n<figure class=\"wp-block-image\"><img decoding=\"async\" src=\"https:\/\/packdesites.com\/wp-content\/uploads\/2025\/04\/521-x-226-purchased.gif\" alt=\"Notificaci\u00f3nX 7\" title=\"\"><\/figure>\n\n\n\n<figure class=\"wp-block-image\"><img decoding=\"async\" src=\"https:\/\/packdesites.com\/wp-content\/uploads\/2025\/04\/521-x-226-comment-1.gif\" alt=\"Notificaci\u00f3nX 8\" title=\"\"><\/figure>\n\n\n\n<h2 class=\"wp-block-heading\">Participaci\u00f3n en el blog<\/h2>\n\n\n\n<p>Obtenga r\u00e1pidamente exposici\u00f3n y lectores para sus publicaciones de blog mostrando comentarios recientes.<\/p>\n\n\n\n<h2 class=\"wp-block-heading\">Revisi\u00f3n de WordPress<\/h2>\n\n\n\n<p>Comparta sus ideas sobre el complemento\/tema de WordPress.org y genere credibilidad.<\/p>\n\n\n\n<figure class=\"wp-block-image\"><img decoding=\"async\" src=\"https:\/\/packdesites.com\/wp-content\/uploads\/2025\/04\/Review.gif\" alt=\"Notificaci\u00f3nX 9\" title=\"\"><\/figure>\n\n\n\n<figure class=\"wp-block-image\"><img decoding=\"async\" src=\"https:\/\/packdesites.com\/wp-content\/uploads\/2025\/04\/521-x-226-download.gif\" alt=\"Notificaci\u00f3nX 10\" title=\"\"><\/figure>\n\n\n\n<h2 class=\"wp-block-heading\">Recuento de descargas de WordPress<\/h2>\n\n\n\n<p>Muestra cu\u00e1ntas personas han descargado tu producto de WordPress.org recientemente.<\/p>\n\n\n\n<h2 class=\"wp-block-heading\">Firmas de correo electr\u00f3nico<\/h2>\n\n\n\n<p>Incentive a sus usuarios a suscribirse a su bolet\u00edn informativo mostrando qui\u00e9n m\u00e1s acaba de registrarse.<\/p>\n\n\n\n<figure class=\"wp-block-image\"><img decoding=\"async\" src=\"https:\/\/packdesites.com\/wp-content\/uploads\/2025\/04\/521-x-226-subscribe-1.gif\" alt=\"Notificaci\u00f3nX 11\" title=\"\"><\/figure>\n\n\n\n<figure class=\"wp-block-image\"><img decoding=\"async\" src=\"https:\/\/packdesites.com\/wp-content\/uploads\/2025\/04\/521-x-226-Notify.gif\" alt=\"Notificaci\u00f3nX 12\" title=\"\"><\/figure>\n\n\n\n<h2 class=\"wp-block-heading\">Barra de notificaciones<\/h2>\n\n\n\n<p>Informe a sus visitantes sobre sus ofertas especiales, promociones, anuncios, etc. con un llamado a la acci\u00f3n.<\/p>","protected":false},"excerpt":{"rendered":"<p>Por Que Sua Empresa Precisa De Notifica\u00e7\u00f5esX? Usando essa solu\u00e7\u00e3o de marketing de prova social, as marcas est\u00e3o recebendo as seguintes vantagens Chamar A Aten\u00e7\u00e3o Dos Visitantes Mostrar aos usu\u00e1rios a atividade recente do cliente e ser notado Construa Credibilidade Instant\u00e2nea Ganhem suas confian\u00e7as usando a Prova Social e criem urg\u00eancia Aumentar O Crescimento Dos [&hellip;]<\/p>","protected":false},"featured_media":1252,"comment_status":"closed","ping_status":"open","template":"","meta":{"_jf_limit_responses":"","iawp_total_views":51},"product_brand":[],"product_cat":[41],"product_tag":[19],"class_list":{"0":"post-1240","1":"product","2":"type-product","3":"status-publish","4":"has-post-thumbnail","6":"product_cat-plugins","7":"product_tag-vitalicio","9":"first","10":"instock","11":"downloadable","12":"virtual","13":"purchasable","14":"product-type-simple"},"_links":{"self":[{"href":"https:\/\/packdesites.com\/es\/wp-json\/wp\/v2\/product\/1240","targetHints":{"allow":["GET"]}}],"collection":[{"href":"https:\/\/packdesites.com\/es\/wp-json\/wp\/v2\/product"}],"about":[{"href":"https:\/\/packdesites.com\/es\/wp-json\/wp\/v2\/types\/product"}],"replies":[{"embeddable":true,"href":"https:\/\/packdesites.com\/es\/wp-json\/wp\/v2\/comments?post=1240"}],"version-history":[{"count":1,"href":"https:\/\/packdesites.com\/es\/wp-json\/wp\/v2\/product\/1240\/revisions"}],"predecessor-version":[{"id":22872,"href":"https:\/\/packdesites.com\/es\/wp-json\/wp\/v2\/product\/1240\/revisions\/22872"}],"wp:featuredmedia":[{"embeddable":true,"href":"https:\/\/packdesites.com\/es\/wp-json\/wp\/v2\/media\/1252"}],"wp:attachment":[{"href":"https:\/\/packdesites.com\/es\/wp-json\/wp\/v2\/media?parent=1240"}],"wp:term":[{"taxonomy":"product_brand","embeddable":true,"href":"https:\/\/packdesites.com\/es\/wp-json\/wp\/v2\/product_brand?post=1240"},{"taxonomy":"product_cat","embeddable":true,"href":"https:\/\/packdesites.com\/es\/wp-json\/wp\/v2\/product_cat?post=1240"},{"taxonomy":"product_tag","embeddable":true,"href":"https:\/\/packdesites.com\/es\/wp-json\/wp\/v2\/product_tag?post=1240"}],"curies":[{"name":"wp","href":"https:\/\/api.w.org\/{rel}","templated":true}]}}