{"id":1232,"date":"2023-03-29T22:14:14","date_gmt":"2023-03-29T22:14:14","guid":{"rendered":"https:\/\/packdesites.com\/produto\/nextmove-v-1-16-0-woocommerce-pagina-de-obrigado\/"},"modified":"2025-04-03T00:43:02","modified_gmt":"2025-04-03T00:43:02","slug":"pagina-de-agradecimiento-de-woocommerce-de-nextmove-v-1-16-0","status":"publish","type":"product","link":"https:\/\/packdesites.com\/es\/product\/pagina-de-agradecimiento-de-woocommerce-de-nextmove-v-1-16-0\/","title":{"rendered":"P\u00e1gina de agradecimiento de WooCommerce de NextMove v.1.17.1"},"content":{"rendered":"<p>Mostrar<strong>recomendaciones<\/strong>de productos para animarles a comprar m\u00e1s<br>Es m\u00e1s probable que sus compradores respondan positivamente a las recomendaciones de productos que los navegadores.<\/p>\n\n\n\n<p>Muestra art\u00edculos &quot;vistos recientemente&quot; y &quot;personalizados&quot; en las recomendaciones. Las recomendaciones animan a los compradores a volver a visitar y publicar los art\u00edculos que les gustan. Tambi\u00e9n puedes a\u00f1adir art\u00edculos personalizados (los que creas que les gustar\u00e1n).<\/p>\n\n\n\n<p>Ofrecer un c\u00f3digo de cup\u00f3n de descuento a cambio de un<strong>acci\u00f3n social\/me gusta<\/strong><\/p>\n\n\n\n<p>La gente es perezosa. Les encanta procrastinar. P\u00eddeles que compartan y lo dejar\u00e1n pasar. \u00a1Pero no cuando les ofreces un cebo!<\/p>\n\n\n\n<p><strong>Recompensar a los compradores<\/strong>con un c\u00f3digo<strong>Cup\u00f3n personalizado y con l\u00edmite de tiempo<\/strong>A trav\u00e9s del intercambio social para que tu marca se difunda entre tus amigos.<\/p>\n\n\n\n<p>Cree p\u00e1ginas personalizadas para las p\u00e1ginas de agradecimiento de WooCommerce.<\/p>","protected":false},"excerpt":{"rendered":"<p>\u200eMostre \u200e\u200erecomenda\u00e7\u00f5es\u200e\u200e de produtos para incentiv\u00e1-los a comprar mais\u200e\u200eSeus compradores s\u00e3o mais propensos a responder positivamente \u00e0s recomenda\u00e7\u00f5es do produto do que os navegadores.\u200e \u200eExibir itens &#8216;recentemente visualizados&#8217; e &#8216;personalizados&#8217; nas recomenda\u00e7\u00f5es. As recomenda\u00e7\u00f5es incentivam os compradores a revisitar e redoumentar os itens de que gostam. Voc\u00ea tamb\u00e9m pode adicionar itens personalizados, aqueles que voc\u00ea [&hellip;]<\/p>","protected":false},"featured_media":1233,"comment_status":"closed","ping_status":"open","template":"","meta":{"_jf_limit_responses":"","iawp_total_views":18},"product_brand":[],"product_cat":[41],"product_tag":[19],"class_list":{"0":"post-1232","1":"product","2":"type-product","3":"status-publish","4":"has-post-thumbnail","6":"product_cat-plugins","7":"product_tag-vitalicio","9":"first","10":"instock","11":"downloadable","12":"virtual","13":"purchasable","14":"product-type-simple"},"_links":{"self":[{"href":"https:\/\/packdesites.com\/es\/wp-json\/wp\/v2\/product\/1232","targetHints":{"allow":["GET"]}}],"collection":[{"href":"https:\/\/packdesites.com\/es\/wp-json\/wp\/v2\/product"}],"about":[{"href":"https:\/\/packdesites.com\/es\/wp-json\/wp\/v2\/types\/product"}],"replies":[{"embeddable":true,"href":"https:\/\/packdesites.com\/es\/wp-json\/wp\/v2\/comments?post=1232"}],"version-history":[{"count":0,"href":"https:\/\/packdesites.com\/es\/wp-json\/wp\/v2\/product\/1232\/revisions"}],"wp:featuredmedia":[{"embeddable":true,"href":"https:\/\/packdesites.com\/es\/wp-json\/wp\/v2\/media\/1233"}],"wp:attachment":[{"href":"https:\/\/packdesites.com\/es\/wp-json\/wp\/v2\/media?parent=1232"}],"wp:term":[{"taxonomy":"product_brand","embeddable":true,"href":"https:\/\/packdesites.com\/es\/wp-json\/wp\/v2\/product_brand?post=1232"},{"taxonomy":"product_cat","embeddable":true,"href":"https:\/\/packdesites.com\/es\/wp-json\/wp\/v2\/product_cat?post=1232"},{"taxonomy":"product_tag","embeddable":true,"href":"https:\/\/packdesites.com\/es\/wp-json\/wp\/v2\/product_tag?post=1232"}],"curies":[{"name":"wp","href":"https:\/\/api.w.org\/{rel}","templated":true}]}}