{"id":123,"date":"2024-05-30T20:55:57","date_gmt":"2024-05-30T20:55:57","guid":{"rendered":"https:\/\/packdesites.com\/produto\/mylisting-v2-10-5-crie-portais-de-empregos-sites-de-concessionarias-e-muito-mais\/"},"modified":"2025-10-08T15:46:05","modified_gmt":"2025-10-08T18:46:05","slug":"mylisting-v2-10-5-crea-portales-de-empleo-sitios-web-de-concesionarios-y-mas","status":"publish","type":"product","link":"https:\/\/packdesites.com\/es\/product\/mylisting-v2-10-5-crea-portales-de-empleo-sitios-web-de-concesionarios-y-mas\/","title":{"rendered":"MyListing v2.12: cree bolsas de trabajo, sitios web de concesionarios y mucho m\u00e1s"},"content":{"rendered":"<h2 class=\"wp-block-heading\" id=\"item-description__mylisting-a-powrful-directory-listing-and-event-wordpress-theme\">MyListing, un potente tema de WordPress para directorios, listados y eventos<\/h2>\n\n\n\n<p>MyListing es un tema de WordPress para directorios y listados que te brinda las herramientas para crear un sitio web de directorio como nunca antes. Las p\u00e1ginas de MyListing se crean con el potente creador de p\u00e1ginas frontend Elementor. Sus m\u00e1s de 50 elementos son f\u00e1ciles de arrastrar y soltar, lo que facilita su uso y personalizaci\u00f3n. No requiere programaci\u00f3n.<\/p>\n\n\n\n<h2 class=\"wp-block-heading\" id=\"item-description__advanced-listing-type-creator-for-any-type-of-directory\">Creador de tipos de listados avanzados, para cualquier tipo de directorio.<\/h2>\n\n\n\n<p>Si creas un directorio empresarial, de eventos o de cualquier otro tipo, querr\u00e1s una apariencia, funcionalidad y caracter\u00edsticas diferentes para cada uno. Nuestro avanzado creador de tipos de anuncios te permite lograrlo. Elige entre m\u00e1s de 20 campos predise\u00f1ados y crea tus propios campos personalizados ilimitados. Cada anuncio tambi\u00e9n puede tener sus propios productos en venta, organizar eventos, formularios, rese\u00f1as, comentarios y otras pesta\u00f1as personalizadas.<\/p>\n\n\n\n<h2 class=\"wp-block-heading\" id=\"item-description__create-and-customize-your-explore-page\">Crea y personaliza tu p\u00e1gina de exploraci\u00f3n<\/h2>\n\n\n\n<p>Crea formularios de b\u00fasqueda avanzados con filtros personalizados ilimitados. Elige entre tres plantillas de p\u00e1gina de exploraci\u00f3n predise\u00f1adas y m\u00e1s de 10 m\u00e1scaras de Google Maps.<\/p>\n\n\n\n<h2 class=\"wp-block-heading\" id=\"item-description__monetize-your-directory-website\">Monetiza tu sitio web de directorio<\/h2>\n\n\n\n<p>Gane dinero monetizando el env\u00edo de listados y permitiendo que los usuarios promocionen sus listados.<\/p>\n\n\n\n<h2 class=\"wp-block-heading\" id=\"item-description__full-theme-features\">Funciones completas del tema<\/h2>\n\n\n\n<ul class=\"wp-block-list\">\n<li>MyListing utiliza el constructor de p\u00e1ginas Elementor, el constructor de p\u00e1ginas de WordPress de c\u00f3digo abierto de m\u00e1s r\u00e1pido crecimiento.<\/li>\n\n\n\n<li>M\u00e1s de 50 widgets de Elementor listos para usar.<\/li>\n\n\n\n<li>Constructor avanzado de tipos de listas<\/li>\n\n\n\n<li>Agregue tipos de listados ilimitados, cada uno con su propio dise\u00f1o y funcionalidad \u00fanicos.<\/li>\n\n\n\n<li>Editor de tipo listado con una interfaz hermosa y f\u00e1cil de usar.<\/li>\n\n\n\n<li>Perfiles de listado personalizados para cada tipo de listado.<\/li>\n\n\n\n<li>Campos personalizados con un potente editor de campos para cada tipo de listado.<\/li>\n\n\n\n<li>Personalice el cuadro de vista previa del listado de forma \u00fanica para cada tipo de listado.<\/li>\n\n\n\n<li>Personalice la p\u00e1gina Explorar de forma \u00fanica con facetas personalizadas para cada tipo de anuncio.<\/li>\n\n\n\n<li>Potente editor de facetas de b\u00fasqueda, \u00fanico para cada tipo de listado.<\/li>\n\n\n\n<li>Formulario de contacto 7.<\/li>\n\n\n\n<li>Comentarios del listado.<\/li>\n\n\n\n<li>Listas de favoritos.<\/li>\n\n\n\n<li>Clasificaciones de listados.<\/li>\n\n\n\n<li>Generador de c\u00f3digos cortos con una interfaz f\u00e1cil de usar.<\/li>\n\n\n\n<li>C\u00f3digos cortos personalizados incluidos.<\/li>\n\n\n\n<li>C\u00f3digo corto &#039;Bot\u00f3n&#039;.<\/li>\n\n\n\n<li>C\u00f3digo corto &#039;Categor\u00edas de listado&#039;.<\/li>\n\n\n\n<li>C\u00f3digo corto &#039;Formato de texto&#039;.<\/li>\n\n\n\n<li>C\u00f3digo corto &#039;Selector de iconos&#039;.<\/li>\n\n\n\n<li>C\u00f3digo corto &#039;Formulario de b\u00fasqueda de listado&#039;.<\/li>\n\n\n\n<li>M\u00e1s de 2000 \u00edconos para elegir, incluidos \u00edconos de temas personalizados, \u00edconos de materiales, fuentes incre\u00edbles y glifos.<\/li>\n\n\n\n<li>Integrado con Google Maps.<\/li>\n\n\n\n<li>Marcadores personalizados de Google Maps.<\/li>\n\n\n\n<li>Vistas previas de ubicaciones personalizadas de Google Maps.<\/li>\n\n\n\n<li>Agrupaci\u00f3n de marcadores\/ubicaciones.<\/li>\n\n\n\n<li>Im\u00e1genes de fondo con paralaje<\/li>\n\n\n\n<li>V\u00eddeo de fondo<\/li>\n\n\n\n<li>Carrusel de b\u00fahos<\/li>\n\n\n\n<li>FotoSwipe<\/li>\n\n\n\n<li>Barras de desplazamiento personalizadas<\/li>\n\n\n\n<li>B\u00fasqueda instant\u00e1nea en el encabezado.<\/li>\n\n\n\n<li>Listado de vista r\u00e1pida.<\/li>\n\n\n\n<li>Oreja<\/li>\n\n\n\n<li>Totalmente responsivo<\/li>\n\n\n\n<li>Barra de migas de pan (secci\u00f3n).<\/li>\n\n\n\n<li>P\u00e1gina de panel de control personalizada para usuarios front-end.<\/li>\n\n\n\n<li>Los usuarios pueden solicitar agregar sus propios productos.<\/li>\n\n\n\n<li>Funcionalidad para compartir listados\/publicaciones incluida.<\/li>\n\n\n\n<li>Totalmente integrado con WooCommerce.<\/li>\n\n\n\n<li>Funcionalidad de inicio de sesi\u00f3n\/registro de usuario incluida.<\/li>\n\n\n\n<li>Importaci\u00f3n de demostraci\u00f3n con un solo clic.<\/li>\n\n\n\n<li>Elija entre todas nuestras demostraciones en l\u00ednea.<\/li>\n\n\n\n<li>Integrado con el formulario de contacto 7.<\/li>\n\n\n\n<li>Widget de formulario de contacto incluido.<\/li>\n\n\n\n<li>Se incluye el widget de \u00faltimas publicaciones del blog.<\/li>\n\n\n\n<li>Desarrollado con el marco de JavaScript Vue.js.<\/li>\n\n\n\n<li>Personalizar encabezado.<\/li>\n\n\n\n<li>Cuatro tipos de encabezado diferentes, junto con otras opciones y la capacidad de editar el encabezado p\u00e1gina por p\u00e1gina.<\/li>\n\n\n\n<li>Opci\u00f3n de desplazamiento suave.<\/li>\n\n\n\n<li>Pie de p\u00e1gina personalizable.<\/li>\n\n\n\n<li>Volver al inicio de la p\u00e1gina.<\/li>\n\n\n\n<li>Traducci\u00f3n lista (no admite varios idiomas).<\/li>\n\n\n\n<li>Activos minimizados y combinados para reducir la cantidad de solicitudes HTTP y mejorar el tiempo de carga y el rendimiento del sitio.<\/li>\n\n\n\n<li>C\u00f3digo limpio y bien estructurado.<\/li>\n\n\n\n<li>Listados relacionados (Host) para listados.<\/li>\n\n\n\n<li>Es posible personalizar y tener m\u00faltiples pesta\u00f1as de almacenamiento para cada listado.<\/li>\n<\/ul>\n\n\n\n<p>Este tema requiere la versi\u00f3n PHP 5.5+<br>MyListing se puede traducir a cualquier idioma, pero a\u00fan no es compatible con varios idiomas ni con WPML.<\/p>","protected":false},"excerpt":{"rendered":"<p>MyListing, um poderoso diret\u00f3rio, listagem e evento WordPress Theme MyListing \u00e9 um diret\u00f3rio e listagem WordPress tema que lhe d\u00e1 as ferramentas para construir um site de diret\u00f3rio como nunca antes. As p\u00e1ginas do MyListing s\u00e3o criadas usando o poderoso construtor de p\u00e1ginas front-end, Elementor. Todos os mais de 50 elementos s\u00e3o arrastar e soltar [&hellip;]<\/p>","protected":false},"featured_media":124,"comment_status":"closed","ping_status":"open","template":"","meta":{"_jf_limit_responses":"","iawp_total_views":93},"product_brand":[],"product_cat":[22],"product_tag":[19],"class_list":{"0":"post-123","1":"product","2":"type-product","3":"status-publish","4":"has-post-thumbnail","6":"product_cat-temas-wordpress","7":"product_tag-vitalicio","9":"first","10":"instock","11":"downloadable","12":"virtual","13":"purchasable","14":"product-type-simple"},"_links":{"self":[{"href":"https:\/\/packdesites.com\/es\/wp-json\/wp\/v2\/product\/123","targetHints":{"allow":["GET"]}}],"collection":[{"href":"https:\/\/packdesites.com\/es\/wp-json\/wp\/v2\/product"}],"about":[{"href":"https:\/\/packdesites.com\/es\/wp-json\/wp\/v2\/types\/product"}],"replies":[{"embeddable":true,"href":"https:\/\/packdesites.com\/es\/wp-json\/wp\/v2\/comments?post=123"}],"version-history":[{"count":1,"href":"https:\/\/packdesites.com\/es\/wp-json\/wp\/v2\/product\/123\/revisions"}],"predecessor-version":[{"id":23968,"href":"https:\/\/packdesites.com\/es\/wp-json\/wp\/v2\/product\/123\/revisions\/23968"}],"wp:featuredmedia":[{"embeddable":true,"href":"https:\/\/packdesites.com\/es\/wp-json\/wp\/v2\/media\/124"}],"wp:attachment":[{"href":"https:\/\/packdesites.com\/es\/wp-json\/wp\/v2\/media?parent=123"}],"wp:term":[{"taxonomy":"product_brand","embeddable":true,"href":"https:\/\/packdesites.com\/es\/wp-json\/wp\/v2\/product_brand?post=123"},{"taxonomy":"product_cat","embeddable":true,"href":"https:\/\/packdesites.com\/es\/wp-json\/wp\/v2\/product_cat?post=123"},{"taxonomy":"product_tag","embeddable":true,"href":"https:\/\/packdesites.com\/es\/wp-json\/wp\/v2\/product_tag?post=123"}],"curies":[{"name":"wp","href":"https:\/\/api.w.org\/{rel}","templated":true}]}}