{"id":1226,"date":"2024-05-24T18:10:01","date_gmt":"2024-05-24T18:10:01","guid":{"rendered":"https:\/\/packdesites.com\/produto\/pixelyoursite-super-pack\/"},"modified":"2026-04-23T13:10:53","modified_gmt":"2026-04-23T16:10:53","slug":"superpaquete-de-pixelyoursite","status":"publish","type":"product","link":"https:\/\/packdesites.com\/es\/product\/superpaquete-de-pixelyoursite\/","title":{"rendered":"PixelYourSite Super Pack v6.2.0: A\u00f1ade m\u00faltiples p\u00edxeles y etiquetas a tu sitio web."},"content":{"rendered":"<p>El Super Pack de PixelYourSite incluye 5 complementos que a\u00f1aden funciones adicionales a PixelYourSite Professional. Lo recibir\u00e1 como BONIFICACI\u00d3N GRATUITA al adquirir las licencias de PixelYourSite Agency y Advanced Agency, o como parte del acuerdo del Paquete.<\/p>\n\n\n\n<ol class=\"wp-block-list\">\n<li>M\u00faltiples p\u00edxeles con soporte WPML<\/li>\n\n\n\n<li>Eliminar p\u00edxeles de una p\u00e1gina<\/li>\n\n\n\n<li>Valores din\u00e1micos para eventos<\/li>\n\n\n\n<li>Compatibilidad con AMP<\/li>\n\n\n\n<li>P\u00e1ginas de agradecimiento personalizadas de WooCommerce<\/li>\n<\/ol>\n\n\n\n<h2 class=\"wp-block-heading\">M\u00faltiples p\u00edxeles<\/h2>\n\n\n\n<p>Tras instalar el complemento, aparecer\u00e1 un nuevo bot\u00f3n debajo de los campos de ID de seguimiento, que le permitir\u00e1 a\u00f1adir p\u00edxeles adicionales. Cada p\u00edxel tendr\u00e1 la misma configuraci\u00f3n y eventos que el principal. Los eventos a\u00f1adidos manualmente tambi\u00e9n estar\u00e1n presentes para los p\u00edxeles adicionales.<\/p>\n\n\n\n<p>Esta opci\u00f3n es muy \u00fatil (y muy demandada) si tienes m\u00e1s de un p\u00edxel, si tienes socios que quieren tener su propio p\u00edxel en su sitio web o si simplemente quieres crear un p\u00edxel de \u201ccopia de seguridad\u201d.<\/p>\n\n\n\n<p>Tener un p\u00edxel adicional tambi\u00e9n es una buena idea si planeas vender tu negocio en alg\u00fan momento.<\/p>\n\n\n\n<p><strong>WPML:<\/strong>&nbsp;Activar p\u00edxeles para un idioma espec\u00edfico. Esta funci\u00f3n funciona con Google Pixel, Google Analytics y Google Ads Tag.<\/p>\n\n\n\n<h2 class=\"wp-block-heading\">Eliminar p\u00edxeles de la p\u00e1gina<\/h2>\n\n\n\n<p>Una vez que instale el complemento, simplemente edite cualquier p\u00e1gina que necesite y marque la opci\u00f3n reci\u00e9n agregada \u201cEliminar p\u00edxel\u201d en el men\u00fa de la derecha.<\/p>\n\n\n\n<p>Puede eliminar individualmente el p\u00edxel de Facebook, Google Analytics, Google Ads o la etiqueta de Twitter.<\/p>\n\n\n\n<h2 class=\"wp-block-heading\">Valores din\u00e1micos para eventos<\/h2>\n\n\n\n<p>Personaliza los par\u00e1metros de tu evento con datos din\u00e1micos tomados directamente de cada p\u00e1gina:<\/p>\n\n\n\n<p>url_ParameterName: extraer\u00e1 etiquetas URL (o par\u00e1metros) como par\u00e1metros del evento.<\/p>\n\n\n\n<p>id \u2013 extraer\u00e1 el ID de la publicaci\u00f3n de WordPress<\/p>\n\n\n\n<p>t\u00edtulo \u2013 extraer\u00e1 el t\u00edtulo del contenido<\/p>\n\n\n\n<p>content_type \u2013 extraer\u00e1 el tipo de publicaci\u00f3n (publicaci\u00f3n, producto, p\u00e1gina, etc.)<\/p>\n\n\n\n<p>categor\u00edas: extraer\u00e1 las categor\u00edas de contenido<\/p>\n\n\n\n<p>etiquetas: extraer\u00e1 las etiquetas de contenido<\/p>\n\n\n\n<p>subtotal: extraer\u00e1 el subtotal de WooCommerce<\/p>\n\n\n\n<p>total \u2013 extraer\u00e1 el total de WooCommerce<\/p>\n\n\n\n<h2 class=\"wp-block-heading\">AMPERIO<\/h2>\n\n\n\n<p>\u00bfQu\u00e9 son las p\u00e1ginas m\u00f3viles aceleradas?<\/p>\n\n\n\n<p>AMP significa Accelerated Mobile Pages, un proyecto respaldado por Google que pretende ser un est\u00e1ndar abierto para que cualquier editor pueda tener p\u00e1ginas que se carguen r\u00e1pidamente en dispositivos m\u00f3viles.<\/p>\n\n\n\n<p>Este complemento insertar\u00e1 Facebook Pixel, Google Analytics y Pinterest Tag en sus p\u00e1ginas m\u00f3viles aceleradas, lo que le dar\u00e1 la oportunidad de realizar un seguimiento de la conversi\u00f3n y nutrir a sus audiencias personalizadas en dispositivos m\u00f3viles.<\/p>\n\n\n\n<p>Este complemento es compatible con:<\/p>\n\n\n\n<ul class=\"wp-block-list\">\n<li>Plugin AMP de Automatic<\/li>\n\n\n\n<li>AMP para WP: plugin de p\u00e1ginas aceleradas<\/li>\n\n\n\n<li>Complemento AMP de WooCommerce<\/li>\n<\/ul>\n\n\n\n<p>Tenga en cuenta que la \u00fanica funci\u00f3n del complemento es insertar el p\u00edxel de Facebook y no agrega soporte para el Proyecto AMP (P\u00e1ginas M\u00f3viles Aceleradas).<\/p>\n\n\n\n<p>No todas las funciones funcionar\u00e1n en AMP, ya que no podemos usar JavaScript como lo har\u00edamos en una p\u00e1gina normal.<\/p>\n\n\n\n<p>No podr\u00e1 utilizar eventos din\u00e1micos, retrasar eventos ni rastrear fuentes de tr\u00e1fico o UTM.<\/p>\n\n\n\n<h2 class=\"wp-block-heading\">WooCommerce y p\u00e1ginas de agradecimiento personalizadas<\/h2>\n\n\n\n<p>Este es uno de los complementos m\u00e1s solicitados y te permitir\u00e1 personalizar tu tienda WooCommerce, mejorando la interacci\u00f3n con el cliente.<\/p>\n\n\n\n<p>1. Puedes configurar una p\u00e1gina de agradecimiento personalizada, redirigiendo siempre a los clientes all\u00ed.<\/p>\n\n\n\n<p>2. Tambi\u00e9n puedes configurar una p\u00e1gina de agradecimiento personalizada para cada producto.<\/p>\n\n\n\n<p>Puedes personalizar las cosas a\u00fan m\u00e1s y mostrar u ocultar el contenido del carrito en la p\u00e1gina personalizada, as\u00ed como la posici\u00f3n exacta, encima o debajo del contenido principal.<\/p>\n\n\n\n<p>En todos los casos, el evento de Compra se activar\u00e1 en sus p\u00e1ginas de agradecimiento personalizadas, lo que le garantizar\u00e1 el seguimiento de cada conversi\u00f3n.<\/p>\n\n\n\n<p><\/p>","protected":false},"excerpt":{"rendered":"<p>O PixelYourSite Super Pack consiste em 5 complementos que adicionar\u00e3o recursos extras ao PixelYourSite Professional. Voc\u00ea receber\u00e1 como um B\u00d4NUS GR\u00c1TIS quando comprar licen\u00e7as PixelYourSite Agency e Advanced Agency, ou parte do acordo do Bundle. V\u00e1rios pixels Depois de instalar o complemento, um novo bot\u00e3o aparecer\u00e1 sob os campos de ID de rastreamento, permitindo adicionar [&hellip;]<\/p>","protected":false},"featured_media":1227,"comment_status":"closed","ping_status":"open","template":"","meta":{"_jf_limit_responses":"","iawp_total_views":105},"product_brand":[],"product_cat":[41],"product_tag":[19],"class_list":{"0":"post-1226","1":"product","2":"type-product","3":"status-publish","4":"has-post-thumbnail","6":"product_cat-plugins","7":"product_tag-vitalicio","9":"first","10":"instock","11":"downloadable","12":"virtual","13":"purchasable","14":"product-type-simple"},"_links":{"self":[{"href":"https:\/\/packdesites.com\/es\/wp-json\/wp\/v2\/product\/1226","targetHints":{"allow":["GET"]}}],"collection":[{"href":"https:\/\/packdesites.com\/es\/wp-json\/wp\/v2\/product"}],"about":[{"href":"https:\/\/packdesites.com\/es\/wp-json\/wp\/v2\/types\/product"}],"replies":[{"embeddable":true,"href":"https:\/\/packdesites.com\/es\/wp-json\/wp\/v2\/comments?post=1226"}],"version-history":[{"count":5,"href":"https:\/\/packdesites.com\/es\/wp-json\/wp\/v2\/product\/1226\/revisions"}],"predecessor-version":[{"id":24870,"href":"https:\/\/packdesites.com\/es\/wp-json\/wp\/v2\/product\/1226\/revisions\/24870"}],"wp:featuredmedia":[{"embeddable":true,"href":"https:\/\/packdesites.com\/es\/wp-json\/wp\/v2\/media\/1227"}],"wp:attachment":[{"href":"https:\/\/packdesites.com\/es\/wp-json\/wp\/v2\/media?parent=1226"}],"wp:term":[{"taxonomy":"product_brand","embeddable":true,"href":"https:\/\/packdesites.com\/es\/wp-json\/wp\/v2\/product_brand?post=1226"},{"taxonomy":"product_cat","embeddable":true,"href":"https:\/\/packdesites.com\/es\/wp-json\/wp\/v2\/product_cat?post=1226"},{"taxonomy":"product_tag","embeddable":true,"href":"https:\/\/packdesites.com\/es\/wp-json\/wp\/v2\/product_tag?post=1226"}],"curies":[{"name":"wp","href":"https:\/\/api.w.org\/{rel}","templated":true}]}}