{"id":1224,"date":"2024-05-21T17:49:33","date_gmt":"2024-05-21T17:49:33","guid":{"rendered":"https:\/\/packdesites.com\/produto\/pixelyoursite-pro\/"},"modified":"2026-03-13T13:02:54","modified_gmt":"2026-03-13T16:02:54","slug":"pixelyoursite-pro","status":"publish","type":"product","link":"https:\/\/packdesites.com\/es\/product\/pixelyoursite-pro\/","title":{"rendered":"PixelYourSite PRO v12.4.1.1"},"content":{"rendered":"<p>Si desea instalar y administrar sus p\u00edxeles de seguimiento de forma f\u00e1cil y eficiente en WordPress, <strong>PixelYourSite Pro<\/strong> Es la herramienta ideal. Considerado el mejor plugin para la gesti\u00f3n de eventos y conversiones, PixelYourSite Pro te permite controlar cada detalle del comportamiento de tus visitantes sin complicaciones.<\/p>\n\n\n\n<div class=\"wp-block-rank-math-toc-block\" id=\"rank-math-toc\"><h2>Tabla de contenido<\/h2><nav><ul><li class=\"\"><a href=\"#o-que-e-o-pixel-your-site-pro\">\u00bfQu\u00e9 es PixelYourSite Pro?<\/a><\/li><li class=\"\"><a href=\"#principais-recursos-do-pixel-your-site-pro\">Caracter\u00edsticas principales de PixelYourSite Pro<\/a><ul><li class=\"\"><a href=\"#1-instalacao-simplificada-de-pixels\">1. Instalaci\u00f3n de p\u00edxeles simplificada<\/a><\/li><li class=\"\"><a href=\"#2-gerenciamento-de-eventos-automaticos\">2. Gesti\u00f3n autom\u00e1tica de eventos<\/a><\/li><li class=\"\"><a href=\"#3-eventos-personalizados\">3. Eventos personalizados<\/a><\/li><li class=\"\"><a href=\"#4-integracao-com-woo-commerce\">4. Integraci\u00f3n con WooCommerce<\/a><\/li><\/ul><\/li><li class=\"\"><a href=\"#vantagens-de-usar-o-pixel-your-site-pro\">Ventajas de usar PixelYourSite Pro<\/a><\/li><li class=\"\"><a href=\"#como-o-pixel-your-site-pro-melhora-seu-rastreamento\">C\u00f3mo PixelYourSite Pro mejora tu seguimiento<\/a><ul><li class=\"\"><a href=\"#configuracao-intuitiva\">Configuraci\u00f3n intuitiva<\/a><\/li><li class=\"\"><a href=\"#alta-compatibilidade\">Alta compatibilidad<\/a><\/li><li class=\"\"><a href=\"#melhor-desempenho\">Mejor rendimiento<\/a><\/li><li class=\"\"><a href=\"#atualizacoes-rapidas\">Actualizaciones r\u00e1pidas<\/a><\/li><\/ul><\/li><li class=\"\"><a href=\"#conclusao-por-que-investir-no-pixel-your-site-pro\">Conclusi\u00f3n: \u00bfPor qu\u00e9 invertir en PixelYourSite Pro?<\/a><\/li><\/ul><\/nav><\/div>\n\n\n\n<h2 class=\"wp-block-heading\" id=\"o-que-e-o-pixel-your-site-pro\">\u00bfQu\u00e9 es PixelYourSite Pro?<\/h2>\n\n\n\n<p>EL <strong>PixelYourSite Pro<\/strong> es un complemento <strong>p\u00edxel para WordPress<\/strong> lo que facilita la configuraci\u00f3n y gesti\u00f3n de diferentes plataformas de seguimiento, como Facebook Pixel, Google Analytics, TikTok Pixel, entre otras.<\/p>\n\n\n\n<p>Con \u00e9l, puede agregar m\u00faltiples p\u00edxeles a su sitio web, definir eventos personalizados y realizar un seguimiento de las conversiones con la m\u00e1xima precisi\u00f3n, sin la necesidad de codificaci\u00f3n manual.<\/p>\n\n\n\n<p>Sus principales funciones incluyen:<\/p>\n\n\n\n<ul class=\"wp-block-list\">\n<li>Instalaci\u00f3n r\u00e1pida de m\u00faltiples p\u00edxeles.<\/li>\n\n\n\n<li>Seguimiento autom\u00e1tico de eventos.<\/li>\n\n\n\n<li>Crea eventos personalizados de forma intuitiva.<\/li>\n\n\n\n<li>Compatibilidad con WooCommerce y Easy Digital Downloads.<\/li>\n<\/ul>\n\n\n\n<h2 class=\"wp-block-heading\" id=\"principais-recursos-do-pixel-your-site-pro\">Caracter\u00edsticas principales de PixelYourSite Pro<\/h2>\n\n\n\n<p>EL <strong>PixelYourSite Pro<\/strong> ofrece una serie de funciones potentes para aquellos que buscan optimizar el seguimiento de datos en sus proyectos de WordPress.<\/p>\n\n\n\n<h3 class=\"wp-block-heading\" id=\"1-instalacao-simplificada-de-pixels\">1. Instalaci\u00f3n de p\u00edxeles simplificada<\/h3>\n\n\n\n<p>Con solo unos pocos clics, puede agregar Facebook, Google Ads, TikTok y otros p\u00edxeles directamente a su sitio de WordPress.<\/p>\n\n\n\n<h3 class=\"wp-block-heading\" id=\"2-gerenciamento-de-eventos-automaticos\">2. Gesti\u00f3n autom\u00e1tica de eventos<\/h3>\n\n\n\n<p>El complemento rastrea autom\u00e1ticamente interacciones como clics en botones, visitas a p\u00e1ginas espec\u00edficas y tiempo empleado en el sitio, configurando eventos listos para campa\u00f1as de remarketing.<\/p>\n\n\n\n<h3 class=\"wp-block-heading\" id=\"3-eventos-personalizados\">3. Eventos personalizados<\/h3>\n\n\n\n<p>Puede crear eventos espec\u00edficos basados en reglas, como ver producto, agregar al carrito, pagar y otros comportamientos importantes.<\/p>\n\n\n\n<h3 class=\"wp-block-heading\" id=\"4-integracao-com-woo-commerce\">4. Integraci\u00f3n con WooCommerce<\/h3>\n\n\n\n<p>Para las tiendas en l\u00ednea, el <strong>PixelYourSite Pro<\/strong> Realiza un seguimiento de eventos de comercio electr\u00f3nico, como visualizaciones de productos, agregar al carrito, inicio de pago y compras, lo que proporciona datos valiosos para optimizar las campa\u00f1as de ventas.<\/p>\n\n\n\n<h2 class=\"wp-block-heading\" id=\"vantagens-de-usar-o-pixel-your-site-pro\">Ventajas de usar PixelYourSite Pro<\/h2>\n\n\n\n<p>EL <strong>PixelYourSite Pro<\/strong> Es ideal para quienes buscan maximizar el potencial de las campa\u00f1as de tr\u00e1fico pagado y el monitoreo de audiencia. Sus ventajas incluyen:<\/p>\n\n\n\n<ul class=\"wp-block-list\">\n<li>Reducci\u00f3n de errores en la configuraci\u00f3n de p\u00edxeles.<\/li>\n\n\n\n<li>Seguimiento preciso de micro y macroconversiones.<\/li>\n\n\n\n<li>Soporte para m\u00faltiples p\u00edxeles en el mismo sitio web.<\/li>\n\n\n\n<li>Facilidad para crear audiencias personalizadas.<\/li>\n\n\n\n<li>Actualizaciones constantes para mantenerse al d\u00eda con los cambios en las API de eventos.<\/li>\n<\/ul>\n\n\n\n<p>El complemento tambi\u00e9n ofrece la flexibilidad de personalizar eventos seg\u00fan las necesidades de su negocio, sin necesidad de conocimientos t\u00e9cnicos avanzados.<\/p>\n\n\n\n<h2 class=\"wp-block-heading\" id=\"como-o-pixel-your-site-pro-melhora-seu-rastreamento\">C\u00f3mo PixelYourSite Pro mejora tu seguimiento<\/h2>\n\n\n\n<p>Un seguimiento adecuado es esencial para el \u00e9xito de las campa\u00f1as online. <strong>PixelYourSite Pro<\/strong> Mejora esto de varias maneras:<\/p>\n\n\n\n<h3 class=\"wp-block-heading\" id=\"configuracao-intuitiva\">Configuraci\u00f3n intuitiva<\/h3>\n\n\n\n<p>No es necesario editar el c\u00f3digo manualmente. Todo el proceso se realiza a trav\u00e9s de una interfaz intuitiva dentro de WordPress.<\/p>\n\n\n\n<h3 class=\"wp-block-heading\" id=\"alta-compatibilidade\">Alta compatibilidad<\/h3>\n\n\n\n<p>Funciona a la perfecci\u00f3n con una variedad de temas y complementos, incluidos WooCommerce, MemberPress, Easy Digital Downloads y m\u00e1s.<\/p>\n\n\n\n<h3 class=\"wp-block-heading\" id=\"melhor-desempenho\">Mejor rendimiento<\/h3>\n\n\n\n<p>El complemento est\u00e1 optimizado para no afectar negativamente el tiempo de carga de su sitio web, lo cual es esencial para la experiencia del usuario y el SEO.<\/p>\n\n\n\n<h3 class=\"wp-block-heading\" id=\"atualizacoes-rapidas\">Actualizaciones r\u00e1pidas<\/h3>\n\n\n\n<p>Con el avance de las plataformas publicitarias, la <strong>PixelYourSite Pro<\/strong> Siempre se mantiene actualizado para garantizar que su seguimiento est\u00e9 en l\u00ednea con las mejores pr\u00e1cticas.<\/p>\n\n\n\n<hr class=\"wp-block-separator has-alpha-channel-opacity\"\/>\n\n\n\n<h2 class=\"wp-block-heading\" id=\"conclusao-por-que-investir-no-pixel-your-site-pro\">Conclusi\u00f3n: \u00bfPor qu\u00e9 invertir en PixelYourSite Pro?<\/h2>\n\n\n\n<p>EL <strong>PixelYourSite Pro<\/strong> es, sin duda, la mejor opci\u00f3n para quienes desean una <strong>Gestor de eventos de WordPress<\/strong> Robusto, eficiente y f\u00e1cil de usar. Con \u00e9l, garantiza la precisi\u00f3n en la recopilaci\u00f3n de datos, mejora tus campa\u00f1as publicitarias y crea estrategias de remarketing mucho m\u00e1s efectivas.<\/p>\n\n\n\n<p>Al invertir en <strong>PixelYourSite Pro<\/strong>Lleva tu seguimiento de WordPress al siguiente nivel y potencia tus resultados online de forma pr\u00e1ctica y segura.<\/p>\n\n\n\n<p class=\"has-white-color has-vivid-red-background-color has-text-color has-background\">C\u00d3DIGO DE LICENCIA: X9F7A-3B2C1-D8E4G-7H6J5-K1L2M<\/p>","protected":false},"excerpt":{"rendered":"<p>Si quieres instalar y gestionar tus p\u00edxeles de seguimiento en WordPress de forma f\u00e1cil y eficiente, PixelYourSite Pro es la herramienta ideal. Considerado el mejor plugin para la gesti\u00f3n de eventos y conversiones, PixelYourSite Pro te permite controlar todos los detalles del comportamiento de tus visitantes sin complicaciones. \u00bfQu\u00e9 es? [...]<\/p>","protected":false},"featured_media":1225,"comment_status":"closed","ping_status":"open","template":"","meta":{"_jf_limit_responses":"","iawp_total_views":181},"product_brand":[],"product_cat":[41],"product_tag":[19],"class_list":{"0":"post-1224","1":"product","2":"type-product","3":"status-publish","4":"has-post-thumbnail","6":"product_cat-plugins","7":"product_tag-vitalicio","9":"first","10":"instock","11":"downloadable","12":"virtual","13":"purchasable","14":"product-type-simple"},"_links":{"self":[{"href":"https:\/\/packdesites.com\/es\/wp-json\/wp\/v2\/product\/1224","targetHints":{"allow":["GET"]}}],"collection":[{"href":"https:\/\/packdesites.com\/es\/wp-json\/wp\/v2\/product"}],"about":[{"href":"https:\/\/packdesites.com\/es\/wp-json\/wp\/v2\/types\/product"}],"replies":[{"embeddable":true,"href":"https:\/\/packdesites.com\/es\/wp-json\/wp\/v2\/comments?post=1224"}],"version-history":[{"count":4,"href":"https:\/\/packdesites.com\/es\/wp-json\/wp\/v2\/product\/1224\/revisions"}],"predecessor-version":[{"id":24751,"href":"https:\/\/packdesites.com\/es\/wp-json\/wp\/v2\/product\/1224\/revisions\/24751"}],"wp:featuredmedia":[{"embeddable":true,"href":"https:\/\/packdesites.com\/es\/wp-json\/wp\/v2\/media\/1225"}],"wp:attachment":[{"href":"https:\/\/packdesites.com\/es\/wp-json\/wp\/v2\/media?parent=1224"}],"wp:term":[{"taxonomy":"product_brand","embeddable":true,"href":"https:\/\/packdesites.com\/es\/wp-json\/wp\/v2\/product_brand?post=1224"},{"taxonomy":"product_cat","embeddable":true,"href":"https:\/\/packdesites.com\/es\/wp-json\/wp\/v2\/product_cat?post=1224"},{"taxonomy":"product_tag","embeddable":true,"href":"https:\/\/packdesites.com\/es\/wp-json\/wp\/v2\/product_tag?post=1224"}],"curies":[{"name":"wp","href":"https:\/\/api.w.org\/{rel}","templated":true}]}}