{"id":1216,"date":"2024-02-25T21:28:32","date_gmt":"2024-02-25T21:28:32","guid":{"rendered":"https:\/\/packdesites.com\/produto\/yoast-seo-premium\/"},"modified":"2026-04-23T13:12:47","modified_gmt":"2026-04-23T16:12:47","slug":"yoast-seo-premium","status":"publish","type":"product","link":"https:\/\/packdesites.com\/es\/product\/yoast-seo-premium\/","title":{"rendered":"Yoast SEO Premium v27.4"},"content":{"rendered":"<h2 class=\"wp-block-heading\">\u00bfQu\u00e9 hace el complemento Yoast SEO?<\/h2>\n\n\n\n<p>Yoast SEO garantiza que tu sitio web cumpla con los m\u00e1s altos est\u00e1ndares t\u00e9cnicos de SEO. Adem\u00e1s, te proporciona las herramientas para optimizar tu contenido para SEO y mejorar su legibilidad.<\/p>\n\n\n\n<h3 class=\"wp-block-heading\">Crea contenido optimizado para SEO<\/h3>\n\n\n\n<p>Conseguir&nbsp;<strong>Le ayudamos a optimizar sus publicaciones para las frases clave deseadas<\/strong>&nbsp;M\u00e1s f\u00e1cil. Yoast SEO puede reconocer frases clave relacionadas, sin\u00f3nimos de frases clave y diferentes formas de tus frases clave*. Esto te permite escribir con mayor naturalidad y facilita la mejora de tu contenido tanto para tu audiencia como para los motores de b\u00fasqueda.<\/p>\n\n\n\n<h3 class=\"wp-block-heading\">Ahorre tiempo y capture oportunidades espec\u00edficas con la capacitaci\u00f3n SEO de Yoast<\/h3>\n\n\n\n<figure class=\"wp-block-image\"><img decoding=\"async\" src=\"https:\/\/packdesites.com\/wp-content\/uploads\/2025\/04\/workout.png\" alt=\"\" title=\"\"><\/figure>\n\n\n\n<p>A&nbsp;<strong>Consiga un sitio web saludable que tenga una buena clasificaci\u00f3n<\/strong>Necesitas realizar SEO regularmente. Los ejercicios de Yoast SEO te gu\u00edan en tareas rutinarias importantes de SEO y te ayudan a identificar oportunidades de optimizaci\u00f3n, como contenido dif\u00edcil de encontrar y no relacionado en tu sitio web.<\/p>\n\n\n\n<h3 class=\"wp-block-heading\">Establecer una estructura s\u00f3lida de enlaces internos<\/h3>\n\n\n\n<figure class=\"wp-block-image\"><img decoding=\"async\" src=\"https:\/\/packdesites.com\/wp-content\/uploads\/2025\/04\/internal_linking_structure.png\" alt=\"\" title=\"\"><\/figure>\n\n\n\n<p>Consigue una estructura de sitio web que tus visitantes y Google entiendan. Con Yoast SEO Premium, obtienes...&nbsp;<strong>potentes herramientas de enlaces internos<\/strong>&nbsp;que dicen qu\u00e9 y c\u00f3mo mejorar.<\/p>\n\n\n\n<h3 class=\"wp-block-heading\">Evita que tus visitantes acaben en enlaces muertos<\/h3>\n\n\n\n<figure class=\"wp-block-image\"><img decoding=\"async\" src=\"https:\/\/packdesites.com\/wp-content\/uploads\/2025\/04\/redirects.png\" alt=\"\" title=\"\"><\/figure>\n\n\n\n<p><strong>Evite errores 404 y callejones sin salida<\/strong>&nbsp;Punto muerto en tu sitio. El administrador de redirecciones crea y gestiona autom\u00e1ticamente las redirecciones al mover o eliminar contenido.<\/p>\n\n\n\n<h3 class=\"wp-block-heading\">Agrega autom\u00e1ticamente datos estructurados para ayudar a Google a comprender su sitio<\/h3>\n\n\n\n<figure class=\"wp-block-image\"><img decoding=\"async\" src=\"https:\/\/packdesites.com\/wp-content\/uploads\/2025\/04\/structured_data.png\" alt=\"\" title=\"\"><\/figure>\n\n\n\n<p>Agregar datos estructurados es una de las&nbsp;<strong>Las formas m\u00e1s efectivas de hacer que los motores de b\u00fasqueda detecten su sitio web<\/strong>Yoast SEO agrega autom\u00e1ticamente los datos estructurados correctos y viene con opciones para enriquecer su sitio con datos estructurados adicionales.&nbsp;<strong>\u00a1Aumenta tus posibilidades de obtener grandes resultados!<\/strong><\/p>\n\n\n\n<h3 class=\"wp-block-heading\">Tenga confianza en sus publicaciones visualmente atractivas en los resultados de b\u00fasqueda y en las redes sociales.<\/h3>\n\n\n\n<figure class=\"wp-block-image\"><img decoding=\"async\" src=\"https:\/\/packdesites.com\/wp-content\/uploads\/2025\/04\/social_preview.png\" alt=\"\" title=\"\"><\/figure>\n\n\n\n<p>Las vistas previas de Google y redes sociales te ayudan a visualizar c\u00f3mo se ver\u00e1 tu publicaci\u00f3n al compartirla en l\u00ednea. Esto te permite optimizarla al m\u00e1ximo.<\/p>\n\n\n\n<h3 class=\"wp-block-heading\">Obtenga integraciones con plataformas potentes<\/h3>\n\n\n\n<figure class=\"wp-block-image\"><img decoding=\"async\" src=\"https:\/\/packdesites.com\/wp-content\/uploads\/2025\/04\/related_keyphrase.png\" alt=\"\" title=\"\"><\/figure>\n\n\n\n<p><strong>Semrush<\/strong>Aumente la relevancia de su contenido encontrando palabras clave altamente relevantes.<br><strong>Wincher:<\/strong>&nbsp;Realice un seguimiento f\u00e1cilmente de la clasificaci\u00f3n de su contenido en Google.<br><strong>Elementor<\/strong>:Utilice Yoast SEO directamente en la interfaz de usuario de Elementor.<br><strong>Zapier<\/strong>:Comparte autom\u00e1ticamente tu contenido en las plataformas que elijas.<br><strong>Prueba de palabras<\/strong>:Sella con tiempo tu p\u00e1gina de privacidad y &quot;demuestra&quot; al mundo que se puede confiar en tu contenido.<\/p>\n\n\n\n<p><\/p>","protected":false},"excerpt":{"rendered":"<p>O que faz o plugin Yoast SEO? Yoast SEO garante que seu site atenda aos mais altos padr\u00f5es t\u00e9cnicos de SEO. Ele tamb\u00e9m oferece as ferramentas para otimizar seu conte\u00fado para SEO e legibilidade geral. Criar conte\u00fado amig\u00e1vel ao SEO Obtenha&nbsp;ajuda para otimizar seus posts para as frases-chave desejadas&nbsp;com mais facilidade. Yoast SEO pode reconhecer [&hellip;]<\/p>","protected":false},"featured_media":1223,"comment_status":"closed","ping_status":"open","template":"","meta":{"_jf_limit_responses":"","iawp_total_views":399},"product_brand":[],"product_cat":[41],"product_tag":[19],"class_list":{"0":"post-1216","1":"product","2":"type-product","3":"status-publish","4":"has-post-thumbnail","6":"product_cat-plugins","7":"product_tag-vitalicio","9":"first","10":"instock","11":"downloadable","12":"virtual","13":"purchasable","14":"product-type-simple"},"_links":{"self":[{"href":"https:\/\/packdesites.com\/es\/wp-json\/wp\/v2\/product\/1216","targetHints":{"allow":["GET"]}}],"collection":[{"href":"https:\/\/packdesites.com\/es\/wp-json\/wp\/v2\/product"}],"about":[{"href":"https:\/\/packdesites.com\/es\/wp-json\/wp\/v2\/types\/product"}],"replies":[{"embeddable":true,"href":"https:\/\/packdesites.com\/es\/wp-json\/wp\/v2\/comments?post=1216"}],"version-history":[{"count":15,"href":"https:\/\/packdesites.com\/es\/wp-json\/wp\/v2\/product\/1216\/revisions"}],"predecessor-version":[{"id":24872,"href":"https:\/\/packdesites.com\/es\/wp-json\/wp\/v2\/product\/1216\/revisions\/24872"}],"wp:featuredmedia":[{"embeddable":true,"href":"https:\/\/packdesites.com\/es\/wp-json\/wp\/v2\/media\/1223"}],"wp:attachment":[{"href":"https:\/\/packdesites.com\/es\/wp-json\/wp\/v2\/media?parent=1216"}],"wp:term":[{"taxonomy":"product_brand","embeddable":true,"href":"https:\/\/packdesites.com\/es\/wp-json\/wp\/v2\/product_brand?post=1216"},{"taxonomy":"product_cat","embeddable":true,"href":"https:\/\/packdesites.com\/es\/wp-json\/wp\/v2\/product_cat?post=1216"},{"taxonomy":"product_tag","embeddable":true,"href":"https:\/\/packdesites.com\/es\/wp-json\/wp\/v2\/product_tag?post=1216"}],"curies":[{"name":"wp","href":"https:\/\/api.w.org\/{rel}","templated":true}]}}