{"id":1214,"date":"2024-05-15T17:42:03","date_gmt":"2024-05-15T17:42:03","guid":{"rendered":"https:\/\/packdesites.com\/produto\/tutor-lms-pro\/"},"modified":"2026-04-13T15:14:24","modified_gmt":"2026-04-13T18:14:24","slug":"tutor-lms-pro","status":"publish","type":"product","link":"https:\/\/packdesites.com\/es\/product\/tutor-lms-pro\/","title":{"rendered":"Tutor LMS Pro v3.9.8 \u2013 Crea plataformas y cursos de aprendizaje\/e-learning + Creador de certificados v1.2.1"},"content":{"rendered":"<h1 class=\"wp-block-heading\">Crear, gestionar y vender<br>Cursos de eLearning en WordPress<\/h1>\n\n\n\n<p>Ense\u00f1a cualquier cosa desde cualquier lugar. Tu mejor opci\u00f3n para crear y vender incre\u00edbles cursos de eLearning, \u00a1todo en un mismo lugar!<\/p>\n\n\n\n<p>Plataforma de creaci\u00f3n de cursos online f\u00e1cil e intuitiva.<\/p>\n\n\n\n<h3 class=\"wp-block-heading\">Creador de cursos de arrastrar y soltar de interfaz<\/h3>\n\n\n\n<p>Tutor LMS incluye un revolucionario sistema de arrastrar y soltar para crear cursos ingeniosos. Es rico en funciones y f\u00e1cil de usar. Nuestro dise\u00f1o se centra en mejorar tu experiencia, \u00a1as\u00ed que te aseguramos que ser\u00e1 incre\u00edble!<\/p>\n\n\n\n<h4 class=\"wp-block-heading\">Clases, ex\u00e1menes y tareas<\/h4>\n\n\n\n<p>Cree cuestionarios, tareas, lecciones y m\u00e1s para crear cursos de aprendizaje electr\u00f3nico potentes.<\/p>\n\n\n\n<h4 class=\"wp-block-heading\">Contenido goteando<\/h4>\n\n\n\n<p>Obtenga control total sobre la gesti\u00f3n de la ruta de aprendizaje con potentes complementos incluidos como Course Content Drip.<\/p>\n\n\n\n<h3 class=\"wp-block-heading\">Detalles y listado de cursos elegantes<\/h3>\n\n\n\n<p>Elegantes dise\u00f1os integrados con m\u00faltiples dise\u00f1os para crear un cat\u00e1logo de cursos y p\u00e1ginas de detalles impactantes. Configura tu columna preferida por fila, filtros de cursos y m\u00e1s.<\/p>\n\n\n\n<h3 class=\"wp-block-heading\">Panel de control personalizado para profesores y estudiantes<\/h3>\n\n\n\n<p>Panel de control organizado y personalizado para profesores y estudiantes. Accede a todo lo que necesitas para gestionar tu LMS desde un solo lugar.<\/p>\n\n\n\n<h3 class=\"wp-block-heading\">Cuestionarios ilimitados<\/h3>\n\n\n\n<p>Potente creador de cuestionarios para crear cuestionarios personalizados con funciones \u00fatiles como tipos de preguntas \u00fanicos, temporizador y m\u00e1s para crear cuestionarios atractivos.<\/p>\n\n\n\n<h2 class=\"wp-block-heading\">\u00a1Mucho m\u00e1s!<\/h2>\n\n\n\n<p><\/p>","protected":false},"excerpt":{"rendered":"<p>Criar, gerenciar e vendercursos de eLearning&nbsp;no WordPress Ensine qualquer coisa de qualquer lugar. Sua melhor aposta para criar e vender cursos incr\u00edveis de eLearning &#8211; tudo em um s\u00f3 lugar! Plataforma de cria\u00e7\u00e3o de cursos online f\u00e1cil e intuitiva. Frontend Drag &amp; Drop Course Builder O Tutor LMS vem com um sistema revolucion\u00e1rio de arrastar [&hellip;]<\/p>","protected":false},"featured_media":1215,"comment_status":"closed","ping_status":"open","template":"","meta":{"_jf_limit_responses":"","iawp_total_views":409},"product_brand":[],"product_cat":[41],"product_tag":[19],"class_list":{"0":"post-1214","1":"product","2":"type-product","3":"status-publish","4":"has-post-thumbnail","6":"product_cat-plugins","7":"product_tag-vitalicio","9":"first","10":"instock","11":"downloadable","12":"virtual","13":"purchasable","14":"product-type-simple"},"_links":{"self":[{"href":"https:\/\/packdesites.com\/es\/wp-json\/wp\/v2\/product\/1214","targetHints":{"allow":["GET"]}}],"collection":[{"href":"https:\/\/packdesites.com\/es\/wp-json\/wp\/v2\/product"}],"about":[{"href":"https:\/\/packdesites.com\/es\/wp-json\/wp\/v2\/types\/product"}],"replies":[{"embeddable":true,"href":"https:\/\/packdesites.com\/es\/wp-json\/wp\/v2\/comments?post=1214"}],"version-history":[{"count":19,"href":"https:\/\/packdesites.com\/es\/wp-json\/wp\/v2\/product\/1214\/revisions"}],"predecessor-version":[{"id":24835,"href":"https:\/\/packdesites.com\/es\/wp-json\/wp\/v2\/product\/1214\/revisions\/24835"}],"wp:featuredmedia":[{"embeddable":true,"href":"https:\/\/packdesites.com\/es\/wp-json\/wp\/v2\/media\/1215"}],"wp:attachment":[{"href":"https:\/\/packdesites.com\/es\/wp-json\/wp\/v2\/media?parent=1214"}],"wp:term":[{"taxonomy":"product_brand","embeddable":true,"href":"https:\/\/packdesites.com\/es\/wp-json\/wp\/v2\/product_brand?post=1214"},{"taxonomy":"product_cat","embeddable":true,"href":"https:\/\/packdesites.com\/es\/wp-json\/wp\/v2\/product_cat?post=1214"},{"taxonomy":"product_tag","embeddable":true,"href":"https:\/\/packdesites.com\/es\/wp-json\/wp\/v2\/product_tag?post=1214"}],"curies":[{"name":"wp","href":"https:\/\/api.w.org\/{rel}","templated":true}]}}