{"id":1212,"date":"2024-05-13T20:07:04","date_gmt":"2024-05-13T20:07:04","guid":{"rendered":"https:\/\/packdesites.com\/produto\/rank-math-seo-pro\/"},"modified":"2026-03-13T12:59:28","modified_gmt":"2026-03-13T15:59:28","slug":"rank-math-seo-pro","status":"publish","type":"product","link":"https:\/\/packdesites.com\/es\/product\/rank-math-seo-pro\/","title":{"rendered":"Rank Math Pro actualizado v3.0.108 \u2013 Plugin SEO para WordPress"},"content":{"rendered":"<h2 class=\"wp-block-heading\">\u00bfQu\u00e9 es Rank Math?<\/h2>\n\n\n\n<p>Rank Math Pro es un\u00a0<strong>complemento de optimizaci\u00f3n de motores de b\u00fasqueda para WordPress<\/strong>\u00a0Esto facilita que cualquiera optimice su contenido con sugerencias integradas basadas en las mejores pr\u00e1cticas ampliamente aceptadas. Personalice f\u00e1cilmente ajustes importantes de SEO, controle qu\u00e9 p\u00e1ginas son indexables y c\u00f3mo desea que su sitio aparezca en las b\u00fasquedas con datos estructurados.<\/p>\n\n\n\n<p class=\"has-vivid-red-color has-text-color has-link-color wp-elements-8a3cdade5fe09880b2da5237a1d85e2d\"><strong>Instala las versiones Free y Pro. Primero la versi\u00f3n Free y luego la versi\u00f3n Pro con nosotros.<\/strong><\/p>","protected":false},"excerpt":{"rendered":"<p>\u00bfQu\u00e9 es Rank Math? Rank Math Pro es un plugin de optimizaci\u00f3n para motores de b\u00fasqueda (SEO) para WordPress que facilita la optimizaci\u00f3n de contenido con sugerencias integradas basadas en las mejores pr\u00e1cticas. Personaliza f\u00e1cilmente ajustes importantes de SEO, controla qu\u00e9 p\u00e1ginas se indexan y c\u00f3mo quieres que se posicione tu sitio.<\/p>","protected":false},"featured_media":1213,"comment_status":"closed","ping_status":"open","template":"","meta":{"_jf_limit_responses":"","iawp_total_views":384},"product_brand":[],"product_cat":[41],"product_tag":[19],"class_list":{"0":"post-1212","1":"product","2":"type-product","3":"status-publish","4":"has-post-thumbnail","6":"product_cat-plugins","7":"product_tag-vitalicio","9":"first","10":"instock","11":"downloadable","12":"virtual","13":"purchasable","14":"product-type-simple"},"_links":{"self":[{"href":"https:\/\/packdesites.com\/es\/wp-json\/wp\/v2\/product\/1212","targetHints":{"allow":["GET"]}}],"collection":[{"href":"https:\/\/packdesites.com\/es\/wp-json\/wp\/v2\/product"}],"about":[{"href":"https:\/\/packdesites.com\/es\/wp-json\/wp\/v2\/types\/product"}],"replies":[{"embeddable":true,"href":"https:\/\/packdesites.com\/es\/wp-json\/wp\/v2\/comments?post=1212"}],"version-history":[{"count":11,"href":"https:\/\/packdesites.com\/es\/wp-json\/wp\/v2\/product\/1212\/revisions"}],"predecessor-version":[{"id":24747,"href":"https:\/\/packdesites.com\/es\/wp-json\/wp\/v2\/product\/1212\/revisions\/24747"}],"wp:featuredmedia":[{"embeddable":true,"href":"https:\/\/packdesites.com\/es\/wp-json\/wp\/v2\/media\/1213"}],"wp:attachment":[{"href":"https:\/\/packdesites.com\/es\/wp-json\/wp\/v2\/media?parent=1212"}],"wp:term":[{"taxonomy":"product_brand","embeddable":true,"href":"https:\/\/packdesites.com\/es\/wp-json\/wp\/v2\/product_brand?post=1212"},{"taxonomy":"product_cat","embeddable":true,"href":"https:\/\/packdesites.com\/es\/wp-json\/wp\/v2\/product_cat?post=1212"},{"taxonomy":"product_tag","embeddable":true,"href":"https:\/\/packdesites.com\/es\/wp-json\/wp\/v2\/product_tag?post=1212"}],"curies":[{"name":"wp","href":"https:\/\/api.w.org\/{rel}","templated":true}]}}