{"id":1210,"date":"2024-04-10T22:38:59","date_gmt":"2024-04-10T22:38:59","guid":{"rendered":"https:\/\/packdesites.com\/produto\/happy-elementor-addons\/"},"modified":"2026-02-09T17:21:40","modified_gmt":"2026-02-09T20:21:40","slug":"complementos-de-happy-elementor","status":"publish","type":"product","link":"https:\/\/packdesites.com\/es\/product\/complementos-de-happy-elementor\/","title":{"rendered":"Complementos Happy Elementor Pro v3.4.4 + versi\u00f3n gratuita 3.20.3"},"content":{"rendered":"<p>En la descarga recibir\u00e1s Happy Elementor Addons Pro v3.4.2 y la versi\u00f3n gratuita.<\/p>\n\n\n\n<p class=\"has-vivid-red-color has-text-color\"><strong>NOTA: Haga una copia de seguridad de su sitio antes de instalar esta actualizaci\u00f3n.<\/strong> Descargue ambos archivos e instale Free after Pro.<\/p>\n\n\n\n<h2 class=\"wp-block-heading\">145 widgets repletos de funciones gratis junto con m\u00e1s de 50 widgets elegantes en versi\u00f3n Pro<\/h2>\n\n\n\n<p>Nuestros a\u00f1os de experiencia en dise\u00f1o y desarrollo le ayudan a obtener un conjunto de widgets bien elaborados que aportan una apariencia elegante a sus sitios web, todo sin invertir mucho tiempo.<\/p>\n\n\n\n<p><\/p>","protected":false},"excerpt":{"rendered":"<p>No download voc\u00ea ter\u00e1 o Happy Elementor Addons Pro v3.4.2 e a Vers\u00e3o Free. OBS.: Realize um backup do seu site antes de instalar esta atualiza\u00e7\u00e3o. Baixe os dois arquivos e instale o Free de pois do Pro. 145 Widgets ricos em recursos gr\u00e1tis junto com mais de 50 Widgets Elegantes no Pro Nossos anos [&hellip;]<\/p>","protected":false},"featured_media":1211,"comment_status":"closed","ping_status":"open","template":"","meta":{"_jf_limit_responses":"","iawp_total_views":312},"product_brand":[],"product_cat":[41],"product_tag":[19],"class_list":{"0":"post-1210","1":"product","2":"type-product","3":"status-publish","4":"has-post-thumbnail","6":"product_cat-plugins","7":"product_tag-vitalicio","9":"first","10":"instock","11":"downloadable","12":"virtual","13":"purchasable","14":"product-type-simple"},"_links":{"self":[{"href":"https:\/\/packdesites.com\/es\/wp-json\/wp\/v2\/product\/1210","targetHints":{"allow":["GET"]}}],"collection":[{"href":"https:\/\/packdesites.com\/es\/wp-json\/wp\/v2\/product"}],"about":[{"href":"https:\/\/packdesites.com\/es\/wp-json\/wp\/v2\/types\/product"}],"replies":[{"embeddable":true,"href":"https:\/\/packdesites.com\/es\/wp-json\/wp\/v2\/comments?post=1210"}],"version-history":[{"count":12,"href":"https:\/\/packdesites.com\/es\/wp-json\/wp\/v2\/product\/1210\/revisions"}],"predecessor-version":[{"id":24626,"href":"https:\/\/packdesites.com\/es\/wp-json\/wp\/v2\/product\/1210\/revisions\/24626"}],"wp:featuredmedia":[{"embeddable":true,"href":"https:\/\/packdesites.com\/es\/wp-json\/wp\/v2\/media\/1211"}],"wp:attachment":[{"href":"https:\/\/packdesites.com\/es\/wp-json\/wp\/v2\/media?parent=1210"}],"wp:term":[{"taxonomy":"product_brand","embeddable":true,"href":"https:\/\/packdesites.com\/es\/wp-json\/wp\/v2\/product_brand?post=1210"},{"taxonomy":"product_cat","embeddable":true,"href":"https:\/\/packdesites.com\/es\/wp-json\/wp\/v2\/product_cat?post=1210"},{"taxonomy":"product_tag","embeddable":true,"href":"https:\/\/packdesites.com\/es\/wp-json\/wp\/v2\/product_tag?post=1210"}],"curies":[{"name":"wp","href":"https:\/\/api.w.org\/{rel}","templated":true}]}}