{"id":1201,"date":"2024-04-02T03:00:00","date_gmt":"2024-04-02T03:00:00","guid":{"rendered":"https:\/\/packdesites.com\/produto\/heru-kit-de-modelos-elementor-criativo-e-agencias\/"},"modified":"2025-04-03T00:42:41","modified_gmt":"2025-04-03T00:42:41","slug":"kit-de-plantillas-para-elementor-de-heru-para-agencias-creativas","status":"publish","type":"product","link":"https:\/\/packdesites.com\/es\/product\/kit-de-plantillas-para-elementor-de-heru-para-agencias-creativas\/","title":{"rendered":"Heru \u2013 Kit de plantillas Elementor para agencias y creadores"},"content":{"rendered":"<p>Heru es un kit de plantillas de Elementor moderno y limpio. Su dise\u00f1o minimalista con tipograf\u00eda elegante es una excelente opci\u00f3n para cualquier persona o agencia creativa. El kit incluye 11 p\u00e1ginas predise\u00f1adas totalmente editables y est\u00e1 optimizado para el tema gratuito Hello Elementor, pero es compatible con la mayor\u00eda de los temas compatibles con Elementor.<\/p>\n\n\n\n<p><strong>Caracter\u00edsticas<\/strong><\/p>\n\n\n\n<ul class=\"wp-block-list\">\n<li>Dise\u00f1o moderno<\/li>\n\n\n\n<li>Dise\u00f1o adaptable para adaptarse a cualquier tama\u00f1o de pantalla<\/li>\n\n\n\n<li>Kit de plantillas de 11 p\u00e1ginas<\/li>\n\n\n\n<li>F\u00e1cil de usar y editar con Elementor<\/li>\n\n\n\n<li>Tipograf\u00eda limpia y probada<\/li>\n\n\n\n<li>y mucho m\u00e1s\u2026<\/li>\n<\/ul>\n\n\n\n<p><br><strong>Complementos necesarios (instalados autom\u00e1ticamente)<\/strong><\/p>\n\n\n\n<ul class=\"wp-block-list\">\n<li>Elementor gratuito<\/li>\n\n\n\n<li>Kit de Elementor Lite<\/li>\n<\/ul>\n\n\n\n<p><br>Este kit de plantillas utiliza im\u00e1genes de demostraci\u00f3n de Envato Elements. Necesitar\u00e1 obtener la licencia de estas im\u00e1genes de Envato Elements para usarlas en su sitio web, o puede reemplazarlas con las suyas.<\/p>","protected":false},"excerpt":{"rendered":"<p>Heru \u00e9 moderno e limpo Elementor Template Kit. O design minimalista com tipografia saborosa \u00e9 uma boa op\u00e7\u00e3o para qualquer pessoa ou ag\u00eancia criativa. O modelo de kit vem com 11 p\u00e1ginas predefinidas totalmente edit\u00e1veis e \u00e9 otimizado para o tema gratuito Hello Elementor, mas funciona com a maioria dos temas que usam Elementor. Caracter\u00edsticas [&hellip;]<\/p>","protected":false},"featured_media":1202,"comment_status":"closed","ping_status":"open","template":"","meta":{"_jf_limit_responses":"","iawp_total_views":52},"product_brand":[],"product_cat":[32,23,24],"product_tag":[19],"class_list":{"0":"post-1201","1":"product","2":"type-product","3":"status-publish","4":"has-post-thumbnail","6":"product_cat-agencia-de-marketing","7":"product_cat-templates-elementor-e-envato","8":"product_cat-templates-envato","9":"product_tag-vitalicio","11":"first","12":"instock","13":"downloadable","14":"virtual","15":"purchasable","16":"product-type-simple"},"_links":{"self":[{"href":"https:\/\/packdesites.com\/es\/wp-json\/wp\/v2\/product\/1201","targetHints":{"allow":["GET"]}}],"collection":[{"href":"https:\/\/packdesites.com\/es\/wp-json\/wp\/v2\/product"}],"about":[{"href":"https:\/\/packdesites.com\/es\/wp-json\/wp\/v2\/types\/product"}],"replies":[{"embeddable":true,"href":"https:\/\/packdesites.com\/es\/wp-json\/wp\/v2\/comments?post=1201"}],"version-history":[{"count":0,"href":"https:\/\/packdesites.com\/es\/wp-json\/wp\/v2\/product\/1201\/revisions"}],"wp:featuredmedia":[{"embeddable":true,"href":"https:\/\/packdesites.com\/es\/wp-json\/wp\/v2\/media\/1202"}],"wp:attachment":[{"href":"https:\/\/packdesites.com\/es\/wp-json\/wp\/v2\/media?parent=1201"}],"wp:term":[{"taxonomy":"product_brand","embeddable":true,"href":"https:\/\/packdesites.com\/es\/wp-json\/wp\/v2\/product_brand?post=1201"},{"taxonomy":"product_cat","embeddable":true,"href":"https:\/\/packdesites.com\/es\/wp-json\/wp\/v2\/product_cat?post=1201"},{"taxonomy":"product_tag","embeddable":true,"href":"https:\/\/packdesites.com\/es\/wp-json\/wp\/v2\/product_tag?post=1201"}],"curies":[{"name":"wp","href":"https:\/\/api.w.org\/{rel}","templated":true}]}}