{"id":1195,"date":"2024-03-26T03:00:00","date_gmt":"2024-03-26T03:00:00","guid":{"rendered":"https:\/\/packdesites.com\/produto\/archix-arquitetura-e-design-de-interiores\/"},"modified":"2025-04-03T00:42:30","modified_gmt":"2025-04-03T00:42:30","slug":"archix-arquitectura-y-diseno-de-interiores","status":"publish","type":"product","link":"https:\/\/packdesites.com\/es\/product\/archix-arquitectura-y-diseno-de-interiores\/","title":{"rendered":"Archix \u2013 Arquitectura y Dise\u00f1o de Interiores"},"content":{"rendered":"<p>Archix es un kit de plantillas Elementor creativo, moderno y profesional dise\u00f1ado especialmente para&nbsp;<strong>Los arquitectos creativos y dise\u00f1adores de interiores<\/strong>&nbsp;afuera. Este kit de plantillas de Elementor facilita la exhibici\u00f3n de sus dise\u00f1os. Si te gusta la arquitectura, el dise\u00f1o de interiores, la renovaci\u00f3n de viviendas, el sector inmobiliario, el paisajismo, la construcci\u00f3n o la creaci\u00f3n de hermosos muebles, Archix est\u00e1 hecho a tu medida.<\/p>\n\n\n\n<p><strong>Notas importantes:<\/strong><\/p>\n\n\n\n<ul class=\"wp-block-list\">\n<li><strong>Actualizaci\u00f3n de Elementor Pro (se compra por separado)<\/strong>&nbsp;Es necesario para la mayor\u00eda de modelos y funciones (no incluido).<\/li>\n\n\n\n<li>Este modelo en kit<strong>No es un tema de WordPress<\/strong>. El kit de plantillas contiene contenido de p\u00e1gina para el generador de p\u00e1ginas Elementor. Este kit est\u00e1 optimizado para su uso con el tema gratuito Hello Elementor, pero se puede utilizar con la mayor\u00eda de los temas compatibles con Elementor.<\/li>\n<\/ul>\n\n\n\n<p><strong>Caracter\u00edsticas del kit de plantillas:<\/strong><\/p>\n\n\n\n<ul class=\"wp-block-list\">\n<li>M\u00e1s de 20 plantillas listas para usar.<\/li>\n\n\n\n<li>3 dise\u00f1os de p\u00e1gina de inicio.<\/li>\n\n\n\n<li>100% Totalmente responsivo y compatible con dispositivos m\u00f3viles.<\/li>\n\n\n\n<li>Creado con Elementor Pro.<\/li>\n\n\n\n<li>Compatibilidad del navegador: Chrome, Firefox, Safari, Opera.<\/li>\n\n\n\n<li>Estilos globales incluidos.<\/li>\n\n\n\n<li>F\u00e1cil personalizaci\u00f3n de colores y tipograf\u00eda.<\/li>\n\n\n\n<li>Dise\u00f1o optimizado para SEO.<\/li>\n\n\n\n<li>No se requieren conocimientos de codificaci\u00f3n.<\/li>\n\n\n\n<li>Actualizaciones gratuitas de por vida<\/li>\n<\/ul>\n\n\n\n<p><strong>Modelos incluidos:<\/strong><\/p>\n\n\n\n<ul class=\"wp-block-list\">\n<li>P\u00e1gina de inicio 1<\/li>\n\n\n\n<li>P\u00e1gina de inicio 2<\/li>\n\n\n\n<li>P\u00e1gina de inicio 3<\/li>\n\n\n\n<li>Servicios 1<\/li>\n\n\n\n<li>Servicios 2<\/li>\n\n\n\n<li>Servicio \u00fanico<\/li>\n\n\n\n<li>Proyectos 1<\/li>\n\n\n\n<li>Proyectos 2<\/li>\n\n\n\n<li>Proyecto \u00danico 1<\/li>\n\n\n\n<li>Proyecto \u00danico 2<\/li>\n\n\n\n<li>Quienes somos<\/li>\n\n\n\n<li>Nuestro equipo 1<\/li>\n\n\n\n<li>Nuestro equipo 2<\/li>\n\n\n\n<li>Nuestros clientes<\/li>\n\n\n\n<li>Precios<\/li>\n\n\n\n<li>Testimonios<\/li>\n\n\n\n<li>Preguntas frecuentes<\/li>\n\n\n\n<li>Blog<\/li>\n\n\n\n<li>Publicaci\u00f3n \u00fanica<\/li>\n\n\n\n<li>Cont\u00e1ctenos<\/li>\n\n\n\n<li>P\u00e1gina 404<\/li>\n\n\n\n<li>Encabezamiento<\/li>\n\n\n\n<li>Z\u00f3calo<\/li>\n\n\n\n<li>Bloque: CTA principal<\/li>\n<\/ul>\n\n\n\n<p><strong>Complementos necesarios:<\/strong><\/p>\n\n\n\n<ul class=\"wp-block-list\">\n<li>Elementor<\/li>\n\n\n\n<li><strong>Se requiere la actualizaci\u00f3n a Elementor Pro (compra por separado) para la mayor\u00eda de las plantillas y funciones (no incluidas).<\/strong><\/li>\n<\/ul>\n\n\n\n<p><strong>C\u00f3mo utilizar los kits de modelos:<\/strong><\/p>\n\n\n\n<ol class=\"wp-block-list\">\n<li>Descargue el archivo de su kit de Envato y no lo descomprima. Si utiliza el navegador Safari, es posible que deba asegurarse de que la opci\u00f3n \u201cAbrir archivos seguros despu\u00e9s de descargar\u201d est\u00e9 deshabilitada en las preferencias de su navegador.<\/li>\n\n\n\n<li>Vaya a Configuraci\u00f3n &gt; Enlaces permanentes y aseg\u00farese de que el Nombre de la publicaci\u00f3n est\u00e9 seleccionado<\/li>\n\n\n\n<li>Vaya a Apariencia &gt; Temas &gt; Agregar nuevo y aseg\u00farese de que Hello Elementor est\u00e9 instalado y activado. Esto le pedir\u00e1 que instale Elementor si a\u00fan no lo ha hecho.<\/li>\n\n\n\n<li>Vaya a Complementos y aseg\u00farese de que Elementor y Envato Elements est\u00e9n instalados y en la \u00faltima versi\u00f3n. Si su kit requiere Elementor Pro, debe instalarlo ahora y conectarlo a su cuenta.<\/li>\n\n\n\n<li>Vaya a Elementos &gt; Kits instalados y haga clic en Cargar kit de plantilla Zip (o haga clic en su kit para verlo)<\/li>\n\n\n\n<li>Verifique el banner naranja en la parte superior y haga clic en Instalar requisitos para cargar los complementos que utiliza el kit. https:\/\/envato.d.pr\/ughD8Q<\/li>\n\n\n\n<li>Primero haga clic en Importar en Estilos del kit global. Esto configurar\u00e1 los ajustes del sitio.<\/li>\n\n\n\n<li>Haga clic en Importar un modelo a la vez en el orden mostrado. Se almacenan en Elementor en Plantillas &gt; Plantillas guardadas y se reutilizan desde aqu\u00ed.<\/li>\n<\/ol>\n\n\n\n<p><strong>Creando p\u00e1ginas<\/strong><\/p>\n\n\n\n<ol class=\"wp-block-list\">\n<li>Vaya a P\u00e1ginas y cree una nueva p\u00e1gina y haga clic en Editar con Elementor<\/li>\n\n\n\n<li>Haga clic en el \u00edcono de engranaje en la esquina inferior izquierda del generador para mostrar la configuraci\u00f3n de la p\u00e1gina y elija Elementor Ancho completo y oculte el t\u00edtulo de la p\u00e1gina.<\/li>\n\n\n\n<li>Haga clic en el \u00edcono de la carpeta gris para acceder a la pesta\u00f1a Mis plantillas, luego importe la p\u00e1gina que desea personalizar.<\/li>\n\n\n\n<li>La p\u00e1gina de inicio se configura en Configuraci\u00f3n &gt; Lectura, seleccionando P\u00e1gina de inicio est\u00e1tica.<\/li>\n<\/ol>\n\n\n\n<p>Si tienes Elementor Pro, los encabezados y pies de p\u00e1gina se personalizan en Plantillas &gt; Generador de temas.<\/p>\n\n\n\n<p><strong>Gu\u00eda detallada:<\/strong><\/p>\n\n\n\n<ul class=\"wp-block-list\">\n<li><strong>Documentaci\u00f3n de Envato:<\/strong>&nbsp;https:\/\/help.market.envato.com\/hc\/en-us\/articles\/900000842846-How-to-use-the-Envato-Elements-WordPress-Plugin-v2-0<\/li>\n\n\n\n<li><strong>Documentaci\u00f3n de Elementor:<\/strong>&nbsp;Para obtener m\u00e1s ayuda, vaya a Elementor &gt; Obtener ayuda en el men\u00fa de WordPress.<\/li>\n<\/ul>\n\n\n\n<p><strong>C\u00f3mo configurar el bloque CTA principal:<\/strong><\/p>\n\n\n\n<ol class=\"wp-block-list\">\n<li>Importa el bloque CTA principal y personal\u00edzalo desde Plantillas &gt; Plantillas guardadas.<\/li>\n\n\n\n<li>Crea\/Abre la p\u00e1gina donde debe aparecer el bloque CTA en Elementor.<\/li>\n\n\n\n<li>Localice el elemento Plantilla en el navegador y seleccione el bloque de la lista desplegable.<\/li>\n\n\n\n<li>Alternativamente, puede configurar la plantilla Bloque CTA como Global e insertar el bloque directamente en sus p\u00e1ginas desde la biblioteca Mis plantillas. Para obtener m\u00e1s informaci\u00f3n sobre los globales, consulte Elementor &gt; Obtener ayuda en el men\u00fa de administraci\u00f3n.<\/li>\n<\/ol>\n\n\n\n<p><strong>Entradas del blog:<\/strong><\/p>\n\n\n\n<p>El contenido del blog no est\u00e1 incluido: deber\u00e1 agregar algunas publicaciones a WordPress antes de que el contenido de las publicaciones aparezca en las plantillas.<\/p>\n\n\n\n<p><strong>Licencia de la imagen:<\/strong><\/p>\n\n\n\n<p>Este kit de plantillas utiliza im\u00e1genes de demostraci\u00f3n de Envato Elements. Necesitar\u00e1 obtener la licencia de estas im\u00e1genes de Envato Elements para usarlas en su sitio web, o puede reemplazarlas con las suyas.<\/p>\n\n\n\n<ul class=\"wp-block-list\">\n<li>Hatpas:\/\/elements.envaton.com\/collection\/mak6L9JEKSP2H<\/li>\n<\/ul>","protected":false},"excerpt":{"rendered":"<p>Archix \u00e9 um kit de modelo Elementor criativo, moderno e profissional projetado especialmente para&nbsp;os arquitetos e designers de interiores criativos&nbsp;l\u00e1 fora. Este kit de modelos do Elementor facilita a apresenta\u00e7\u00e3o de seus projetos. Se voc\u00ea gosta de arquitetura, design de interiores, reforma de casas, im\u00f3veis, paisagismo, constru\u00e7\u00e3o ou cria\u00e7\u00e3o de belos m\u00f3veis, o Archix \u00e9 [&hellip;]<\/p>","protected":false},"featured_media":1196,"comment_status":"closed","ping_status":"open","template":"","meta":{"_jf_limit_responses":"","iawp_total_views":118},"product_brand":[],"product_cat":[30,27,23,24],"product_tag":[19],"class_list":{"0":"post-1195","1":"product","2":"type-product","3":"status-publish","4":"has-post-thumbnail","6":"product_cat-imobiliario-arquitetura-e-construcao-de-imoveis","7":"product_cat-prestadores-de-servicos","8":"product_cat-templates-elementor-e-envato","9":"product_cat-templates-envato","10":"product_tag-vitalicio","12":"first","13":"instock","14":"downloadable","15":"virtual","16":"purchasable","17":"product-type-simple"},"_links":{"self":[{"href":"https:\/\/packdesites.com\/es\/wp-json\/wp\/v2\/product\/1195","targetHints":{"allow":["GET"]}}],"collection":[{"href":"https:\/\/packdesites.com\/es\/wp-json\/wp\/v2\/product"}],"about":[{"href":"https:\/\/packdesites.com\/es\/wp-json\/wp\/v2\/types\/product"}],"replies":[{"embeddable":true,"href":"https:\/\/packdesites.com\/es\/wp-json\/wp\/v2\/comments?post=1195"}],"version-history":[{"count":0,"href":"https:\/\/packdesites.com\/es\/wp-json\/wp\/v2\/product\/1195\/revisions"}],"wp:featuredmedia":[{"embeddable":true,"href":"https:\/\/packdesites.com\/es\/wp-json\/wp\/v2\/media\/1196"}],"wp:attachment":[{"href":"https:\/\/packdesites.com\/es\/wp-json\/wp\/v2\/media?parent=1195"}],"wp:term":[{"taxonomy":"product_brand","embeddable":true,"href":"https:\/\/packdesites.com\/es\/wp-json\/wp\/v2\/product_brand?post=1195"},{"taxonomy":"product_cat","embeddable":true,"href":"https:\/\/packdesites.com\/es\/wp-json\/wp\/v2\/product_cat?post=1195"},{"taxonomy":"product_tag","embeddable":true,"href":"https:\/\/packdesites.com\/es\/wp-json\/wp\/v2\/product_tag?post=1195"}],"curies":[{"name":"wp","href":"https:\/\/api.w.org\/{rel}","templated":true}]}}