{"id":119,"date":"2024-05-30T20:55:57","date_gmt":"2024-05-30T20:55:57","guid":{"rendered":"https:\/\/packdesites.com\/produto\/mecare-hospital-and-health-wordpress-theme\/"},"modified":"2025-04-03T00:14:09","modified_gmt":"2025-04-03T00:14:09","slug":"tema-de-wordpress-para-hospitales-y-salud-de-mecare","status":"publish","type":"product","link":"https:\/\/packdesites.com\/es\/product\/tema-de-wordpress-para-hospitales-y-salud-de-mecare\/","title":{"rendered":"Mecare \u2013 Tema de WordPress para hospitales y salud"},"content":{"rendered":"<p>Mecare es un tema de WordPress adecuado para hospitales, cl\u00ednicas, dentistas, m\u00e9dicos, salud, etc.<\/p>\n\n\n\n<p>Mecare \u2013 Tema WordPress para hospitales y salud. El tema Mecare para m\u00e9dicos y hospitales tiene un dise\u00f1o moderno y comercial que impulsar\u00e1 su negocio. Desarrollamos este tema bas\u00e1ndonos en una investigaci\u00f3n exhaustiva sobre hospitales, atenci\u00f3n m\u00e9dica y seguros, adapt\u00e1ndolo a sus necesidades y las expectativas de sus clientes.<\/p>\n\n\n\n<p>Desarrollamos este tema en Elementor, un constructor de p\u00e1ginas de arrastrar y soltar muy pr\u00e1ctico para WordPress. Te proporcionar\u00e1 la experiencia m\u00e1s fluida al crear tu sitio web con nuestro tema. El tema de WordPress es responsivo, as\u00ed que tambi\u00e9n puedes verlo en dispositivos m\u00f3viles y tabletas, y se ve genial en la mayor\u00eda de los dispositivos.<\/p>\n\n\n\n<h4 class=\"wp-block-heading\" id=\"item-description__features\">CARACTER\u00cdSTICAS<\/h4>\n\n\n\n<ul class=\"wp-block-list\">\n<li>WordPress 6.0+<\/li>\n\n\n\n<li>F\u00e1cil configuraci\u00f3n con contenido de demostraci\u00f3n.<\/li>\n\n\n\n<li>Estilos de color ilimitados<\/li>\n\n\n\n<li>Blog de una sola p\u00e1gina<\/li>\n\n\n\n<li>Animar cualquier elemento<\/li>\n\n\n\n<li>Dise\u00f1o adaptable<\/li>\n\n\n\n<li>Listo para retina<\/li>\n\n\n\n<li>Dise\u00f1o \u00fanico<\/li>\n\n\n\n<li>Dise\u00f1o de p\u00e1gina \u00fanica<\/li>\n\n\n\n<li>Formulario de contacto 7<\/li>\n\n\n\n<li>jQuery mejorado<\/li>\n\n\n\n<li>F\u00e1cil configuraci\u00f3n<\/li>\n\n\n\n<li>Documentaci\u00f3n muy clara (paso a paso)<\/li>\n<\/ul>\n\n\n\n<p class=\"has-vivid-red-color has-text-color\"><strong>El proceso de instalaci\u00f3n del tema se encuentra en la carpeta documentaci\u00f3n &gt; doc-mecare. Abra el archivo index.html para acceder a la gu\u00eda de instalaci\u00f3n y configuraci\u00f3n.<\/strong><\/p>","protected":false},"excerpt":{"rendered":"<p>Mecare \u2013 \u00e9 um tema WordPress adequado para hospital, cl\u00ednica, dentista, m\u00e9dico e sa\u00fade, etc Mecare \u2013 Hospital e Sa\u00fade WordPress Tema. Mecare tema \u00e9 para M\u00e9dicos e Hospitais \u00e9 um design de negocia\u00e7\u00e3o moderna para impulsionar o seu neg\u00f3cio. Constru\u00edmos este tema com base em pesquisas aprofundadas sobre Neg\u00f3cio Hospitalar, de Sa\u00fade e de [&hellip;]<\/p>","protected":false},"featured_media":120,"comment_status":"closed","ping_status":"open","template":"","meta":{"_jf_limit_responses":"","iawp_total_views":49},"product_brand":[],"product_cat":[22],"product_tag":[19],"class_list":{"0":"post-119","1":"product","2":"type-product","3":"status-publish","4":"has-post-thumbnail","6":"product_cat-temas-wordpress","7":"product_tag-vitalicio","9":"first","10":"instock","11":"downloadable","12":"virtual","13":"purchasable","14":"product-type-simple"},"_links":{"self":[{"href":"https:\/\/packdesites.com\/es\/wp-json\/wp\/v2\/product\/119","targetHints":{"allow":["GET"]}}],"collection":[{"href":"https:\/\/packdesites.com\/es\/wp-json\/wp\/v2\/product"}],"about":[{"href":"https:\/\/packdesites.com\/es\/wp-json\/wp\/v2\/types\/product"}],"replies":[{"embeddable":true,"href":"https:\/\/packdesites.com\/es\/wp-json\/wp\/v2\/comments?post=119"}],"version-history":[{"count":0,"href":"https:\/\/packdesites.com\/es\/wp-json\/wp\/v2\/product\/119\/revisions"}],"wp:featuredmedia":[{"embeddable":true,"href":"https:\/\/packdesites.com\/es\/wp-json\/wp\/v2\/media\/120"}],"wp:attachment":[{"href":"https:\/\/packdesites.com\/es\/wp-json\/wp\/v2\/media?parent=119"}],"wp:term":[{"taxonomy":"product_brand","embeddable":true,"href":"https:\/\/packdesites.com\/es\/wp-json\/wp\/v2\/product_brand?post=119"},{"taxonomy":"product_cat","embeddable":true,"href":"https:\/\/packdesites.com\/es\/wp-json\/wp\/v2\/product_cat?post=119"},{"taxonomy":"product_tag","embeddable":true,"href":"https:\/\/packdesites.com\/es\/wp-json\/wp\/v2\/product_tag?post=119"}],"curies":[{"name":"wp","href":"https:\/\/api.w.org\/{rel}","templated":true}]}}