{"id":1185,"date":"2024-01-06T03:00:00","date_gmt":"2024-01-06T03:00:00","guid":{"rendered":"https:\/\/packdesites.com\/produto\/carnivore-carnes-e-acougueiros\/"},"modified":"2025-04-03T00:42:19","modified_gmt":"2025-04-03T00:42:19","slug":"carnes-carnivoras-y-carniceros","status":"publish","type":"product","link":"https:\/\/packdesites.com\/es\/product\/carnes-carnivoras-y-carniceros\/","title":{"rendered":"Carn\u00edvoro \u2013 Carnes y carniceros"},"content":{"rendered":"<p>Presentamos Carnivore: el kit de plantillas de Elementor definitivo para carnicer\u00edas que venden pescado, carne de res, pollo y cordero, y para negocios de carnicer\u00eda. Si quieres crear una presencia online profesional para tu negocio y crear una tienda online, el kit de plantillas de Carnivore es lo que necesitas.<\/p>\n\n\n\n<p>No te conformes con un sitio web gen\u00e9rico: elige el kit de plantillas Elementor para carnes y carnicer\u00edas de Carnivore y crea un sitio web que se destaque entre la multitud.<\/p>\n\n\n\n<p>Con 23 incre\u00edbles plantillas para elegir, Carnivore tiene todo lo que necesitas para mostrar tus productos y servicios. Desde landing pages hasta listados de productos y tablas de precios, cada plantilla ha sido dise\u00f1ada por expertos para ayudarte a destacar entre la competencia.<\/p>\n\n\n\n<p>Gracias a la compatibilidad de Carnivore con WooCommerce, puedes crear f\u00e1cilmente una tienda online y empezar a vender tus productos de inmediato. Ya sea que vendas filetes, salchichas o cualquier otro producto, Carnivore facilita la gesti\u00f3n de tu inventario y el procesamiento de pedidos.<\/p>\n\n\n\n<p>Pero eso no es todo: el dise\u00f1o adaptable de Carnivore garantiza que tu sitio se vea genial en cualquier dispositivo, desde computadoras de escritorio hasta tabletas y smartphones. Y con su interfaz f\u00e1cil de usar de arrastrar y soltar, personalizar tu sitio nunca ha sido tan f\u00e1cil.<\/p>\n\n\n\n<p>\u00bfA qu\u00e9 esperas? Lleva tu carnicer\u00eda o carnicer\u00eda al siguiente nivel con Carnivore y disfruta de un sitio web profesional y f\u00e1cil de usar que te ayudar\u00e1 a hacer crecer tu negocio.<\/p>\n\n\n\n<p>Este kit requiere la actualizaci\u00f3n de Elementor Pro para algunas plantillas y funciones (no incluidas).<\/p>\n\n\n\n<p>![Plantilla de sitio web de carnicer\u00eda](https:\/\/themewarrior.com\/data\/themeforest\/carnivore-features.jpg)<\/p>\n\n\n\n<p>![Plantilla de Elementor de comida congelada](https:\/\/themewarrior.com\/data\/themeforest\/carnivore-elementor.jpg)<\/p>\n\n\n\n<p>![Plantilla de Elementor de carnicer\u00eda](https:\/\/themewarrior.com\/data\/themeforest\/carnivore-templates.jpg) ## Lista de plantillas<\/p>\n\n\n\n<ol class=\"wp-block-list\">\n<li>Estilos de kit globales<\/li>\n\n\n\n<li>Encabezado global<\/li>\n\n\n\n<li>Pie de p\u00e1gina global<\/li>\n\n\n\n<li>P\u00e1gina de inicio<\/li>\n\n\n\n<li>En<\/li>\n\n\n\n<li>Almacenar<\/li>\n\n\n\n<li>Carro<\/li>\n\n\n\n<li>Verificar<\/li>\n\n\n\n<li>Mi cuenta<\/li>\n\n\n\n<li>Productos individuales<\/li>\n\n\n\n<li>Nuestro equipo<\/li>\n\n\n\n<li>Precios<\/li>\n\n\n\n<li>Acceso<\/li>\n\n\n\n<li>Seguimiento del pedido<\/li>\n\n\n\n<li>Blog<\/li>\n\n\n\n<li>Testimonios<\/li>\n\n\n\n<li>PREGUNTAS FRECUENTES<\/li>\n\n\n\n<li>Publicaci\u00f3n \u00fanica<\/li>\n\n\n\n<li>Archivar el blog<\/li>\n\n\n\n<li>Ponte en contacto con nosotros<\/li>\n\n\n\n<li>Dentro de poco<\/li>\n\n\n\n<li>P\u00e1gina 404<\/li>\n\n\n\n<li>Banner emergente<\/li>\n<\/ol>\n\n\n\n<p>#### C\u00f3mo instalar:<\/p>\n\n\n\n<ol class=\"wp-block-list\">\n<li>Instalar y activar el complemento \u201cEnvato Elements\u201d en Complementos &gt; Agregar nuevo en WordPress<\/li>\n\n\n\n<li>No descomprimir<\/li>\n\n\n\n<li>Vaya a Elementos &gt; Kits instalados y haga clic en el bot\u00f3n Cargar kit de plantilla.<\/li>\n\n\n\n<li>Antes de importar una plantilla, aseg\u00farese de hacer clic en el bot\u00f3n Instalar requisitos para activar los complementos necesarios.<\/li>\n\n\n\n<li>Para obtener mejores resultados, no importe m\u00e1s de un modelo a la vez.<\/li>\n<\/ol>","protected":false},"excerpt":{"rendered":"<p>Apresentando o Carnivore &#8211; o template kit Elementor definitivo para lojas de carne que vendem neg\u00f3cios e lojas de peixe, carne bovina, frango, carne de carneiro e a\u00e7ougues. Se voc\u00ea deseja criar uma presen\u00e7a on-line profissional para sua empresa e criar uma loja on-line, basta procurar o template kit Carnivore. N\u00e3o se contente com um [&hellip;]<\/p>","protected":false},"featured_media":1186,"comment_status":"closed","ping_status":"open","template":"","meta":{"_jf_limit_responses":"","iawp_total_views":57},"product_brand":[],"product_cat":[26,23,24],"product_tag":[19],"class_list":{"0":"post-1185","1":"product","2":"type-product","3":"status-publish","4":"has-post-thumbnail","6":"product_cat-lojas-virtuais","7":"product_cat-templates-elementor-e-envato","8":"product_cat-templates-envato","9":"product_tag-vitalicio","11":"first","12":"instock","13":"downloadable","14":"virtual","15":"purchasable","16":"product-type-simple"},"_links":{"self":[{"href":"https:\/\/packdesites.com\/es\/wp-json\/wp\/v2\/product\/1185","targetHints":{"allow":["GET"]}}],"collection":[{"href":"https:\/\/packdesites.com\/es\/wp-json\/wp\/v2\/product"}],"about":[{"href":"https:\/\/packdesites.com\/es\/wp-json\/wp\/v2\/types\/product"}],"replies":[{"embeddable":true,"href":"https:\/\/packdesites.com\/es\/wp-json\/wp\/v2\/comments?post=1185"}],"version-history":[{"count":0,"href":"https:\/\/packdesites.com\/es\/wp-json\/wp\/v2\/product\/1185\/revisions"}],"wp:featuredmedia":[{"embeddable":true,"href":"https:\/\/packdesites.com\/es\/wp-json\/wp\/v2\/media\/1186"}],"wp:attachment":[{"href":"https:\/\/packdesites.com\/es\/wp-json\/wp\/v2\/media?parent=1185"}],"wp:term":[{"taxonomy":"product_brand","embeddable":true,"href":"https:\/\/packdesites.com\/es\/wp-json\/wp\/v2\/product_brand?post=1185"},{"taxonomy":"product_cat","embeddable":true,"href":"https:\/\/packdesites.com\/es\/wp-json\/wp\/v2\/product_cat?post=1185"},{"taxonomy":"product_tag","embeddable":true,"href":"https:\/\/packdesites.com\/es\/wp-json\/wp\/v2\/product_tag?post=1185"}],"curies":[{"name":"wp","href":"https:\/\/api.w.org\/{rel}","templated":true}]}}