{"id":1183,"date":"2023-11-24T03:00:00","date_gmt":"2023-11-24T03:00:00","guid":{"rendered":"https:\/\/packdesites.com\/produto\/reach-agencia-de-marketing-digital-e-template-kit-criativos-elementor\/"},"modified":"2025-04-03T00:42:11","modified_gmt":"2025-04-03T00:42:11","slug":"agencia-de-marketing-digital-reach-y-kit-de-plantillas-creativas-elementor","status":"publish","type":"product","link":"https:\/\/packdesites.com\/es\/product\/agencia-de-marketing-digital-reach-y-kit-de-plantillas-creativas-elementor\/","title":{"rendered":"Reach \u2013 Agencia de Marketing Digital y Kit de Plantillas Creativas de Elementor"},"content":{"rendered":"<p>El Kit de Plantillas Reach es una soluci\u00f3n creativa completa para desarrollar sitios web impactantes y de alto rendimiento para tu agencia digital. Con una interfaz intuitiva y personalizable, este kit ofrece un conjunto completo de funciones para maximizar tu creatividad y alcanzar tu m\u00e1ximo potencial.<\/p>\n\n\n\n<p>.<\/p>\n\n\n\n<p>Con m\u00e1s de 23 plantillas predise\u00f1adas, este kit est\u00e1 dise\u00f1ado para satisfacer todas sus necesidades de dise\u00f1o y satisfacer eficazmente las demandas de sus clientes. Cada plantilla muestra una meticulosa atenci\u00f3n al detalle. Adem\u00e1s, cuenta con un sistema de dise\u00f1o adaptable que ajusta autom\u00e1ticamente las dimensiones de su dise\u00f1o, haci\u00e9ndolo preciso en todos los dispositivos.<\/p>\n\n\n\n<p>.<\/p>\n\n\n\n<p>Maximiza la calidad de tu trabajo con nuestro Kit Reach. Gracias a su enfoque responsivo y centrado en el dise\u00f1o, este kit ofrece un rendimiento excepcional y optimizaci\u00f3n de la conversi\u00f3n. Consigue ahora el Kit de Plantillas Reach para Elementor y transforma la experiencia de tus clientes con el trabajo de tu agencia digital.<\/p>\n\n\n\n<p>.<\/p>\n\n\n\n<p>Este kit est\u00e1 optimizado para su uso con el tema gratuito Hello Elementor, pero se puede utilizar con la mayor\u00eda de los temas compatibles con Elementor.<\/p>\n\n\n\n<p>Al instalar este kit de plantillas, todo el contenido de nuestra demo, como gr\u00e1ficos, texto e im\u00e1genes, se importar\u00e1 a tu sitio web. Puedes modificar todos los elementos de este dise\u00f1o directamente en Elementor como prefieras, sin necesidad de usar programas de edici\u00f3n como Photoshop o Adobe Illustrator. Puedes personalizar los colores de todo, lo que significa que tienes control total sobre tu sitio web.<\/p>\n\n\n\n<p><strong>Caracter\u00edsticas<\/strong><\/p>\n\n\n\n<p><strong>Dise\u00f1o y maquetaci\u00f3n premium:<\/strong>&nbsp;Todo fue construido para lucir moderno y de alta calidad, siguiendo las \u00faltimas tendencias en dise\u00f1o web.<\/p>\n\n\n\n<p><strong>Aspectos destacados de Elementor Pro:<\/strong>&nbsp;Creamos este kit con widgets de Elementor Pro, as\u00ed que tendr\u00e1s que instalarlos y activarlos. Si no tienes licencia, haz clic aqu\u00ed para comprarla: https:\/\/be.elementor.com\/visit\/?bta=5981&amp;nci=5383<\/p>\n\n\n\n<p>Capacidad de&nbsp;<strong>respuesta perfecta:<\/strong>&nbsp;Este kit ofrece un dise\u00f1o perfectamente responsivo, lo que garantiza que todos sus clientes tengan una experiencia de navegaci\u00f3n \u00fanica, independientemente de si usan una computadora, una computadora port\u00e1til, una tableta o un tel\u00e9fono.<\/p>\n\n\n\n<p><strong>\u00c1rea del blog:<\/strong>&nbsp;La secci\u00f3n del blog est\u00e1 incluida y es personalizable con plantillas de archivo y detalles de las publicaciones. Simplemente escribe y todo estar\u00e1 listo para que lo vean tus clientes.<\/p>\n\n\n\n<p><strong>Animaciones modernas:<\/strong>&nbsp;Todo el dise\u00f1o incluye hermosas animaciones interactivas. As\u00ed, podr\u00e1s sorprender a tus usuarios mientras exploran tu sitio.<\/p>\n\n\n\n<p><strong>Mejor que un tema:<\/strong>&nbsp;Este art\u00edculo es un kit de plantillas de Elementor, no un tema de WordPress. Es superior a un tema de WordPress porque ofrece total libertad para editar, personalizar e instalar plugins a tu gusto. Solo necesitas instalar y activar el tema gratuito &quot;Hello Elementor&quot;, desarrollado por el equipo de Elementor, que se encuentra disponible gratuitamente en el repositorio de WordPress. Se pueden usar otros plugins para a\u00f1adir m\u00e1s funcionalidad a este dise\u00f1o, pero recuerda que el plugin o tema debe ser compatible con Elementor para poder usarlo.<\/p>\n\n\n\n<p>.<\/p>\n\n\n\n<p><strong>F\u00e1cil instalaci\u00f3n con un solo clic:<\/strong>&nbsp;Instalar este dise\u00f1o en tu sitio web es muy sencillo. No incluye una hoja de estilos .css como un tema est\u00e1ndar; su proceso de instalaci\u00f3n es diferente, pero sencillo. Solo necesitas instalar el plugin Envato Elements, disponible gratuitamente en el repositorio de WordPress.<\/p>\n\n\n\n<p>que necesitas.<\/p>\n\n\n\n<p><strong>100% personalizable:<\/strong>&nbsp;Este kit fue dise\u00f1ado y desarrollado pensando en la facilidad de edici\u00f3n. Por lo tanto, todo se cre\u00f3 utilizando el sistema de dise\u00f1o Elementor, incluyendo la configuraci\u00f3n global, una paleta de colores global, fuentes globales y m\u00e1s. Esto facilita la personalizaci\u00f3n seg\u00fan tus preferencias de dise\u00f1o.<\/p>\n\n\n\n<p>.<\/p>\n\n\n\n<p><strong>Modelos<\/strong><\/p>\n\n\n\n<ul class=\"wp-block-list\">\n<li>404<\/li>\n\n\n\n<li>Sobre nosotros<\/li>\n\n\n\n<li>Publicidad<\/li>\n\n\n\n<li>Archivo del blog<\/li>\n\n\n\n<li>Producto de archivo<\/li>\n\n\n\n<li>Carro<\/li>\n\n\n\n<li>Verificar<\/li>\n\n\n\n<li>Dentro de poco<\/li>\n\n\n\n<li>Cont\u00e1ctanos<\/li>\n\n\n\n<li>Creaci\u00f3n de ideas<\/li>\n\n\n\n<li>Preguntas frecuentes<\/li>\n\n\n\n<li>Z\u00f3calo<\/li>\n\n\n\n<li>encabezamiento<\/li>\n\n\n\n<li>Hogar<\/li>\n\n\n\n<li>Logotipo y marca<\/li>\n\n\n\n<li>Mi cuenta<\/li>\n\n\n\n<li>Nuestro proceso<\/li>\n\n\n\n<li>Nuestro equipo<\/li>\n\n\n\n<li>Planes y precios<\/li>\n\n\n\n<li>Servicios<\/li>\n\n\n\n<li>Publicaci\u00f3n \u00fanica<\/li>\n\n\n\n<li>Producto \u00fanico<\/li>\n\n\n\n<li>Contenido estrat\u00e9gico<\/li>\n<\/ul>\n\n\n\n<p><strong>Complementos instalados con el kit<\/strong><\/p>\n\n\n\n<ul class=\"wp-block-list\">\n<li>Woocommerce (*opcional para el contenido de la tienda)<\/li>\n\n\n\n<li>Elementor<\/li>\n\n\n\n<li>Se requiere la actualizaci\u00f3n de Elementor Pro para algunas plantillas y funciones (no incluidas)<\/li>\n<\/ul>\n\n\n\n<p><strong>C\u00f3mo instalar<\/strong><\/p>\n\n\n\n<ol class=\"wp-block-list\">\n<li>Instalar y activar el complemento \u201cEnvato Elements\u201d en Complementos &gt; Agregar nuevo en WordPress<\/li>\n\n\n\n<li>No descomprimir<\/li>\n\n\n\n<li>Vaya a Elementos &gt; Kits instalados y haga clic en el bot\u00f3n Cargar kit de plantilla.<\/li>\n\n\n\n<li>Antes de importar una plantilla, aseg\u00farese de hacer clic en el bot\u00f3n Instalar requisitos para activar los complementos necesarios.<\/li>\n\n\n\n<li>Para obtener mejores resultados, no importe m\u00e1s de un modelo a la vez.<\/li>\n\n\n\n<li>Vaya a P\u00e1ginas, cree una nueva p\u00e1gina y haga clic en Editar con Elementor<\/li>\n\n\n\n<li>Haga clic en el \u00edcono de engranaje en la esquina inferior izquierda del generador para ver la configuraci\u00f3n de la p\u00e1gina y elija Elementor Ancho completo y oculte el t\u00edtulo de la p\u00e1gina.<\/li>\n\n\n\n<li>Haga clic en el icono de la carpeta gris para acceder a la pesta\u00f1a Mis plantillas, luego importe la p\u00e1gina que desea personalizar.<\/li>\n<\/ol>\n\n\n\n<p>Gu\u00eda detallada: https:\/\/help.market.envato.com\/hc\/es-es\/articles\/900000842846-C\u00f3mo-usar-el-Plugin-Envato-Elements-WordPress-v2-0<\/p>\n\n\n\n<p class=\"has-white-color has-black-background-color has-text-color has-background has-link-color wp-elements-a36a645c258788ac1a71e9e9a38a604c\"><strong>Las im\u00e1genes de plantilla no est\u00e1n incluidas. Por lo tanto, al importarlas, deber\u00e1 reemplazarlas por las suyas o descargarlas directamente desde la vista previa.<\/strong><\/p>","protected":false},"excerpt":{"rendered":"<p>El Kit de Plantillas Reach es una soluci\u00f3n creativa completa para desarrollar sitios web incre\u00edbles y de alto rendimiento para tu agencia digital. Con una interfaz intuitiva y personalizable, este kit ofrece un conjunto completo de funciones para maximizar tu creatividad y alcanzar tu m\u00e1ximo potencial. Con m\u00e1s de 23 plantillas predise\u00f1adas, este kit fue [\u2026]<\/p>","protected":false},"featured_media":1184,"comment_status":"closed","ping_status":"open","template":"","meta":{"_jf_limit_responses":"","iawp_total_views":114},"product_brand":[],"product_cat":[32,26,27,23,24],"product_tag":[19],"class_list":{"0":"post-1183","1":"product","2":"type-product","3":"status-publish","4":"has-post-thumbnail","6":"product_cat-agencia-de-marketing","7":"product_cat-lojas-virtuais","8":"product_cat-prestadores-de-servicos","9":"product_cat-templates-elementor-e-envato","10":"product_cat-templates-envato","11":"product_tag-vitalicio","13":"first","14":"instock","15":"downloadable","16":"virtual","17":"purchasable","18":"product-type-simple"},"_links":{"self":[{"href":"https:\/\/packdesites.com\/es\/wp-json\/wp\/v2\/product\/1183","targetHints":{"allow":["GET"]}}],"collection":[{"href":"https:\/\/packdesites.com\/es\/wp-json\/wp\/v2\/product"}],"about":[{"href":"https:\/\/packdesites.com\/es\/wp-json\/wp\/v2\/types\/product"}],"replies":[{"embeddable":true,"href":"https:\/\/packdesites.com\/es\/wp-json\/wp\/v2\/comments?post=1183"}],"version-history":[{"count":0,"href":"https:\/\/packdesites.com\/es\/wp-json\/wp\/v2\/product\/1183\/revisions"}],"wp:featuredmedia":[{"embeddable":true,"href":"https:\/\/packdesites.com\/es\/wp-json\/wp\/v2\/media\/1184"}],"wp:attachment":[{"href":"https:\/\/packdesites.com\/es\/wp-json\/wp\/v2\/media?parent=1183"}],"wp:term":[{"taxonomy":"product_brand","embeddable":true,"href":"https:\/\/packdesites.com\/es\/wp-json\/wp\/v2\/product_brand?post=1183"},{"taxonomy":"product_cat","embeddable":true,"href":"https:\/\/packdesites.com\/es\/wp-json\/wp\/v2\/product_cat?post=1183"},{"taxonomy":"product_tag","embeddable":true,"href":"https:\/\/packdesites.com\/es\/wp-json\/wp\/v2\/product_tag?post=1183"}],"curies":[{"name":"wp","href":"https:\/\/api.w.org\/{rel}","templated":true}]}}