{"id":1181,"date":"2023-07-02T03:00:00","date_gmt":"2023-07-02T03:00:00","guid":{"rendered":"https:\/\/packdesites.com\/produto\/arzeo-elegante-de-arquitetura-e-interior\/"},"modified":"2025-06-24T15:22:44","modified_gmt":"2025-06-24T18:22:44","slug":"elegante-arco-de-arquitectura-e-interiorismo","status":"publish","type":"product","link":"https:\/\/packdesites.com\/es\/product\/elegante-arco-de-arquitectura-e-interiorismo\/","title":{"rendered":"Arzeo \u2013 Arquitectura y dise\u00f1o de interiores elegantes"},"content":{"rendered":"<p>Crea tu&nbsp;<strong>sitio web moderno<\/strong>&nbsp;<strong>de arquitectura<\/strong>,&nbsp;<strong>interiores<\/strong>,&nbsp;<strong>bienes ra\u00edces<\/strong>&nbsp;y muebles y ahorre su valioso tiempo con un kit de plantillas Elementor.<\/p>\n\n\n\n<p><strong>Arzeo<\/strong>&nbsp;es un kit de plantillas Elementor de arquitectura e interiorismo elegante, limpio, simple y moderno con un dise\u00f1o totalmente adaptable y f\u00e1cil de personalizar.<\/p>\n\n\n\n<p><strong>Arzeo<\/strong>&nbsp;Es perfecto para aut\u00f3nomos, dise\u00f1adores de interiores, dise\u00f1adores arquitect\u00f3nicos, dise\u00f1adores creativos, creadores o cualquier otra profesi\u00f3n.<\/p>\n\n\n\n<p><strong>Caracter\u00edsticas:<\/strong><\/p>\n\n\n\n<ul class=\"wp-block-list\">\n<li>No se necesita actualizaci\u00f3n<\/li>\n\n\n\n<li>Dise\u00f1o elegante, limpio, sencillo y moderno.<\/li>\n\n\n\n<li>Dise\u00f1o de portafolio creativo<\/li>\n\n\n\n<li>Plantilla lista para usar con m\u00e1s de 15 p\u00e1ginas y m\u00e1s de 35 bloques \u00fanicos<\/li>\n\n\n\n<li>F\u00e1cil de personalizar<\/li>\n\n\n\n<li>Totalmente responsivo<\/li>\n<\/ul>\n\n\n\n<p><strong>Plantilla de p\u00e1gina incluida<\/strong><\/p>\n\n\n\n<ol class=\"wp-block-list\">\n<li>Inicio 1<\/li>\n\n\n\n<li>Inicio 2<\/li>\n\n\n\n<li>Inicio 3<\/li>\n\n\n\n<li>Quienes somos<\/li>\n\n\n\n<li>Servicios<\/li>\n\n\n\n<li>Equipo<\/li>\n\n\n\n<li>Proyectos<\/li>\n\n\n\n<li>Precios<\/li>\n\n\n\n<li>Preguntas frecuentes<\/li>\n\n\n\n<li>Testimonios<\/li>\n\n\n\n<li>P\u00e1gina 404<\/li>\n\n\n\n<li>Dentro de poco<\/li>\n\n\n\n<li>Lista de blogs<\/li>\n\n\n\n<li>Publicaci\u00f3n \u00fanica<\/li>\n\n\n\n<li>Contacto 1<\/li>\n\n\n\n<li>Contacto 2<\/li>\n\n\n\n<li>Estilo de tema global<\/li>\n<\/ol>\n\n\n\n<p><strong>Complementos necesarios instalados con el kit<\/strong><\/p>\n\n\n\n<ul class=\"wp-block-list\">\n<li>Paquete de elementos Lite<\/li>\n\n\n\n<li>ElementsKit Lite<\/li>\n\n\n\n<li>Complementos premium para Elementor<\/li>\n<\/ul>","protected":false},"excerpt":{"rendered":"<p>Crea tu sitio web moderno de arquitectura, dise\u00f1o de interiores, bienes ra\u00edces y muebles, y ahorra tiempo con un kit de plantillas de Elementor. Arzeo es un kit de plantillas de Elementor elegante, limpio, sencillo y moderno para arquitectura y dise\u00f1o de interiores, con un dise\u00f1o totalmente responsivo y f\u00e1cil de personalizar. Arzeo es perfecto para freelancers, dise\u00f1adores de interiores, dise\u00f1adores arquitect\u00f3nicos, dise\u00f1adores creativos, creadores o cualquier persona que busque un profesional en el sector.<\/p>","protected":false},"featured_media":1182,"comment_status":"closed","ping_status":"open","template":"","meta":{"_jf_limit_responses":"","iawp_total_views":184},"product_brand":[],"product_cat":[23,30,27,24],"product_tag":[19],"class_list":{"0":"post-1181","1":"product","2":"type-product","3":"status-publish","4":"has-post-thumbnail","6":"product_cat-templates-elementor-e-envato","7":"product_cat-imobiliario-arquitetura-e-construcao-de-imoveis","8":"product_cat-prestadores-de-servicos","9":"product_cat-templates-envato","10":"product_tag-vitalicio","12":"first","13":"instock","14":"downloadable","15":"virtual","16":"purchasable","17":"product-type-simple"},"_links":{"self":[{"href":"https:\/\/packdesites.com\/es\/wp-json\/wp\/v2\/product\/1181","targetHints":{"allow":["GET"]}}],"collection":[{"href":"https:\/\/packdesites.com\/es\/wp-json\/wp\/v2\/product"}],"about":[{"href":"https:\/\/packdesites.com\/es\/wp-json\/wp\/v2\/types\/product"}],"replies":[{"embeddable":true,"href":"https:\/\/packdesites.com\/es\/wp-json\/wp\/v2\/comments?post=1181"}],"version-history":[{"count":1,"href":"https:\/\/packdesites.com\/es\/wp-json\/wp\/v2\/product\/1181\/revisions"}],"predecessor-version":[{"id":22647,"href":"https:\/\/packdesites.com\/es\/wp-json\/wp\/v2\/product\/1181\/revisions\/22647"}],"wp:featuredmedia":[{"embeddable":true,"href":"https:\/\/packdesites.com\/es\/wp-json\/wp\/v2\/media\/1182"}],"wp:attachment":[{"href":"https:\/\/packdesites.com\/es\/wp-json\/wp\/v2\/media?parent=1181"}],"wp:term":[{"taxonomy":"product_brand","embeddable":true,"href":"https:\/\/packdesites.com\/es\/wp-json\/wp\/v2\/product_brand?post=1181"},{"taxonomy":"product_cat","embeddable":true,"href":"https:\/\/packdesites.com\/es\/wp-json\/wp\/v2\/product_cat?post=1181"},{"taxonomy":"product_tag","embeddable":true,"href":"https:\/\/packdesites.com\/es\/wp-json\/wp\/v2\/product_tag?post=1181"}],"curies":[{"name":"wp","href":"https:\/\/api.w.org\/{rel}","templated":true}]}}