{"id":1177,"date":"2023-04-12T03:00:00","date_gmt":"2023-04-12T03:00:00","guid":{"rendered":"https:\/\/packdesites.com\/produto\/villenoir-modelo-para-empresa-de-vinhos\/"},"modified":"2025-04-03T00:41:54","modified_gmt":"2025-04-03T00:41:54","slug":"modelo-villenoir-para-empresa-vinicola","status":"publish","type":"product","link":"https:\/\/packdesites.com\/es\/product\/modelo-villenoir-para-empresa-vinicola\/","title":{"rendered":"Villenoir \u2013 Plantilla para empresa vin\u00edcola"},"content":{"rendered":"<p><em>Nota: Este kit de plantillas requiere una licencia de Elementor Pro y nada m\u00e1s. No se necesitan complementos adicionales para hacer lo que Elementor Pro ya ofrece.<\/em><\/p>\n\n\n\n<p>Venda su vino online con \u00e9xito con el kit de plantillas Villenoir Wine. Dise\u00f1ado para bodegas y vi\u00f1edos, con un toque elegante y una gran variedad de elementos espec\u00edficos para cada negocio, Villenoir es el kit perfecto para crear r\u00e1pidamente su presencia online y empezar a vender su vino.<\/p>\n\n\n\n<p>Cuenta con un total de 26 plantillas Elementor (gratuitas y pro).<\/p>\n\n\n\n<p><strong>11 plantillas de p\u00e1gina completa<\/strong>\u00a0<\/p>\n\n\n\n<ul class=\"wp-block-list\">\n<li> P\u00e1gina de inicio<\/li>\n\n\n\n<li>Nuestra historia<\/li>\n\n\n\n<li>La propiedad<\/li>\n\n\n\n<li> Premios<\/li>\n\n\n\n<li> PREGUNTAS FRECUENTES<\/li>\n\n\n\n<li>Variedades de vino<\/li>\n\n\n\n<li> Restaurante<\/li>\n\n\n\n<li>Vinos<\/li>\n<\/ul>\n\n\n\n<p><strong>Blog<\/strong><\/p>\n\n\n\n<p><strong>Modelos de 8 secciones<\/strong>\u00a0<\/p>\n\n\n\n<ul class=\"wp-block-list\">\n<li>H\u00e9roe<\/li>\n\n\n\n<li> Introducci\u00f3n<\/li>\n\n\n\n<li>Nuestro mensaje<\/li>\n\n\n\n<li> Versi\u00f3n actual<\/li>\n\n\n\n<li> Categor\u00edas de vino: izquierda y derecha<\/li>\n\n\n\n<li> Cuadros de im\u00e1genes destacadas<\/li>\n\n\n\n<li>Llamada a la acci\u00f3n<\/li>\n<\/ul>\n\n\n\n<p><strong>7 plantillas de creaci\u00f3n de temas<\/strong>\u00a0<\/p>\n\n\n\n<ul class=\"wp-block-list\">\n<li>Encabezamiento<\/li>\n\n\n\n<li> Z\u00f3calo<\/li>\n\n\n\n<li> Archivo de productos<\/li>\n\n\n\n<li> Producto \u00fanico<\/li>\n\n\n\n<li> Archivo<\/li>\n\n\n\n<li> p\u00e1gina 404<\/li>\n<\/ul>","protected":false},"excerpt":{"rendered":"<p>Nota: Este kit de plantillas requiere una licencia de Elementor Pro y nada m\u00e1s. No se necesitan plugins adicionales para hacer lo que Elementor Pro ya hace de forma nativa. Venda su vino en l\u00ednea con \u00e9xito con el kit de plantillas Villenoir Wine. Dise\u00f1ado para bodegas y vi\u00f1edos, con un toque elegante y multitud de [\u2026]<\/p>","protected":false},"featured_media":1178,"comment_status":"closed","ping_status":"open","template":"","meta":{"_jf_limit_responses":"","iawp_total_views":22},"product_brand":[],"product_cat":[23,24],"product_tag":[19],"class_list":{"0":"post-1177","1":"product","2":"type-product","3":"status-publish","4":"has-post-thumbnail","6":"product_cat-templates-elementor-e-envato","7":"product_cat-templates-envato","8":"product_tag-vitalicio","10":"first","11":"instock","12":"downloadable","13":"virtual","14":"purchasable","15":"product-type-simple"},"_links":{"self":[{"href":"https:\/\/packdesites.com\/es\/wp-json\/wp\/v2\/product\/1177","targetHints":{"allow":["GET"]}}],"collection":[{"href":"https:\/\/packdesites.com\/es\/wp-json\/wp\/v2\/product"}],"about":[{"href":"https:\/\/packdesites.com\/es\/wp-json\/wp\/v2\/types\/product"}],"replies":[{"embeddable":true,"href":"https:\/\/packdesites.com\/es\/wp-json\/wp\/v2\/comments?post=1177"}],"version-history":[{"count":0,"href":"https:\/\/packdesites.com\/es\/wp-json\/wp\/v2\/product\/1177\/revisions"}],"wp:featuredmedia":[{"embeddable":true,"href":"https:\/\/packdesites.com\/es\/wp-json\/wp\/v2\/media\/1178"}],"wp:attachment":[{"href":"https:\/\/packdesites.com\/es\/wp-json\/wp\/v2\/media?parent=1177"}],"wp:term":[{"taxonomy":"product_brand","embeddable":true,"href":"https:\/\/packdesites.com\/es\/wp-json\/wp\/v2\/product_brand?post=1177"},{"taxonomy":"product_cat","embeddable":true,"href":"https:\/\/packdesites.com\/es\/wp-json\/wp\/v2\/product_cat?post=1177"},{"taxonomy":"product_tag","embeddable":true,"href":"https:\/\/packdesites.com\/es\/wp-json\/wp\/v2\/product_tag?post=1177"}],"curies":[{"name":"wp","href":"https:\/\/api.w.org\/{rel}","templated":true}]}}