{"id":117,"date":"2024-05-30T20:55:57","date_gmt":"2024-05-30T20:55:57","guid":{"rendered":"https:\/\/packdesites.com\/produto\/masterstudy-v4-8-45-education-wordpress-theme\/"},"modified":"2025-10-08T15:47:28","modified_gmt":"2025-10-08T18:47:28","slug":"tema-de-wordpress-para-educacion-masterstudy-v4-8-45","status":"publish","type":"product","link":"https:\/\/packdesites.com\/es\/product\/tema-de-wordpress-para-educacion-masterstudy-v4-8-45\/","title":{"rendered":"Tema educativo de WordPress Masterstudy v4.8.124"},"content":{"rendered":"<h2 class=\"wp-block-heading\">\u00a1MasterStudy es la mejor opci\u00f3n para todos!<\/h2>\n\n\n\n<p>Un tema de WordPress con todas las funciones para la educaci\u00f3n, ideal para quienes buscan crear cursos en l\u00ednea, centros de coaching e idiomas, plataformas de eLearning y difundir conocimientos a nivel mundial. Es un tema educativo perfecto, dise\u00f1ado para satisfacer las necesidades del sector educativo.<\/p>\n\n\n\n<h4 class=\"wp-block-heading\">Educaci\u00f3n superior<\/h4>\n\n\n\n<p>Implemente tecnolog\u00eda de aprendizaje LMS de clase mundial y cree un flujo de trabajo perfecto dentro de cualquier instituci\u00f3n educativa.<\/p>\n\n\n\n<h4 class=\"wp-block-heading\">Instructores individuales<\/h4>\n\n\n\n<p>Proporcionar habilidades y conocimientos en l\u00ednea a miles de estudiantes y crear un entorno de aprendizaje productivo.<\/p>\n\n\n\n<h4 class=\"wp-block-heading\">Plataforma en l\u00ednea<\/h4>\n\n\n\n<p>Construya una plataforma de aprendizaje en l\u00ednea universal para todos y brinde una experiencia excepcional.<\/p>\n\n\n\n<ul class=\"wp-block-list\">\n<li>\u00bfPor qu\u00e9 elegir MasterStudy? MasterStudy te permite crear cursos paso a paso. Hemos adquirido experiencia con las plantillas web de eLearning m\u00e1s populares y hemos desarrollado una f\u00f3rmula universal para el sistema de gesti\u00f3n del aprendizaje ideal. El paquete completo de plugins LMS y temas educativos de WordPress te permitir\u00e1 crear una potente plataforma de eLearning. Caracter\u00edsticas principales: MasterStudy ofrece incre\u00edbles funciones para crear cursos y lecciones en l\u00ednea. La usabilidad clara y responsiva de este tema de WordPress para educaci\u00f3n en l\u00ednea te har\u00e1 sentir como un profesional de TI. Te garantizamos una experiencia excepcional.<\/li>\n\n\n\n<li><a href=\"https:\/\/stylemixthemes.com\/masterstudy\/lms-admin-ui-ux\/\" target=\"_blank\" rel=\"noreferrer noopener\">Interfaz de usuario\/experiencia de usuario de administraci\u00f3n de LMS<\/a><\/li>\n\n\n\n<li><a href=\"https:\/\/stylemixthemes.com\/masterstudy\/frontend-course-builder\/\" target=\"_blank\" rel=\"noreferrer noopener\">Creador de cursos frontend<\/a><\/li>\n\n\n\n<li><a href=\"https:\/\/stylemixthemes.com\/masterstudy\/lesson-types\/\" target=\"_blank\" rel=\"noreferrer noopener\">Tipos de lecciones<\/a><\/li>\n\n\n\n<li><a href=\"https:\/\/stylemixthemes.com\/masterstudy\/advanced-quizzes\/\" target=\"_blank\" rel=\"noreferrer noopener\">Configuraci\u00f3n del cuestionario<\/a><\/li>\n\n\n\n<li><a href=\"https:\/\/stylemixthemes.com\/masterstudy\/certificate-builder\/\" target=\"_blank\" rel=\"noreferrer noopener\">Constructor de certificados<\/a><\/li>\n\n\n\n<li><a href=\"https:\/\/stylemixthemes.com\/masterstudy\/students-management\/\" target=\"_blank\" rel=\"noreferrer noopener\">Gesti\u00f3n de estudiantes<\/a><\/li>\n\n\n\n<li><a href=\"https:\/\/stylemixthemes.com\/masterstudy\/group-courses\/\" target=\"_blank\" rel=\"noreferrer noopener\">Cursos en grupo<\/a><\/li>\n\n\n\n<li><a href=\"https:\/\/stylemixthemes.com\/masterstudy\/user-profile\/\" target=\"_blank\" rel=\"noreferrer noopener\">Perfil de usuario<\/a><\/li>\n\n\n\n<li><a href=\"https:\/\/stylemixthemes.com\/masterstudy\/zoom\/\" target=\"_blank\" rel=\"noreferrer noopener\">Conferencia de Zoom<\/a><\/li>\n\n\n\n<li><a href=\"https:\/\/stylemixthemes.com\/masterstudy\/live-streams\/\" target=\"_blank\" rel=\"noreferrer noopener\">Transmisiones en vivo<\/a><\/li>\n\n\n\n<li><a href=\"https:\/\/stylemixthemes.com\/masterstudy\/scorm\/\" target=\"_blank\" rel=\"noreferrer noopener\">Integraci\u00f3n SCORM<\/a><a href=\"https:\/\/stylemixthemes.com\/masterstudy\/buddypress\/\" target=\"_blank\" rel=\"noreferrer noopener\">BuddyPress<\/a><\/li>\n\n\n\n<li><a href=\"https:\/\/stylemixthemes.com\/masterstudy\/udemy\/\" target=\"_blank\" rel=\"noreferrer noopener\">Afiliado de Udemy<\/a><\/li>\n\n\n\n<li><a href=\"https:\/\/stylemixthemes.com\/masterstudy\/google-classrooms\/\" target=\"_blank\" rel=\"noreferrer noopener\">Google Classroom<\/a><\/li>\n\n\n\n<li><a href=\"https:\/\/stylemixthemes.com\/masterstudy\/drip-content\/\" target=\"_blank\" rel=\"noreferrer noopener\">Contenido por goteo<\/a><\/li>\n\n\n\n<li><a href=\"https:\/\/stylemixthemes.com\/masterstudy\/course-bundles\/\" target=\"_blank\" rel=\"noreferrer noopener\">Paquetes de cursos<\/a><\/li>\n\n\n\n<li><a href=\"https:\/\/stylemixthemes.com\/masterstudy\/monetize-your-lms-website\/\" target=\"_blank\" rel=\"noreferrer noopener\">Obtener una ganancia<\/a><a href=\"https:\/\/stylemixthemes.com\/masterstudy\/payment-methods\/\" target=\"_blank\" rel=\"noreferrer noopener\">M\u00e9todos de pago<\/a><\/li>\n\n\n\n<li><a href=\"https:\/\/stylemixthemes.com\/masterstudy\/financial-system\/\" target=\"_blank\" rel=\"noreferrer noopener\">Estad\u00edsticas y pagos<\/a><\/li>\n\n\n\n<li><a href=\"https:\/\/stylemixthemes.com\/masterstudy\/lms-pro-addons\/\" target=\"_blank\" rel=\"noreferrer noopener\">Complementos de LMS Pro<\/a><\/li>\n\n\n\n<li><a href=\"https:\/\/stylemixthemes.com\/masterstudy\/point-system\/\" target=\"_blank\" rel=\"noreferrer noopener\">Sistema de puntos<\/a><\/li>\n<\/ul>\n\n\n\n<p class=\"has-white-color has-black-background-color has-text-color has-background has-link-color has-medium-font-size wp-elements-4fad99b7ccd3ffac0b1c2d9ab44c9312\">Al descargar el archivo, descomprima el archivo ZIP. Dentro encontrar\u00e1 una carpeta llamada &quot;MasterStudy&quot;. Abra la carpeta y encontrar\u00e1 el archivo zip del tema y el tema hijo en otra carpeta, &quot;Child_theme&quot;.<\/p>","protected":false},"excerpt":{"rendered":"<p>MasterStudy \u00e9 a melhor escolha para todos! Um tema WordPress de educa\u00e7\u00e3o totalmente embalado para todos que desejam criar cursos on-line, coaching e centros de idiomas, plataformas de eLearning e fornecer conhecimento em todo o mundo. \u00c9 um tema de educa\u00e7\u00e3o perfeito que foi projetado para atender \u00e0s necessidades da ind\u00fastria de aprendizagem. Ensino superior [&hellip;]<\/p>","protected":false},"featured_media":118,"comment_status":"closed","ping_status":"open","template":"","meta":{"_jf_limit_responses":"","iawp_total_views":61},"product_brand":[],"product_cat":[22],"product_tag":[19],"class_list":{"0":"post-117","1":"product","2":"type-product","3":"status-publish","4":"has-post-thumbnail","6":"product_cat-temas-wordpress","7":"product_tag-vitalicio","9":"first","10":"instock","11":"downloadable","12":"virtual","13":"purchasable","14":"product-type-simple"},"_links":{"self":[{"href":"https:\/\/packdesites.com\/es\/wp-json\/wp\/v2\/product\/117","targetHints":{"allow":["GET"]}}],"collection":[{"href":"https:\/\/packdesites.com\/es\/wp-json\/wp\/v2\/product"}],"about":[{"href":"https:\/\/packdesites.com\/es\/wp-json\/wp\/v2\/types\/product"}],"replies":[{"embeddable":true,"href":"https:\/\/packdesites.com\/es\/wp-json\/wp\/v2\/comments?post=117"}],"version-history":[{"count":1,"href":"https:\/\/packdesites.com\/es\/wp-json\/wp\/v2\/product\/117\/revisions"}],"predecessor-version":[{"id":23970,"href":"https:\/\/packdesites.com\/es\/wp-json\/wp\/v2\/product\/117\/revisions\/23970"}],"wp:featuredmedia":[{"embeddable":true,"href":"https:\/\/packdesites.com\/es\/wp-json\/wp\/v2\/media\/118"}],"wp:attachment":[{"href":"https:\/\/packdesites.com\/es\/wp-json\/wp\/v2\/media?parent=117"}],"wp:term":[{"taxonomy":"product_brand","embeddable":true,"href":"https:\/\/packdesites.com\/es\/wp-json\/wp\/v2\/product_brand?post=117"},{"taxonomy":"product_cat","embeddable":true,"href":"https:\/\/packdesites.com\/es\/wp-json\/wp\/v2\/product_cat?post=117"},{"taxonomy":"product_tag","embeddable":true,"href":"https:\/\/packdesites.com\/es\/wp-json\/wp\/v2\/product_tag?post=117"}],"curies":[{"name":"wp","href":"https:\/\/api.w.org\/{rel}","templated":true}]}}