{"id":115,"date":"2024-05-30T20:55:57","date_gmt":"2024-05-30T20:55:57","guid":{"rendered":"https:\/\/packdesites.com\/produto\/electro-v-3-4-2-electronics-store-woocommerce\/"},"modified":"2025-10-08T15:48:51","modified_gmt":"2025-10-08T18:48:51","slug":"tienda-de-electronica-woocommerce-electro-v-3-4-2","status":"publish","type":"product","link":"https:\/\/packdesites.com\/es\/product\/tienda-de-electronica-woocommerce-electro-v-3-4-2\/","title":{"rendered":"Electro v.3.6.4 Tienda de electr\u00f3nica WooCommerce"},"content":{"rendered":"<p><strong>Electro<\/strong>\u00a0es un tema WooCommerce robusto y flexible para tiendas de electr\u00f3nica de WordPress que lo ayudar\u00e1 a aprovechar al m\u00e1ximo el uso de WooCommerce para impulsar su tienda en l\u00ednea. El dise\u00f1o es adecuado para tiendas de electr\u00f3nica, mercados de proveedores y sitios afiliados. Est\u00e1 construido y viene con la mayor\u00eda de las funciones avanzadas disponibles en los sitios de comercio electr\u00f3nico m\u00e1s populares como Amazon, Flipkart, Snapdeal, Walmart, Alibaba, Aliexpress, etc. Entonces, si es un afiliado de Amazon o desea un mercado de m\u00faltiples proveedores para su nicho de mercado o propietario de una tienda, este tema es para usted.<\/p>\n\n\n\n<p>El tema est\u00e1 construido sobre el marco.&nbsp;<em>guiones bajos<\/em>. Sus p\u00e1ginas se pueden crear utilizando plantillas de p\u00e1gina, WP Bakery Page Builder o Elementor Website Builder. El c\u00f3digo es \u00e1gil y extensible. Esto permitir\u00e1 a los desarrolladores agregar f\u00e1cilmente funcionalidad de su lado a trav\u00e9s de temas secundarios y\/o complementos personalizados.<\/p>\n\n\n\n<p>Tiene una integraci\u00f3n profunda con el n\u00facleo de WooCommerce, as\u00ed como con varias de las extensiones y creadores de p\u00e1ginas m\u00e1s populares:<\/p>\n\n\n\n<ul class=\"wp-block-list\">\n<li><a href=\"https:\/\/wordpress.org\/plugins\/elementor\/\" target=\"_blank\" rel=\"noopener\">Creador de sitios web Elementor<\/a><\/li>\n\n\n\n<li><a href=\"https:\/\/codecanyon.net\/item\/visual-composer-page-builder-for-wordpress\/242431\" target=\"_blank\" rel=\"noopener\">Creador de p\u00e1ginas WPBakery para WordPress<\/a><\/li>\n\n\n\n<li><a href=\"https:\/\/codecanyon.net\/item\/slider-revolution-responsive-wordpress-plugin\/2751380\" target=\"_blank\" rel=\"noopener\">Revoluci\u00f3n del control deslizante<\/a><\/li>\n\n\n\n<li><a href=\"https:\/\/wordpress.org\/plugins\/yith-woocommerce-wishlist\/\" target=\"_blank\" rel=\"noopener\">Lista de deseos de YITH WooCommerce<\/a><\/li>\n\n\n\n<li><a href=\"https:\/\/wordpress.org\/plugins\/yith-woocommerce-compare\/\" target=\"_blank\" rel=\"noopener\">YITH WooCompare<\/a><\/li>\n<\/ul>","protected":false},"excerpt":{"rendered":"<p>Electro\u00a0\u00e9 um tema robusto e flex\u00edvel da WordPress Electronics Store WooCommerce, para ajud\u00e1-lo a aproveitar ao m\u00e1ximo o uso do WooCommerce para alimentar sua loja online. O design \u00e9 bem adequado para a Electronics Store, marketplaces baseados em fornecedores, sites de afiliados. Ele \u00e9 constru\u00eddo e vem empacotado com a maioria dos recursos avan\u00e7ados dispon\u00edveis [&hellip;]<\/p>","protected":false},"featured_media":116,"comment_status":"closed","ping_status":"open","template":"","meta":{"_jf_limit_responses":"","iawp_total_views":30},"product_brand":[],"product_cat":[22],"product_tag":[19],"class_list":{"0":"post-115","1":"product","2":"type-product","3":"status-publish","4":"has-post-thumbnail","6":"product_cat-temas-wordpress","7":"product_tag-vitalicio","9":"first","10":"instock","11":"downloadable","12":"virtual","13":"purchasable","14":"product-type-simple"},"_links":{"self":[{"href":"https:\/\/packdesites.com\/es\/wp-json\/wp\/v2\/product\/115","targetHints":{"allow":["GET"]}}],"collection":[{"href":"https:\/\/packdesites.com\/es\/wp-json\/wp\/v2\/product"}],"about":[{"href":"https:\/\/packdesites.com\/es\/wp-json\/wp\/v2\/types\/product"}],"replies":[{"embeddable":true,"href":"https:\/\/packdesites.com\/es\/wp-json\/wp\/v2\/comments?post=115"}],"version-history":[{"count":1,"href":"https:\/\/packdesites.com\/es\/wp-json\/wp\/v2\/product\/115\/revisions"}],"predecessor-version":[{"id":23972,"href":"https:\/\/packdesites.com\/es\/wp-json\/wp\/v2\/product\/115\/revisions\/23972"}],"wp:featuredmedia":[{"embeddable":true,"href":"https:\/\/packdesites.com\/es\/wp-json\/wp\/v2\/media\/116"}],"wp:attachment":[{"href":"https:\/\/packdesites.com\/es\/wp-json\/wp\/v2\/media?parent=115"}],"wp:term":[{"taxonomy":"product_brand","embeddable":true,"href":"https:\/\/packdesites.com\/es\/wp-json\/wp\/v2\/product_brand?post=115"},{"taxonomy":"product_cat","embeddable":true,"href":"https:\/\/packdesites.com\/es\/wp-json\/wp\/v2\/product_cat?post=115"},{"taxonomy":"product_tag","embeddable":true,"href":"https:\/\/packdesites.com\/es\/wp-json\/wp\/v2\/product_tag?post=115"}],"curies":[{"name":"wp","href":"https:\/\/api.w.org\/{rel}","templated":true}]}}