{"id":1129,"date":"2022-10-03T03:00:00","date_gmt":"2022-10-03T03:00:00","guid":{"rendered":"https:\/\/packdesites.com\/produto\/flashnet-provedores-de-internet-de-banda-larga-e-telecomunicacoes\/"},"modified":"2025-04-03T00:40:45","modified_gmt":"2025-04-03T00:40:45","slug":"proveedores-de-internet-y-telecomunicaciones-de-banda-ancha-flashnet","status":"publish","type":"product","link":"https:\/\/packdesites.com\/es\/product\/proveedores-de-internet-y-telecomunicaciones-de-banda-ancha-flashnet\/","title":{"rendered":"Flashnet \u2013 Proveedores de Internet de banda ancha y telecomunicaciones"},"content":{"rendered":"<p>Flashnet \u2013 Plantilla Elementor para proveedor de Internet de banda ancha y telecomunicaciones kitt. Flashnet es un tema totalmente responsivo, limpio y personalizable. Flashner se puede utilizar para proveedores de Internet, servicios de banda ancha o de telecomunicaciones, as\u00ed como para dise\u00f1os de paquetes y servicios.<\/p>\n\n\n\n<p>Esta no es una plantilla de WordPress. El Kit Elementor contiene contenido de p\u00e1gina para el generador de p\u00e1ginas Elementor. Este kit est\u00e1 optimizado para su uso con el tema gratuito Hello Elementor, pero se puede utilizar con la mayor\u00eda de los temas compatibles con Elementor.<\/p>","protected":false},"excerpt":{"rendered":"<p>Flashnet &#8211; Modelo Elementor de provedor de Internet de banda larga e telecomunica\u00e7\u00f5es kitt. Flashnet \u00e9 um tema totalmente responsivo, limpo e personaliz\u00e1vel. O Flashner pode ser usado para provedor de Internet, banda larga ou servi\u00e7o de Internet de telecomunica\u00e7\u00f5es, bem como layouts para pacotes e servi\u00e7os. Este n\u00e3o \u00e9 um Modelos WordPress. O Kit [&hellip;]<\/p>","protected":false},"featured_media":1130,"comment_status":"closed","ping_status":"open","template":"","meta":{"_jf_limit_responses":"","iawp_total_views":32},"product_brand":[],"product_cat":[39,27,23,24],"product_tag":[19],"class_list":{"0":"post-1129","1":"product","2":"type-product","3":"status-publish","4":"has-post-thumbnail","6":"product_cat-internet-e-iptv","7":"product_cat-prestadores-de-servicos","8":"product_cat-templates-elementor-e-envato","9":"product_cat-templates-envato","10":"product_tag-vitalicio","12":"first","13":"instock","14":"downloadable","15":"virtual","16":"purchasable","17":"product-type-simple"},"_links":{"self":[{"href":"https:\/\/packdesites.com\/es\/wp-json\/wp\/v2\/product\/1129","targetHints":{"allow":["GET"]}}],"collection":[{"href":"https:\/\/packdesites.com\/es\/wp-json\/wp\/v2\/product"}],"about":[{"href":"https:\/\/packdesites.com\/es\/wp-json\/wp\/v2\/types\/product"}],"replies":[{"embeddable":true,"href":"https:\/\/packdesites.com\/es\/wp-json\/wp\/v2\/comments?post=1129"}],"version-history":[{"count":0,"href":"https:\/\/packdesites.com\/es\/wp-json\/wp\/v2\/product\/1129\/revisions"}],"wp:featuredmedia":[{"embeddable":true,"href":"https:\/\/packdesites.com\/es\/wp-json\/wp\/v2\/media\/1130"}],"wp:attachment":[{"href":"https:\/\/packdesites.com\/es\/wp-json\/wp\/v2\/media?parent=1129"}],"wp:term":[{"taxonomy":"product_brand","embeddable":true,"href":"https:\/\/packdesites.com\/es\/wp-json\/wp\/v2\/product_brand?post=1129"},{"taxonomy":"product_cat","embeddable":true,"href":"https:\/\/packdesites.com\/es\/wp-json\/wp\/v2\/product_cat?post=1129"},{"taxonomy":"product_tag","embeddable":true,"href":"https:\/\/packdesites.com\/es\/wp-json\/wp\/v2\/product_tag?post=1129"}],"curies":[{"name":"wp","href":"https:\/\/api.w.org\/{rel}","templated":true}]}}