{"id":1127,"date":"2022-10-03T03:00:00","date_gmt":"2022-10-03T03:00:00","guid":{"rendered":"https:\/\/packdesites.com\/produto\/protel-provedores-de-banda-larga-e-internet\/"},"modified":"2025-04-03T00:40:43","modified_gmt":"2025-04-03T00:40:43","slug":"proveedores-de-banda-ancha-e-internet-de-protel","status":"publish","type":"product","link":"https:\/\/packdesites.com\/es\/product\/proveedores-de-banda-ancha-e-internet-de-protel\/","title":{"rendered":"Protel \u2013 Proveedores de banda ancha e Internet"},"content":{"rendered":"<p><strong>Protel es un kit de plantillas para proveedores de banda ancha e Internet.<\/strong>\u00a0es un kit de plantillas Elementor para crear r\u00e1pida y f\u00e1cilmente sitios web para su negocio utilizando el complemento Elementor Page Builder para WordPress. Este no es un tema de WordPress. Los kits de plantillas contienen contenido de p\u00e1gina para el generador de p\u00e1ginas Elementor. Este kit est\u00e1 optimizado para su uso con el tema gratuito Hello Elementor, pero se puede utilizar con la mayor\u00eda de los temas compatibles con Elementor.<\/p>","protected":false},"excerpt":{"rendered":"<p>Protel \u00e9 um templatekit para provedor de banda larga e internet.\u00a0\u00e9 um Kit de Modelo Elementor para criar sites de forma r\u00e1pida e f\u00e1cil para o seu neg\u00f3cio usando o plugin Elementor Page Builder para WordPress. Este n\u00e3o \u00e9 um tema do WordPress. Os kits de modelo cont\u00eam conte\u00fado de p\u00e1gina para o criador de [&hellip;]<\/p>","protected":false},"featured_media":1128,"comment_status":"closed","ping_status":"open","template":"","meta":{"_jf_limit_responses":"","iawp_total_views":45},"product_brand":[],"product_cat":[39,23,24],"product_tag":[19],"class_list":{"0":"post-1127","1":"product","2":"type-product","3":"status-publish","4":"has-post-thumbnail","6":"product_cat-internet-e-iptv","7":"product_cat-templates-elementor-e-envato","8":"product_cat-templates-envato","9":"product_tag-vitalicio","11":"first","12":"instock","13":"downloadable","14":"virtual","15":"purchasable","16":"product-type-simple"},"_links":{"self":[{"href":"https:\/\/packdesites.com\/es\/wp-json\/wp\/v2\/product\/1127","targetHints":{"allow":["GET"]}}],"collection":[{"href":"https:\/\/packdesites.com\/es\/wp-json\/wp\/v2\/product"}],"about":[{"href":"https:\/\/packdesites.com\/es\/wp-json\/wp\/v2\/types\/product"}],"replies":[{"embeddable":true,"href":"https:\/\/packdesites.com\/es\/wp-json\/wp\/v2\/comments?post=1127"}],"version-history":[{"count":0,"href":"https:\/\/packdesites.com\/es\/wp-json\/wp\/v2\/product\/1127\/revisions"}],"wp:featuredmedia":[{"embeddable":true,"href":"https:\/\/packdesites.com\/es\/wp-json\/wp\/v2\/media\/1128"}],"wp:attachment":[{"href":"https:\/\/packdesites.com\/es\/wp-json\/wp\/v2\/media?parent=1127"}],"wp:term":[{"taxonomy":"product_brand","embeddable":true,"href":"https:\/\/packdesites.com\/es\/wp-json\/wp\/v2\/product_brand?post=1127"},{"taxonomy":"product_cat","embeddable":true,"href":"https:\/\/packdesites.com\/es\/wp-json\/wp\/v2\/product_cat?post=1127"},{"taxonomy":"product_tag","embeddable":true,"href":"https:\/\/packdesites.com\/es\/wp-json\/wp\/v2\/product_tag?post=1127"}],"curies":[{"name":"wp","href":"https:\/\/api.w.org\/{rel}","templated":true}]}}