{"id":1125,"date":"2022-10-03T03:00:00","date_gmt":"2022-10-03T03:00:00","guid":{"rendered":"https:\/\/packdesites.com\/produto\/expanet-banda-larga-e-servicos-de-internet\/"},"modified":"2025-04-03T00:40:41","modified_gmt":"2025-04-03T00:40:41","slug":"servicios-de-banda-ancha-e-internet-de-expanet","status":"publish","type":"product","link":"https:\/\/packdesites.com\/es\/product\/servicios-de-banda-ancha-e-internet-de-expanet\/","title":{"rendered":"Expanet \u2013 Servicios de banda ancha e Internet"},"content":{"rendered":"<p>Expanet es un kit de plantillas moderno y creativo para proveedores de servicios de Internet y banda ancha. Tiene 12 plantillas predise\u00f1adas con un dise\u00f1o atractivo y un estilo moderno. Tambi\u00e9n puede utilizar este kit de plantillas creativas para cualquier tipo de negocio o servicio relacionado con banda ancha e Internet, como empresas de WIFI, TV satelital, banda ancha, TV en l\u00ednea, TV por cable, empresas de telecomunicaciones y cualquier negocio relacionado.<\/p>","protected":false},"excerpt":{"rendered":"<p>Expanet \u00e9 um template kits modernos e criativos para banda larga e provedor de servi\u00e7os de internet. Tem 12 modelos pr\u00e9-constru\u00eddos com design legal e estilo moderno. Voc\u00ea tamb\u00e9m pode usar este template kit criativo para qualquer tipo de empresas ou servi\u00e7os relacionados com banda larga e servi\u00e7os de internet, como a empresa WIFI, TV [&hellip;]<\/p>","protected":false},"featured_media":1126,"comment_status":"closed","ping_status":"open","template":"","meta":{"_jf_limit_responses":"","iawp_total_views":55},"product_brand":[],"product_cat":[39,27,23,24],"product_tag":[19],"class_list":{"0":"post-1125","1":"product","2":"type-product","3":"status-publish","4":"has-post-thumbnail","6":"product_cat-internet-e-iptv","7":"product_cat-prestadores-de-servicos","8":"product_cat-templates-elementor-e-envato","9":"product_cat-templates-envato","10":"product_tag-vitalicio","12":"first","13":"instock","14":"downloadable","15":"virtual","16":"purchasable","17":"product-type-simple"},"_links":{"self":[{"href":"https:\/\/packdesites.com\/es\/wp-json\/wp\/v2\/product\/1125","targetHints":{"allow":["GET"]}}],"collection":[{"href":"https:\/\/packdesites.com\/es\/wp-json\/wp\/v2\/product"}],"about":[{"href":"https:\/\/packdesites.com\/es\/wp-json\/wp\/v2\/types\/product"}],"replies":[{"embeddable":true,"href":"https:\/\/packdesites.com\/es\/wp-json\/wp\/v2\/comments?post=1125"}],"version-history":[{"count":0,"href":"https:\/\/packdesites.com\/es\/wp-json\/wp\/v2\/product\/1125\/revisions"}],"wp:featuredmedia":[{"embeddable":true,"href":"https:\/\/packdesites.com\/es\/wp-json\/wp\/v2\/media\/1126"}],"wp:attachment":[{"href":"https:\/\/packdesites.com\/es\/wp-json\/wp\/v2\/media?parent=1125"}],"wp:term":[{"taxonomy":"product_brand","embeddable":true,"href":"https:\/\/packdesites.com\/es\/wp-json\/wp\/v2\/product_brand?post=1125"},{"taxonomy":"product_cat","embeddable":true,"href":"https:\/\/packdesites.com\/es\/wp-json\/wp\/v2\/product_cat?post=1125"},{"taxonomy":"product_tag","embeddable":true,"href":"https:\/\/packdesites.com\/es\/wp-json\/wp\/v2\/product_tag?post=1125"}],"curies":[{"name":"wp","href":"https:\/\/api.w.org\/{rel}","templated":true}]}}