{"id":1123,"date":"2022-10-03T03:00:00","date_gmt":"2022-10-03T03:00:00","guid":{"rendered":"https:\/\/packdesites.com\/produto\/evernet-provedor-de-servicos-de-internet-e-banda-larga\/"},"modified":"2025-05-08T18:54:30","modified_gmt":"2025-05-08T21:54:30","slug":"evernet-proveedor-de-servicios-de-internet-y-banda-ancha","status":"publish","type":"product","link":"https:\/\/packdesites.com\/es\/product\/evernet-proveedor-de-servicios-de-internet-y-banda-ancha\/","title":{"rendered":"Evernet \u2013 Proveedor de servicios de Internet y banda ancha"},"content":{"rendered":"<p>Evernet es un kit de plantillas Elementor moderno y limpio para crear sitios web basados en WordPress totalmente receptivos y funcionales para proveedores de servicios de Internet, TV satelital, banda ancha, TV en l\u00ednea, TV por cable, empresas de telecomunicaciones y cualquier negocio relacionado.<\/p>\n\n\n\n<p>Este kit de plantillas incluye m\u00e1s de 15 plantillas impresionantes y cuidadosamente dise\u00f1adas; puede crear el sitio web comercial de aspecto profesional de su empresa con solo un clic.<\/p>\n\n\n\n<p>### Caracter\u00edsticas:<\/p>","protected":false},"excerpt":{"rendered":"<p>Evernet es un kit de plantillas Elementor moderno y limpio para crear sitios web totalmente responsivos y funcionales basados en WordPress para proveedores de servicios de internet, televisi\u00f3n por sat\u00e9lite, banda ancha, televisi\u00f3n en l\u00ednea, televisi\u00f3n por cable, compa\u00f1\u00edas de telecomunicaciones y cualquier negocio relacionado. Este kit incluye m\u00e1s de 15 plantillas impresionantes y cuidadosamente dise\u00f1adas, [\u2026]<\/p>","protected":false},"featured_media":1124,"comment_status":"closed","ping_status":"open","template":"","meta":{"_jf_limit_responses":"","iawp_total_views":43},"product_brand":[],"product_cat":[23,39,27,24],"product_tag":[19],"class_list":{"0":"post-1123","1":"product","2":"type-product","3":"status-publish","4":"has-post-thumbnail","6":"product_cat-templates-elementor-e-envato","7":"product_cat-internet-e-iptv","8":"product_cat-prestadores-de-servicos","9":"product_cat-templates-envato","10":"product_tag-vitalicio","12":"first","13":"instock","14":"downloadable","15":"virtual","16":"purchasable","17":"product-type-simple"},"_links":{"self":[{"href":"https:\/\/packdesites.com\/es\/wp-json\/wp\/v2\/product\/1123","targetHints":{"allow":["GET"]}}],"collection":[{"href":"https:\/\/packdesites.com\/es\/wp-json\/wp\/v2\/product"}],"about":[{"href":"https:\/\/packdesites.com\/es\/wp-json\/wp\/v2\/types\/product"}],"replies":[{"embeddable":true,"href":"https:\/\/packdesites.com\/es\/wp-json\/wp\/v2\/comments?post=1123"}],"version-history":[{"count":1,"href":"https:\/\/packdesites.com\/es\/wp-json\/wp\/v2\/product\/1123\/revisions"}],"predecessor-version":[{"id":21411,"href":"https:\/\/packdesites.com\/es\/wp-json\/wp\/v2\/product\/1123\/revisions\/21411"}],"wp:featuredmedia":[{"embeddable":true,"href":"https:\/\/packdesites.com\/es\/wp-json\/wp\/v2\/media\/1124"}],"wp:attachment":[{"href":"https:\/\/packdesites.com\/es\/wp-json\/wp\/v2\/media?parent=1123"}],"wp:term":[{"taxonomy":"product_brand","embeddable":true,"href":"https:\/\/packdesites.com\/es\/wp-json\/wp\/v2\/product_brand?post=1123"},{"taxonomy":"product_cat","embeddable":true,"href":"https:\/\/packdesites.com\/es\/wp-json\/wp\/v2\/product_cat?post=1123"},{"taxonomy":"product_tag","embeddable":true,"href":"https:\/\/packdesites.com\/es\/wp-json\/wp\/v2\/product_tag?post=1123"}],"curies":[{"name":"wp","href":"https:\/\/api.w.org\/{rel}","templated":true}]}}