{"id":1121,"date":"2022-10-03T03:00:00","date_gmt":"2022-10-03T03:00:00","guid":{"rendered":"https:\/\/packdesites.com\/produto\/koneksi-servicos-de-internet\/"},"modified":"2025-04-03T00:40:37","modified_gmt":"2025-04-03T00:40:37","slug":"servicios-de-internet-de-koneksi","status":"publish","type":"product","link":"https:\/\/packdesites.com\/es\/product\/servicios-de-internet-de-koneksi\/","title":{"rendered":"Koneksi \u2013 Servicios de Internet"},"content":{"rendered":"<p>El kit de plantillas Elementor para servicios de internet wifi dom\u00e9sticos de Koneksi es una colecci\u00f3n de dise\u00f1os para el plugin de creaci\u00f3n de p\u00e1ginas Elementor de WordPress. Dise\u00f1ado para usar con la versi\u00f3n gratuita de Elementor y lograr un dise\u00f1o limpio, este kit de plantillas est\u00e1 listo para importar y reutilizar para servicios empresariales de wifi y conexi\u00f3n a internet dom\u00e9sticos. Es compatible con la mayor\u00eda de los temas y est\u00e1 optimizado para usar con el tema gratuito Hello Elementor.<\/p>","protected":false},"excerpt":{"rendered":"<p>Koneksi &#8211; Home Wifi Internet Services Elementor Template Kit \u00e9 uma cole\u00e7\u00e3o de layouts para o plugin WordPress construtor de p\u00e1gina Elementor, projetado para uso com Elementor Free Version para um design limpo, este template kit pronto para importar e reutiliz\u00e1vel para Home Wifi &amp; Internet Connection Business Services. Funciona com a maioria dos temas [&hellip;]<\/p>","protected":false},"featured_media":1122,"comment_status":"closed","ping_status":"open","template":"","meta":{"_jf_limit_responses":"","iawp_total_views":20},"product_brand":[],"product_cat":[39,27,23,24],"product_tag":[19],"class_list":{"0":"post-1121","1":"product","2":"type-product","3":"status-publish","4":"has-post-thumbnail","6":"product_cat-internet-e-iptv","7":"product_cat-prestadores-de-servicos","8":"product_cat-templates-elementor-e-envato","9":"product_cat-templates-envato","10":"product_tag-vitalicio","12":"first","13":"instock","14":"downloadable","15":"virtual","16":"purchasable","17":"product-type-simple"},"_links":{"self":[{"href":"https:\/\/packdesites.com\/es\/wp-json\/wp\/v2\/product\/1121","targetHints":{"allow":["GET"]}}],"collection":[{"href":"https:\/\/packdesites.com\/es\/wp-json\/wp\/v2\/product"}],"about":[{"href":"https:\/\/packdesites.com\/es\/wp-json\/wp\/v2\/types\/product"}],"replies":[{"embeddable":true,"href":"https:\/\/packdesites.com\/es\/wp-json\/wp\/v2\/comments?post=1121"}],"version-history":[{"count":0,"href":"https:\/\/packdesites.com\/es\/wp-json\/wp\/v2\/product\/1121\/revisions"}],"wp:featuredmedia":[{"embeddable":true,"href":"https:\/\/packdesites.com\/es\/wp-json\/wp\/v2\/media\/1122"}],"wp:attachment":[{"href":"https:\/\/packdesites.com\/es\/wp-json\/wp\/v2\/media?parent=1121"}],"wp:term":[{"taxonomy":"product_brand","embeddable":true,"href":"https:\/\/packdesites.com\/es\/wp-json\/wp\/v2\/product_brand?post=1121"},{"taxonomy":"product_cat","embeddable":true,"href":"https:\/\/packdesites.com\/es\/wp-json\/wp\/v2\/product_cat?post=1121"},{"taxonomy":"product_tag","embeddable":true,"href":"https:\/\/packdesites.com\/es\/wp-json\/wp\/v2\/product_tag?post=1121"}],"curies":[{"name":"wp","href":"https:\/\/api.w.org\/{rel}","templated":true}]}}