{"id":1117,"date":"2022-10-03T03:00:00","date_gmt":"2022-10-03T03:00:00","guid":{"rendered":"https:\/\/packdesites.com\/produto\/zortex-servicos-de-banda-larga-e-internet\/"},"modified":"2025-04-03T00:40:33","modified_gmt":"2025-04-03T00:40:33","slug":"servicios-de-banda-ancha-e-internet-de-zortex","status":"publish","type":"product","link":"https:\/\/packdesites.com\/es\/product\/servicios-de-banda-ancha-e-internet-de-zortex\/","title":{"rendered":"Zortex \u2013 Servicios de banda ancha e Internet"},"content":{"rendered":"<p>Kit de plantillas especialmente desarrollado para sucursales de empresas de Internet, empresas proveedoras de Internet, servicios de agencias de telecomunicaciones, agencias de telecomunicaciones, organizaciones comerciales de transmisi\u00f3n de datos de banda ancha, l\u00edneas telef\u00f3nicas corporativas, redes de computadoras, TV, televisi\u00f3n de moda, tienda de videos anal\u00f3gicos, tienda de televisi\u00f3n por cable y tecnolog\u00edas alternativas.<\/p>\n\n\n\n<p>Tambi\u00e9n se puede usar para cualquier otro prop\u00f3sito o categor\u00eda de internet, gracias a su dise\u00f1o moderno y colores suaves y vibrantes. El kit de plantillas es completo e incluye p\u00e1ginas adicionales imprescindibles para este segmento, como devoluci\u00f3n de equipos, prueba de velocidad y servicios adicionales. Adem\u00e1s, incluye las escenas de las plantillas: encabezado, pie de p\u00e1gina, error 404 y pr\u00f3ximamente.<\/p>\n\n\n\n<p>Si buscas un kit de modelo f\u00e1cil de actualizar, el kit de modelo Zortex es para ti.<\/p>\n\n\n\n<p>Este kit fue creado con el tema Hello, pero puedes usar cualquier otro tema con soporte para Elementor.<\/p>\n\n\n\n<p>Se requiere la actualizaci\u00f3n de Elementor Pro para algunas plantillas y funciones (no incluidas).<\/p>","protected":false},"excerpt":{"rendered":"<p>Kit de modelos especialmente desarrollado para sucursales de compa\u00f1\u00edas de internet, proveedores de servicios de internet, agencias de telecomunicaciones, agencias de telecomunicaciones, negocios de transmisi\u00f3n de datos de banda ancha, l\u00edneas telef\u00f3nicas corporativas, redes de computadoras, TV, televisi\u00f3n de moda, tiendas de videos anal\u00f3gicos, tiendas de TV por cable [\u2026]<\/p>","protected":false},"featured_media":1118,"comment_status":"closed","ping_status":"open","template":"","meta":{"_jf_limit_responses":"","iawp_total_views":56},"product_brand":[],"product_cat":[39,27,23,24],"product_tag":[19],"class_list":{"0":"post-1117","1":"product","2":"type-product","3":"status-publish","4":"has-post-thumbnail","6":"product_cat-internet-e-iptv","7":"product_cat-prestadores-de-servicos","8":"product_cat-templates-elementor-e-envato","9":"product_cat-templates-envato","10":"product_tag-vitalicio","12":"first","13":"instock","14":"downloadable","15":"virtual","16":"purchasable","17":"product-type-simple"},"_links":{"self":[{"href":"https:\/\/packdesites.com\/es\/wp-json\/wp\/v2\/product\/1117","targetHints":{"allow":["GET"]}}],"collection":[{"href":"https:\/\/packdesites.com\/es\/wp-json\/wp\/v2\/product"}],"about":[{"href":"https:\/\/packdesites.com\/es\/wp-json\/wp\/v2\/types\/product"}],"replies":[{"embeddable":true,"href":"https:\/\/packdesites.com\/es\/wp-json\/wp\/v2\/comments?post=1117"}],"version-history":[{"count":0,"href":"https:\/\/packdesites.com\/es\/wp-json\/wp\/v2\/product\/1117\/revisions"}],"wp:featuredmedia":[{"embeddable":true,"href":"https:\/\/packdesites.com\/es\/wp-json\/wp\/v2\/media\/1118"}],"wp:attachment":[{"href":"https:\/\/packdesites.com\/es\/wp-json\/wp\/v2\/media?parent=1117"}],"wp:term":[{"taxonomy":"product_brand","embeddable":true,"href":"https:\/\/packdesites.com\/es\/wp-json\/wp\/v2\/product_brand?post=1117"},{"taxonomy":"product_cat","embeddable":true,"href":"https:\/\/packdesites.com\/es\/wp-json\/wp\/v2\/product_cat?post=1117"},{"taxonomy":"product_tag","embeddable":true,"href":"https:\/\/packdesites.com\/es\/wp-json\/wp\/v2\/product_tag?post=1117"}],"curies":[{"name":"wp","href":"https:\/\/api.w.org\/{rel}","templated":true}]}}