{"id":1109,"date":"2022-09-15T03:00:00","date_gmt":"2022-09-15T03:00:00","guid":{"rendered":"https:\/\/packdesites.com\/produto\/swagger-template-kit-de-clube-noturno-e-dj-elementor\/"},"modified":"2025-04-03T00:40:24","modified_gmt":"2025-04-03T00:40:24","slug":"kit-de-plantilla-de-estilo-swagger-para-discoteca-y-dj-elementor","status":"publish","type":"product","link":"https:\/\/packdesites.com\/es\/product\/kit-de-plantilla-de-estilo-swagger-para-discoteca-y-dj-elementor\/","title":{"rendered":"Swagger | Kit de plantillas Elementor para discotecas y DJ"},"content":{"rendered":"<p>Swagger es un kit de plantillas Elementor Pro que te permite crear sitios web para tu negocio de forma r\u00e1pida y sencilla con el plugin Elementor Page Builder para WordPress. Este kit est\u00e1 optimizado para el tema gratuito Hello Elementor, pero es compatible con la mayor\u00eda de los temas compatibles con Elementor. Esta plantilla presenta un dise\u00f1o creativo y \u00fanico con un dise\u00f1o 100% responsivo y compatible con pantallas retina, muy f\u00e1cil de personalizar.<\/p>\n\n\n\n<p>Este kit de plantillas incluye 10 plantillas cuidadosamente dise\u00f1adas, con lo que podr\u00e1 crear el sitio web comercial de su empresa con aspecto profesional con solo un clic.<\/p>\n\n\n\n<p><strong>Todas las funciones<\/strong><\/p>\n\n\n\n<ul class=\"wp-block-list\"><li>Los estilos y efectos se crean dentro del panel Elementor, sin necesidad de codificaci\u00f3n alguna<\/li><li>10 dise\u00f1os de p\u00e1gina personalizables<\/li><li>18 plantillas de secciones bien dise\u00f1adas<\/li><li>Estilo elegante y minimalista.<\/li><li>Colores y tonos elegantes<\/li><li>Responsivo y excelente para computadoras de escritorio, port\u00e1tiles y dispositivos m\u00f3viles.<\/li><li>Dise\u00f1o de todos los widgets principales de WordPress<\/li><li>Dise\u00f1o de p\u00edxeles sin costuras<\/li><li>F\u00e1cil de usar y modificar<\/li><li>Fluido totalmente sensible<\/li><li>S\u00edmbolos totalmente editables<\/li><li>Soporte receptivo y profesional de un equipo dedicado<\/li><\/ul>\n\n\n\n<p><strong>Caracter\u00edsticas principales<\/strong>&nbsp;Swagger ofrece una plantilla de sitio web de WordPress limpia y profesional. Necesitar\u00e1 Elementor Pro como plugin premium para usar este creador de p\u00e1ginas web. El paquete completo incluye varias funciones clave, entre ellas:<\/p>\n\n\n\n<ul class=\"wp-block-list\"><li>P\u00e1gina de inicio<\/li><li>P\u00e1gina de eventos<\/li><li>P\u00e1gina Acerca de Nosotros<\/li><li>P\u00e1gina de entradas<\/li><li>P\u00e1gina de la tripulaci\u00f3n<\/li><li>P\u00e1gina de preguntas frecuentes<\/li><li>P\u00e1gina de carreras<\/li><li>P\u00e1gina de descripci\u00f3n general de la carrera<\/li><li>P\u00e1gina de reservas<\/li><li>P\u00e1gina de contacto<\/li><\/ul>","protected":false},"excerpt":{"rendered":"<p>Swagger \u00e9 um Kit de Modelos Elementor Pro para criar sites de forma r\u00e1pida e f\u00e1cil para o seu neg\u00f3cio usando o plugin Elementor Page Builder para WordPress. Este kit foi otimizado para uso com o tema gratuito Hello Elementor, mas pode ser usado com a maioria dos temas que suportam Elementor. Este modelo tem [&hellip;]<\/p>","protected":false},"featured_media":1110,"comment_status":"closed","ping_status":"open","template":"","meta":{"_jf_limit_responses":"","iawp_total_views":41},"product_brand":[],"product_cat":[33,23,24],"product_tag":[19],"class_list":{"0":"post-1109","1":"product","2":"type-product","3":"status-publish","4":"has-post-thumbnail","6":"product_cat-entretenimento-e-midia","7":"product_cat-templates-elementor-e-envato","8":"product_cat-templates-envato","9":"product_tag-vitalicio","11":"first","12":"instock","13":"downloadable","14":"virtual","15":"purchasable","16":"product-type-simple"},"_links":{"self":[{"href":"https:\/\/packdesites.com\/es\/wp-json\/wp\/v2\/product\/1109","targetHints":{"allow":["GET"]}}],"collection":[{"href":"https:\/\/packdesites.com\/es\/wp-json\/wp\/v2\/product"}],"about":[{"href":"https:\/\/packdesites.com\/es\/wp-json\/wp\/v2\/types\/product"}],"replies":[{"embeddable":true,"href":"https:\/\/packdesites.com\/es\/wp-json\/wp\/v2\/comments?post=1109"}],"version-history":[{"count":0,"href":"https:\/\/packdesites.com\/es\/wp-json\/wp\/v2\/product\/1109\/revisions"}],"wp:featuredmedia":[{"embeddable":true,"href":"https:\/\/packdesites.com\/es\/wp-json\/wp\/v2\/media\/1110"}],"wp:attachment":[{"href":"https:\/\/packdesites.com\/es\/wp-json\/wp\/v2\/media?parent=1109"}],"wp:term":[{"taxonomy":"product_brand","embeddable":true,"href":"https:\/\/packdesites.com\/es\/wp-json\/wp\/v2\/product_brand?post=1109"},{"taxonomy":"product_cat","embeddable":true,"href":"https:\/\/packdesites.com\/es\/wp-json\/wp\/v2\/product_cat?post=1109"},{"taxonomy":"product_tag","embeddable":true,"href":"https:\/\/packdesites.com\/es\/wp-json\/wp\/v2\/product_tag?post=1109"}],"curies":[{"name":"wp","href":"https:\/\/api.w.org\/{rel}","templated":true}]}}