{"id":1107,"date":"2022-09-15T03:00:00","date_gmt":"2022-09-15T03:00:00","guid":{"rendered":"https:\/\/packdesites.com\/produto\/vagha-template-kit-de-boate-e-dj-elementor\/"},"modified":"2025-04-03T00:40:22","modified_gmt":"2025-04-03T00:40:22","slug":"kit-de-plantilla-vagha-para-discoteca-y-dj-elementor","status":"publish","type":"product","link":"https:\/\/packdesites.com\/es\/product\/kit-de-plantilla-vagha-para-discoteca-y-dj-elementor\/","title":{"rendered":"Vagha \u2013 Kit de plantillas Elementor para discotecas y DJ"},"content":{"rendered":"<p>Vagha es un kit de plantillas de Elementor para crear sitios web para tu negocio de forma r\u00e1pida y sencilla con el plugin Elementor Page Builder para WordPress. Este kit est\u00e1 optimizado para el tema gratuito Hello Elementor, pero es compatible con la mayor\u00eda de los temas compatibles con Elementor. Esta plantilla presenta un dise\u00f1o creativo y \u00fanico con un dise\u00f1o 100% responsivo y compatible con pantallas retina, muy f\u00e1cil de personalizar.<\/p>\n\n\n\n<p>Este kit de plantillas incluye m\u00e1s de 16 plantillas cuidadosamente dise\u00f1adas; puede crear el sitio web comercial de su empresa con aspecto profesional con solo un clic.<\/p>\n\n\n\n<p><strong>Caracter\u00edsticas:<\/strong><\/p>\n\n\n\n<ul class=\"wp-block-list\"><li>Uso de complementos gratuitos (no se requiere Elementor Pro)<\/li><li>Dise\u00f1o moderno y limpio<\/li><li>M\u00e1s de 16 plantillas listas para usar<\/li><li>Dise\u00f1o totalmente adaptable<\/li><li>Listo para retina<\/li><li>Totalmente personalizable<\/li><li>Compatibilidad entre navegadores: Chrome, Firefox, Safari, Opera<\/li><\/ul>\n\n\n\n<p><strong>Los modelos incluyen:<\/strong><\/p>\n\n\n\n<ul class=\"wp-block-list\"><li>Hogar<\/li><li>En<\/li><li>Evento<\/li><li>Equipo<\/li><li>Preguntas frecuentes<\/li><li>P\u00e1gina 404<\/li><li>Reserva<\/li><li>Boleto<\/li><li>Blog<\/li><li>Publicaci\u00f3n \u00fanica<\/li><li>Contacto<\/li><li>Reserva de Metform<\/li><li>Contacto metform<\/li><li>Encabezamiento<\/li><li>Z\u00f3calo<\/li><li>Estilo tem\u00e1tico global<\/li><\/ul>","protected":false},"excerpt":{"rendered":"<p>Vagha \u00e9 um Kit de Modelo Elementor para criar sites de forma r\u00e1pida e f\u00e1cil para o seu neg\u00f3cio usando o plugin Elementor Page Builder para WordPress. Este kit foi otimizado para uso com o tema gratuito Hello Elementor, mas pode ser usado com a maioria dos temas que suportam Elementor. Este modelo tem um [&hellip;]<\/p>","protected":false},"featured_media":1108,"comment_status":"closed","ping_status":"open","template":"","meta":{"_jf_limit_responses":"","iawp_total_views":52},"product_brand":[],"product_cat":[33,23,24],"product_tag":[19],"class_list":{"0":"post-1107","1":"product","2":"type-product","3":"status-publish","4":"has-post-thumbnail","6":"product_cat-entretenimento-e-midia","7":"product_cat-templates-elementor-e-envato","8":"product_cat-templates-envato","9":"product_tag-vitalicio","11":"first","12":"instock","13":"downloadable","14":"virtual","15":"purchasable","16":"product-type-simple"},"_links":{"self":[{"href":"https:\/\/packdesites.com\/es\/wp-json\/wp\/v2\/product\/1107","targetHints":{"allow":["GET"]}}],"collection":[{"href":"https:\/\/packdesites.com\/es\/wp-json\/wp\/v2\/product"}],"about":[{"href":"https:\/\/packdesites.com\/es\/wp-json\/wp\/v2\/types\/product"}],"replies":[{"embeddable":true,"href":"https:\/\/packdesites.com\/es\/wp-json\/wp\/v2\/comments?post=1107"}],"version-history":[{"count":0,"href":"https:\/\/packdesites.com\/es\/wp-json\/wp\/v2\/product\/1107\/revisions"}],"wp:featuredmedia":[{"embeddable":true,"href":"https:\/\/packdesites.com\/es\/wp-json\/wp\/v2\/media\/1108"}],"wp:attachment":[{"href":"https:\/\/packdesites.com\/es\/wp-json\/wp\/v2\/media?parent=1107"}],"wp:term":[{"taxonomy":"product_brand","embeddable":true,"href":"https:\/\/packdesites.com\/es\/wp-json\/wp\/v2\/product_brand?post=1107"},{"taxonomy":"product_cat","embeddable":true,"href":"https:\/\/packdesites.com\/es\/wp-json\/wp\/v2\/product_cat?post=1107"},{"taxonomy":"product_tag","embeddable":true,"href":"https:\/\/packdesites.com\/es\/wp-json\/wp\/v2\/product_tag?post=1107"}],"curies":[{"name":"wp","href":"https:\/\/api.w.org\/{rel}","templated":true}]}}