{"id":1105,"date":"2022-09-15T03:00:00","date_gmt":"2022-09-15T03:00:00","guid":{"rendered":"https:\/\/packdesites.com\/produto\/rythm-kit-de-modelo-de-banda-de-rock-elementor\/"},"modified":"2025-04-03T00:40:19","modified_gmt":"2025-04-03T00:40:19","slug":"kit-de-plantillas-para-bandas-de-rock-de-elementos-ritmicos","status":"publish","type":"product","link":"https:\/\/packdesites.com\/es\/product\/kit-de-plantillas-para-bandas-de-rock-de-elementos-ritmicos\/","title":{"rendered":"Ritmo \u2013 Kit de plantillas de Elementor para bandas de rock"},"content":{"rendered":"<p><strong>Ritmo<\/strong>&nbsp;Este es el kit de Elementor para Rock Band, perfecto para el sitio web de tu banda de rock y metal. Este kit fue desarrollado para optimizar Elementor y el tema Hello. Puedes usarlo para tu banda. Este kit le dar\u00e1 un aspecto m\u00e1s met\u00e1lico.<\/p>\n\n\n\n<p><strong>Plantillas de p\u00e1gina:<\/strong><\/p>\n\n\n\n<ul class=\"wp-block-list\"><li>P\u00e1gina de inicio<\/li><li>Sobre<\/li><li>P\u00e1gina de la tienda<\/li><li>P\u00e1gina de pago<\/li><li>P\u00e1gina del carrito<\/li><li>P\u00e1gina de la cuenta<\/li><li>Noticias<\/li><li>Noticias individuales<\/li><li>Contacto<\/li><li>Exclusivo 404<\/li><\/ul>\n\n\n\n<p><strong>Secciones y bloques:<\/strong><\/p>\n\n\n\n<ul class=\"wp-block-list\"><li>Encabezamiento<\/li><li>Z\u00f3calo<\/li><li>H\u00e9roe<\/li><li>Equipo<\/li><li>Testimonio<\/li><li>Formulario de contacto<\/li><li>Formulario de bolet\u00edn informativo<\/li><\/ul>","protected":false},"excerpt":{"rendered":"<p>Rythm&nbsp;\u00e9 o Rock Band Elementor Kit para o site da sua banda de rock e metal. Este kit foi desenvolvido para otimizar o Elementor e o Hello Theme. Voc\u00ea pode usar esse tema para sua banda. Fa\u00e7a com que este kit pare\u00e7a mais met\u00e1lico para o site da sua banda. Modelos de p\u00e1gina: P\u00e1gina inicial [&hellip;]<\/p>","protected":false},"featured_media":1106,"comment_status":"closed","ping_status":"open","template":"","meta":{"_jf_limit_responses":"","iawp_total_views":23},"product_brand":[],"product_cat":[33,23,24],"product_tag":[19],"class_list":{"0":"post-1105","1":"product","2":"type-product","3":"status-publish","4":"has-post-thumbnail","6":"product_cat-entretenimento-e-midia","7":"product_cat-templates-elementor-e-envato","8":"product_cat-templates-envato","9":"product_tag-vitalicio","11":"first","12":"instock","13":"downloadable","14":"virtual","15":"purchasable","16":"product-type-simple"},"_links":{"self":[{"href":"https:\/\/packdesites.com\/es\/wp-json\/wp\/v2\/product\/1105","targetHints":{"allow":["GET"]}}],"collection":[{"href":"https:\/\/packdesites.com\/es\/wp-json\/wp\/v2\/product"}],"about":[{"href":"https:\/\/packdesites.com\/es\/wp-json\/wp\/v2\/types\/product"}],"replies":[{"embeddable":true,"href":"https:\/\/packdesites.com\/es\/wp-json\/wp\/v2\/comments?post=1105"}],"version-history":[{"count":0,"href":"https:\/\/packdesites.com\/es\/wp-json\/wp\/v2\/product\/1105\/revisions"}],"wp:featuredmedia":[{"embeddable":true,"href":"https:\/\/packdesites.com\/es\/wp-json\/wp\/v2\/media\/1106"}],"wp:attachment":[{"href":"https:\/\/packdesites.com\/es\/wp-json\/wp\/v2\/media?parent=1105"}],"wp:term":[{"taxonomy":"product_brand","embeddable":true,"href":"https:\/\/packdesites.com\/es\/wp-json\/wp\/v2\/product_brand?post=1105"},{"taxonomy":"product_cat","embeddable":true,"href":"https:\/\/packdesites.com\/es\/wp-json\/wp\/v2\/product_cat?post=1105"},{"taxonomy":"product_tag","embeddable":true,"href":"https:\/\/packdesites.com\/es\/wp-json\/wp\/v2\/product_tag?post=1105"}],"curies":[{"name":"wp","href":"https:\/\/api.w.org\/{rel}","templated":true}]}}