{"id":1084,"date":"2022-08-17T03:00:00","date_gmt":"2022-08-17T03:00:00","guid":{"rendered":"https:\/\/packdesites.com\/produto\/aatogrinek-site-de-negocios-e-servicos\/"},"modified":"2025-04-03T00:39:40","modified_gmt":"2025-04-03T00:39:40","slug":"sitio-web-de-negocios-y-servicios-de-aatogrinek","status":"publish","type":"product","link":"https:\/\/packdesites.com\/es\/product\/sitio-web-de-negocios-y-servicios-de-aatogrinek\/","title":{"rendered":"Aatogrinek \u2013 Kit de plantillas Elementor para servicios y reparaciones de autom\u00f3viles"},"content":{"rendered":"<p><strong><em>Aatogrinek<\/em><\/strong>&nbsp;\u2013 es un kit de plantillas Elementor para servicios y reparaciones de autom\u00f3viles. Es adecuado para cualquier tipo de peque\u00f1as empresas relacionadas con mec\u00e1nica automotriz, lavado de autos, mec\u00e1nica automotriz, garajes, talleres de reparaci\u00f3n de autom\u00f3viles, talleres de reparaci\u00f3n de autom\u00f3viles, centros automotrices, pintura de autom\u00f3viles y otros servicios relacionados.<\/p>\n\n\n\n<p><strong>Aatogrinek \u2014 Modelos<\/strong><\/p>\n\n\n\n<p><em>P\u00e1ginas<\/em><\/p>\n\n\n\n<ul class=\"wp-block-list\"><li>P\u00e1gina de inicio<\/li><li>Acerca de la p\u00e1gina<\/li><li>P\u00e1gina de servicios<\/li><li>P\u00e1gina de detalles del servicio<\/li><li>P\u00e1gina del producto<\/li><li>P\u00e1gina de precios<\/li><li>P\u00e1gina del blog<\/li><li>Blog de una sola p\u00e1gina<\/li><li>P\u00e1gina de contacto<\/li><li>P\u00e1gina de error 404<\/li><\/ul>\n\n\n\n<p><em>Secciones<\/em><\/p>\n\n\n\n<ul class=\"wp-block-list\"><li>Secci\u00f3n de encabezado<\/li><li>Secci\u00f3n de pie de p\u00e1gina<\/li><li>Acerca de la Secci\u00f3n<\/li><li>Secci\u00f3n de servicios<\/li><li>Secci\u00f3n de equipo<\/li><li>Secci\u00f3n Con<\/li><li>Secci\u00f3n de testimonios<\/li><li>Secci\u00f3n de precios<\/li><li>Secci\u00f3n de productos<\/li><li>Secci\u00f3n de formulario de contacto<\/li><\/ul>\n\n\n\n<p><strong>Aatogrinek \u2014 Caracter\u00edsticas<\/strong><\/p>\n\n\n\n<ul class=\"wp-block-list\"><li><strong>Elementor Pro es imprescindible<\/strong><\/li><li>10 p\u00e1ginas de plantillas incre\u00edbles<\/li><li>10 secciones diferentes<\/li><li>20 plantillas de elementos incre\u00edbles<\/li><li>Dise\u00f1o limpio, profesional y \u00fanico.<\/li><li>Fuentes de Google: ampl\u00edelas f\u00e1cilmente a 600 fuentes de Google<\/li><li>\u00a1y mucho m\u00e1s!<\/li><\/ul>\n\n\n\n<p><strong>Complementos necesarios (incluidos)<\/strong><\/p>\n\n\n\n<ul class=\"wp-block-list\"><li>Elementor<\/li><li>ElementsKit Lite<\/li><li>PowerPack Lite para Elementor<\/li><li>JetWidgets para Elementor<\/li><li>Se requiere la actualizaci\u00f3n de Elementor Pro para algunas plantillas y funciones (no incluidas)<\/li><\/ul>","protected":false},"excerpt":{"rendered":"<p>Aatogrinek es un kit de plantillas de Elementor para servicios y reparaci\u00f3n de autom\u00f3viles. Es ideal para cualquier tipo de peque\u00f1a empresa relacionada con la mec\u00e1nica, lavado de autos, talleres mec\u00e1nicos, talleres de reparaci\u00f3n, centros de servicio, pintura de autos y otros servicios relacionados. Aatogrinek \u2014 Plantillas P\u00e1ginas P\u00e1gina principal Acerca de [\u2026]<\/p>","protected":false},"featured_media":1085,"comment_status":"closed","ping_status":"open","template":"","meta":{"_jf_limit_responses":"","iawp_total_views":37},"product_brand":[],"product_cat":[27,23,24,31],"product_tag":[19],"class_list":{"0":"post-1084","1":"product","2":"type-product","3":"status-publish","4":"has-post-thumbnail","6":"product_cat-prestadores-de-servicos","7":"product_cat-templates-elementor-e-envato","8":"product_cat-templates-envato","9":"product_cat-veiculos","10":"product_tag-vitalicio","12":"first","13":"instock","14":"downloadable","15":"virtual","16":"purchasable","17":"product-type-simple"},"_links":{"self":[{"href":"https:\/\/packdesites.com\/es\/wp-json\/wp\/v2\/product\/1084","targetHints":{"allow":["GET"]}}],"collection":[{"href":"https:\/\/packdesites.com\/es\/wp-json\/wp\/v2\/product"}],"about":[{"href":"https:\/\/packdesites.com\/es\/wp-json\/wp\/v2\/types\/product"}],"replies":[{"embeddable":true,"href":"https:\/\/packdesites.com\/es\/wp-json\/wp\/v2\/comments?post=1084"}],"version-history":[{"count":0,"href":"https:\/\/packdesites.com\/es\/wp-json\/wp\/v2\/product\/1084\/revisions"}],"wp:featuredmedia":[{"embeddable":true,"href":"https:\/\/packdesites.com\/es\/wp-json\/wp\/v2\/media\/1085"}],"wp:attachment":[{"href":"https:\/\/packdesites.com\/es\/wp-json\/wp\/v2\/media?parent=1084"}],"wp:term":[{"taxonomy":"product_brand","embeddable":true,"href":"https:\/\/packdesites.com\/es\/wp-json\/wp\/v2\/product_brand?post=1084"},{"taxonomy":"product_cat","embeddable":true,"href":"https:\/\/packdesites.com\/es\/wp-json\/wp\/v2\/product_cat?post=1084"},{"taxonomy":"product_tag","embeddable":true,"href":"https:\/\/packdesites.com\/es\/wp-json\/wp\/v2\/product_tag?post=1084"}],"curies":[{"name":"wp","href":"https:\/\/api.w.org\/{rel}","templated":true}]}}