{"id":108,"date":"2024-05-30T20:55:57","date_gmt":"2024-05-30T20:55:57","guid":{"rendered":"https:\/\/packdesites.com\/produto\/porto-theme-v7-0-4-multipurpose\/"},"modified":"2026-02-09T17:08:55","modified_gmt":"2026-02-09T20:08:55","slug":"tema-de-porto-v7-0-4-multiproposito","status":"publish","type":"product","link":"https:\/\/packdesites.com\/es\/product\/tema-de-porto-v7-0-4-multiproposito\/","title":{"rendered":"Tema Porto v7.8.0: Tema multiprop\u00f3sito para WordPress para diversos nichos"},"content":{"rendered":"<p>Porto Theme WordPress \u00e9 um tema de \u00faltima hora de neg\u00f3cios &amp; woocommerce wordpress adequado para qualquer neg\u00f3cio e sites de com\u00e9rcio woo. O Porto fornece muitos elementos e recursos poderosos que podem configurar tudo o que voc\u00ea quiser. Em compara\u00e7\u00e3o com os recursos gerais de com\u00e9rcio eletr\u00f4nico de outros temas multiuso, o Porto oferece recursos finais de woocommerce com skins &amp; layouts exclusivos e recursos. O Porto garante um desempenho super r\u00e1pido, essencial para o seu neg\u00f3cio e para as lojas woocommerce. Confira abaixo para ver mais recursos do Porto. Desfrute do Tema Porto Business &amp; Woocommerce!<\/p>\n\n\n\n<h2 class=\"wp-block-heading\"><br>Caracter\u00edsticas principales de los temas multiprop\u00f3sito y WooCommerce de Porto<\/h2>\n\n\n\n<ul class=\"wp-block-list\">\n<li>Dise\u00f1o multiusos<\/li>\n\n\n\n<li>WordPress Multisite (WPMU) Probado y Aprobado<\/li>\n\n\n\n<li>Tema infantil listo<\/li>\n\n\n\n<li>Grupo de demostraciones \u00fatiles: construcci\u00f3n, hotel, restaurante, bufete de abogados, agencia digital, m\u00e9dico, inmobiliario, aterrizaje de aplicaciones, curr\u00edculum, etc.<\/li>\n\n\n\n<li>Muchos widgets<\/li>\n\n\n\n<li>M\u00faltiples estilos de p\u00e1gina<\/li>\n\n\n\n<li>Potente herramienta de optimizaci\u00f3n de velocidad<\/li>\n\n\n\n<li>Visual Composer est\u00e1 altamente optimizado<\/li>\n\n\n\n<li>Plantilla de una p\u00e1gina<\/li>\n\n\n\n<li>Funciones para compartir en redes sociales<\/li>\n\n\n\n<li>M\u00e1s de 33 elementos personalizados para Visual Composer (banners, carrusel, pesta\u00f1as, conmutadores, acordeones, botones, citas, tablas, cuadros de alerta, tablas, listas, formularios, \u00edconos, widgets, barra de progreso, tablas de precios, letras capitales, miembros del equipo, cuadros de llamada a la acci\u00f3n, columnas, etc.)<\/li>\n\n\n\n<li>Optimizado para SEO (se incorporan fragmentos enriquecidos para rutas de navegaci\u00f3n y rese\u00f1as)<\/li>\n\n\n\n<li>Dise\u00f1o responsivo<\/li>\n\n\n\n<li>Colores y dise\u00f1os ilimitados<\/li>\n\n\n\n<li>Compatible con WooCommerce<\/li>\n\n\n\n<li>Lista de deseos, b\u00fasqueda ajax, filtrado y clasificaci\u00f3n<\/li>\n\n\n\n<li>compatibilidad con wpml<\/li>\n\n\n\n<li>Listo para RTL<\/li>\n\n\n\n<li>Soporte y actualizaciones r\u00e1pidas<\/li>\n\n\n\n<li>Compatibilidad entre navegadores (IE9+, Chrome, Firefox, Safari, Opera, Edge)<\/li>\n\n\n\n<li>C\u00f3digo HTML5 v\u00e1lido<\/li>\n\n\n\n<li>M\u00e1s de 30 dise\u00f1os de p\u00e1gina de inicio \u00fanicos: \u00a1Pronto habr\u00e1 m\u00e1s conceptos sorprendentes!<\/li>\n\n\n\n<li>6 dise\u00f1os de \u00e1rea deslizante adicionales: Texto y forma, imagen est\u00e1tica, video \u00fanico;<\/li>\n\n\n\n<li>Mega men\u00fa y men\u00fa desplegable de 3 niveles;<\/li>\n\n\n\n<li>M\u00e1s de 20 encabezados diferentes<\/li>\n\n\n\n<li>5 migas de pan diferentes<\/li>\n\n\n\n<li>4 tipos diferentes de portafolios (un total de 19 p\u00e1ginas)<\/li>\n\n\n\n<li>4 tipos diferentes de blogs (un total de 6 p\u00e1ginas)<\/li>\n\n\n\n<li>Vista de cuadr\u00edcula\/lista<\/li>\n\n\n\n<li>P\u00e1ginas de la tienda<\/li>\n\n\n\n<li>Filtrado Ajax en p\u00e1ginas de tiendas y archivos de productos<\/li>\n\n\n\n<li>Complemento Revolution Slider<\/li>\n\n\n\n<li>Compositor visual&nbsp;<\/li>\n\n\n\n<li>Modo cat\u00e1logo de WooCommerce<\/li>\n\n\n\n<li>Opciones de p\u00e1gina potentes<\/li>\n\n\n\n<li>Animaciones elegantes<\/li>\n\n\n\n<li>3 dise\u00f1os de p\u00e1gina de contacto diferentes<\/li>\n\n\n\n<li>Instale contenido de demostraci\u00f3n con un solo clic<\/li>\n\n\n\n<li>Dise\u00f1o ancho\/completo\/en caja<\/li>\n\n\n\n<li>P\u00e1gina de tipograf\u00eda<\/li>\n\n\n\n<li>Activar o desactivar la opci\u00f3n de encabezado fijo<\/li>\n\n\n\n<li>P\u00e1ginas adicionales: Acerca de, Servicios, Equipo, Proceso, Carreras, Preguntas frecuentes, P\u00e1ginas 404, Mapa del sitio, Cont\u00e1ctenos, etc.<\/li>\n\n\n\n<li>Caja de luz<\/li>\n\n\n\n<li>Compartir \u00edconos en p\u00e1ginas de proyectos y productos<\/li>\n\n\n\n<li>Formularios de contacto y newsletter<\/li>\n\n\n\n<li>Widget de feed de Twitter<\/li>\n\n\n\n<li>Fuentes web de Google<\/li>\n\n\n\n<li>Control de fuentes personalizado<\/li>\n\n\n\n<li>\u00bfDocumentaci\u00f3n? paso a paso<\/li>\n\n\n\n<li>Compat\u00edvel com&nbsp;plugin WordPress SEO<\/li>\n\n\n\n<li>Compat\u00edvel com&nbsp;plugin de login social WordPress<\/li>\n\n\n\n<li>Compatible con complementos de WP Cache como WP Super Cache y W3 Total Cache<\/li>\n\n\n\n<li>Compatible con el complemento de bolet\u00edn de Mailpoet<\/li>\n\n\n\n<li>Compatible con el complemento Revolutionary<\/li>\n\n\n\n<li>Compatible con los complementos BBPress y BuddyPress<\/li>\n\n\n\n<li>Compat\u00edvel com&nbsp;plugin Melhor WordPress Minify<\/li>\n\n\n\n<li>Compatible con el complemento de funciones del men\u00fa de navegaci\u00f3n<\/li>\n\n\n\n<li>Compatible con el complemento de filtro de productos de WooCommerce<\/li>\n\n\n\n<li>Compatible con el complemento de contador de vistas de publicaciones<\/li>\n\n\n\n<li>Compatible con el complemento GeoDirectory<\/li>\n\n\n\n<li>Compatible con el complemento multiling\u00fce WooCommerce<\/li>\n\n\n\n<li>Compatible con los principales complementos de m\u00faltiples proveedores como Dokan, WC Vendors y Yith WooCommerce Multi-Vendors<\/li>\n\n\n\n<li>Compatible con el complemento YITH WooCommerce Wishlist<\/li>\n\n\n\n<li>Compatible con el complemento de b\u00fasqueda ajax de Yith WooCommerce<\/li>\n\n\n\n<li>Compatible con el complemento de gesti\u00f3n de insignias de WooCommerce de Yith<\/li>\n\n\n\n<li>Compatible con el complemento WPML<\/li>\n\n\n\n<li>Compatible con el complemento Polylang<\/li>\n\n\n\n<li>Compatible con el complemento qTranslate X<\/li>\n\n\n\n<li>Compatible con el complemento WooCommerce Currency Switcher<\/li>\n\n\n\n<li>\u00a1Y mucho m\u00e1s!<\/li>\n<\/ul>\n\n\n\n<p>Al descargar, extraiga el archivo zip, dentro de \u00e9l habr\u00e1 carpetas con el tema y los plugins necesarios:<\/p>\n\n\n\n<figure class=\"wp-block-image size-full\"><img decoding=\"async\" src=\"https:\/\/packdesites.com\/wp-content\/uploads\/2025\/04\/image-6.png\" alt=\"\" class=\"wp-image-6804\" title=\"\"><\/figure>\n\n\n\n<p><\/p>","protected":false},"excerpt":{"rendered":"<p>Porto Theme WordPress \u00e9 um tema de \u00faltima hora de neg\u00f3cios &amp; woocommerce wordpress adequado para qualquer neg\u00f3cio e sites de com\u00e9rcio woo. O Porto fornece muitos elementos e recursos poderosos que podem configurar tudo o que voc\u00ea quiser. Em compara\u00e7\u00e3o com os recursos gerais de com\u00e9rcio eletr\u00f4nico de outros temas multiuso, o Porto oferece [&hellip;]<\/p>","protected":false},"featured_media":110,"comment_status":"closed","ping_status":"open","template":"","meta":{"_jf_limit_responses":"","iawp_total_views":142},"product_brand":[],"product_cat":[22],"product_tag":[19],"class_list":{"0":"post-108","1":"product","2":"type-product","3":"status-publish","4":"has-post-thumbnail","6":"product_cat-temas-wordpress","7":"product_tag-vitalicio","9":"first","10":"instock","11":"downloadable","12":"virtual","13":"purchasable","14":"product-type-simple"},"_links":{"self":[{"href":"https:\/\/packdesites.com\/es\/wp-json\/wp\/v2\/product\/108","targetHints":{"allow":["GET"]}}],"collection":[{"href":"https:\/\/packdesites.com\/es\/wp-json\/wp\/v2\/product"}],"about":[{"href":"https:\/\/packdesites.com\/es\/wp-json\/wp\/v2\/types\/product"}],"replies":[{"embeddable":true,"href":"https:\/\/packdesites.com\/es\/wp-json\/wp\/v2\/comments?post=108"}],"version-history":[{"count":8,"href":"https:\/\/packdesites.com\/es\/wp-json\/wp\/v2\/product\/108\/revisions"}],"predecessor-version":[{"id":24618,"href":"https:\/\/packdesites.com\/es\/wp-json\/wp\/v2\/product\/108\/revisions\/24618"}],"wp:featuredmedia":[{"embeddable":true,"href":"https:\/\/packdesites.com\/es\/wp-json\/wp\/v2\/media\/110"}],"wp:attachment":[{"href":"https:\/\/packdesites.com\/es\/wp-json\/wp\/v2\/media?parent=108"}],"wp:term":[{"taxonomy":"product_brand","embeddable":true,"href":"https:\/\/packdesites.com\/es\/wp-json\/wp\/v2\/product_brand?post=108"},{"taxonomy":"product_cat","embeddable":true,"href":"https:\/\/packdesites.com\/es\/wp-json\/wp\/v2\/product_cat?post=108"},{"taxonomy":"product_tag","embeddable":true,"href":"https:\/\/packdesites.com\/es\/wp-json\/wp\/v2\/product_tag?post=108"}],"curies":[{"name":"wp","href":"https:\/\/api.w.org\/{rel}","templated":true}]}}