{"id":1078,"date":"2022-08-16T03:00:00","date_gmt":"2022-08-16T03:00:00","guid":{"rendered":"https:\/\/packdesites.com\/produto\/childhood-centro-de-cuidados-infantis\/"},"modified":"2025-04-03T00:39:29","modified_gmt":"2025-04-03T00:39:29","slug":"centro-de-cuidado-infantil-infantil","status":"publish","type":"product","link":"https:\/\/packdesites.com\/es\/product\/centro-de-cuidado-infantil-infantil\/","title":{"rendered":"Infancia \u2013 Centro de cuidado infantil"},"content":{"rendered":"<p>El kit de plantillas para ni\u00f1os contiene una enorme colecci\u00f3n de m\u00e1s de 35 dise\u00f1os visuales que son compatibles con el generador de p\u00e1ginas Elementor. El kit presenta un esquema de colores marr\u00f3n y verde con gr\u00e1ficos de \u00e1rboles y ni\u00f1os jugando. Cada una de estas plantillas prefabricadas es totalmente personalizable en el editor. Cambia las fotos y la fuente para personalizarlas.<\/p>\n\n\n\n<p>Esta plantilla de color natural es adecuada para cualquier sitio web de guarder\u00eda, educaci\u00f3n, producto o servicio para ni\u00f1os. Las fotos tienen una superposici\u00f3n con efecto de forma de gota que permite que su foto simple se muestre debajo. Hay hermosos gr\u00e1ficos vectoriales dibujados a mano en todo el sitio que muestran ni\u00f1os jugando, \u00e1rboles, columpios de arco\u00edris, nubes, sol y colinas verdes.<\/p>","protected":false},"excerpt":{"rendered":"<p>Inf\u00e2ncia Modelo Kit cont\u00e9m uma enorme cole\u00e7\u00e3o de mais de 35 layouts visuais que s\u00e3o compat\u00edveis com seu construtor de p\u00e1ginas Elementor. O Kit apresenta um esquema de cores marrom e verde com \u00e1rvores e crian\u00e7as jogando gr\u00e1ficos. Cada um desses modelos pr\u00e9-fabricados \u00e9 totalmente personaliz\u00e1vel no editor. Voc\u00ea altera as fotos e fonte para [&hellip;]<\/p>","protected":false},"featured_media":1079,"comment_status":"closed","ping_status":"open","template":"","meta":{"_jf_limit_responses":"","iawp_total_views":19},"product_brand":[],"product_cat":[28,27,23,24],"product_tag":[19],"class_list":{"0":"post-1078","1":"product","2":"type-product","3":"status-publish","4":"has-post-thumbnail","6":"product_cat-educacao-e-treinamento","7":"product_cat-prestadores-de-servicos","8":"product_cat-templates-elementor-e-envato","9":"product_cat-templates-envato","10":"product_tag-vitalicio","12":"first","13":"instock","14":"downloadable","15":"virtual","16":"purchasable","17":"product-type-simple"},"_links":{"self":[{"href":"https:\/\/packdesites.com\/es\/wp-json\/wp\/v2\/product\/1078","targetHints":{"allow":["GET"]}}],"collection":[{"href":"https:\/\/packdesites.com\/es\/wp-json\/wp\/v2\/product"}],"about":[{"href":"https:\/\/packdesites.com\/es\/wp-json\/wp\/v2\/types\/product"}],"replies":[{"embeddable":true,"href":"https:\/\/packdesites.com\/es\/wp-json\/wp\/v2\/comments?post=1078"}],"version-history":[{"count":0,"href":"https:\/\/packdesites.com\/es\/wp-json\/wp\/v2\/product\/1078\/revisions"}],"wp:featuredmedia":[{"embeddable":true,"href":"https:\/\/packdesites.com\/es\/wp-json\/wp\/v2\/media\/1079"}],"wp:attachment":[{"href":"https:\/\/packdesites.com\/es\/wp-json\/wp\/v2\/media?parent=1078"}],"wp:term":[{"taxonomy":"product_brand","embeddable":true,"href":"https:\/\/packdesites.com\/es\/wp-json\/wp\/v2\/product_brand?post=1078"},{"taxonomy":"product_cat","embeddable":true,"href":"https:\/\/packdesites.com\/es\/wp-json\/wp\/v2\/product_cat?post=1078"},{"taxonomy":"product_tag","embeddable":true,"href":"https:\/\/packdesites.com\/es\/wp-json\/wp\/v2\/product_tag?post=1078"}],"curies":[{"name":"wp","href":"https:\/\/api.w.org\/{rel}","templated":true}]}}