{"id":1070,"date":"2022-08-09T03:00:00","date_gmt":"2022-08-09T03:00:00","guid":{"rendered":"https:\/\/packdesites.com\/produto\/wiras-site-de-saude-e-medicina\/"},"modified":"2025-04-03T00:39:22","modified_gmt":"2025-04-03T00:39:22","slug":"sitio-web-de-salud-y-medicina-de-wiras","status":"publish","type":"product","link":"https:\/\/packdesites.com\/es\/product\/sitio-web-de-salud-y-medicina-de-wiras\/","title":{"rendered":"Wiras \u2013 Sitio web de salud y medicina"},"content":{"rendered":"<p>Wiras \u2013 El Kit de Plantillas Elementor de Salud para la COVID-19 est\u00e1 especialmente dise\u00f1ado para concienciar sobre el coronavirus (COVID-19) y c\u00f3mo protegerse y prevenirlo. Esta plantilla se basa en el modelo de la enfermedad y la prevenci\u00f3n m\u00e9dica del coronavirus (COVID-19) con un dise\u00f1o moderno. Incluye dos p\u00e1ginas de inicio y varios estilos de p\u00e1gina independientes, cada uno con los bloques y secciones necesarios. Esta plantilla es ideal para concienciaci\u00f3n m\u00e9dica, ONG, atenci\u00f3n m\u00e9dica y hospitales que deseen concienciar sobre esta pandemia mundial que ya dura una d\u00e9cada. Plantillas:<\/p>\n\n\n\n<ul class=\"wp-block-list\"><li>P\u00e1gina de inicio<\/li><li>P\u00e1gina de inicio 2<\/li><li>En<\/li><li>Doctores<\/li><li>S\u00edntomas<\/li><li>Prevenci\u00f3n<\/li><li>Preguntas frecuentes<\/li><li>Blog<\/li><li>404<\/li><li>Contacto<\/li><li>Secci\u00f3n de im\u00e1genes de<\/li><li>Secci\u00f3n 2 de la imagen del h\u00e9roe<\/li><li>Secci\u00f3n de lavado de manos<\/li><li>Secci\u00f3n de llamada<\/li><li>Secci\u00f3n de noticias<\/li><li>Secci\u00f3n Mant\u00e9ngase informado<\/li><li>Secci\u00f3n de m\u00e9dicos<\/li><li>Secci\u00f3n de Prevenci\u00f3n<\/li><li>Secci\u00f3n de s\u00edntomas<\/li><li>Secci\u00f3n 2 de S\u00edntomas<\/li><li>Secci\u00f3n de brotes<\/li><li>Secci\u00f3n de Protecci\u00f3n<\/li><li>Secci\u00f3n Distribuida<\/li><li>T\u00edtulo de la secci\u00f3n<\/li><li>Secci\u00f3n de pie de p\u00e1gina<\/li><li>Secci\u00f3n de encabezado<\/li><li>Secci\u00f3n de gu\u00edas de preguntas frecuentes<\/li><\/ul>\n\n\n\n<p>Caracter\u00edsticas:<\/p>\n\n\n\n<ul class=\"wp-block-list\"><li>2 Dise\u00f1o de la p\u00e1gina de inicio<\/li><li>Dise\u00f1o limpio y moderno<\/li><li>10 demostraciones predise\u00f1adas<\/li><li>Totalmente personalizable<\/li><\/ul>","protected":false},"excerpt":{"rendered":"<p>Wiras &#8211; Covid-19 Health Elementor Template Kit \u00e9 especialmente desenvolvido para conscientiza\u00e7\u00e3o de Coronav\u00edrus (COVID-19) e como proteger e prevenir. Este modelo \u00e9 baseado na doen\u00e7a de Coronav\u00edrus (COVID-19) e modelo de preven\u00e7\u00e3o m\u00e9dica com o design moderno. H\u00e1 2 p\u00e1ginas iniciais e muitos estilos separados das p\u00e1ginas v\u00eam com o bloco e se\u00e7\u00e3o que [&hellip;]<\/p>","protected":false},"featured_media":1071,"comment_status":"closed","ping_status":"open","template":"","meta":{"_jf_limit_responses":"","iawp_total_views":11},"product_brand":[],"product_cat":[29,23,24],"product_tag":[19],"class_list":{"0":"post-1070","1":"product","2":"type-product","3":"status-publish","4":"has-post-thumbnail","6":"product_cat-saude-e-bem-estar","7":"product_cat-templates-elementor-e-envato","8":"product_cat-templates-envato","9":"product_tag-vitalicio","11":"first","12":"instock","13":"downloadable","14":"virtual","15":"purchasable","16":"product-type-simple"},"_links":{"self":[{"href":"https:\/\/packdesites.com\/es\/wp-json\/wp\/v2\/product\/1070","targetHints":{"allow":["GET"]}}],"collection":[{"href":"https:\/\/packdesites.com\/es\/wp-json\/wp\/v2\/product"}],"about":[{"href":"https:\/\/packdesites.com\/es\/wp-json\/wp\/v2\/types\/product"}],"replies":[{"embeddable":true,"href":"https:\/\/packdesites.com\/es\/wp-json\/wp\/v2\/comments?post=1070"}],"version-history":[{"count":0,"href":"https:\/\/packdesites.com\/es\/wp-json\/wp\/v2\/product\/1070\/revisions"}],"wp:featuredmedia":[{"embeddable":true,"href":"https:\/\/packdesites.com\/es\/wp-json\/wp\/v2\/media\/1071"}],"wp:attachment":[{"href":"https:\/\/packdesites.com\/es\/wp-json\/wp\/v2\/media?parent=1070"}],"wp:term":[{"taxonomy":"product_brand","embeddable":true,"href":"https:\/\/packdesites.com\/es\/wp-json\/wp\/v2\/product_brand?post=1070"},{"taxonomy":"product_cat","embeddable":true,"href":"https:\/\/packdesites.com\/es\/wp-json\/wp\/v2\/product_cat?post=1070"},{"taxonomy":"product_tag","embeddable":true,"href":"https:\/\/packdesites.com\/es\/wp-json\/wp\/v2\/product_tag?post=1070"}],"curies":[{"name":"wp","href":"https:\/\/api.w.org\/{rel}","templated":true}]}}