{"id":1068,"date":"2022-08-20T03:00:00","date_gmt":"2022-08-20T03:00:00","guid":{"rendered":"https:\/\/packdesites.com\/produto\/vitpro-site-de-saude-e-medicina\/"},"modified":"2025-04-03T00:39:20","modified_gmt":"2025-04-03T00:39:20","slug":"sitio-web-de-salud-y-medicina-vitpro","status":"publish","type":"product","link":"https:\/\/packdesites.com\/es\/product\/sitio-web-de-salud-y-medicina-vitpro\/","title":{"rendered":"Vitpro \u2013 Salud, medicina y sitio web encapsulado"},"content":{"rendered":"<p><strong>Vitpro<\/strong>&nbsp;Es un kit de plantillas de Elementor para crear sitios web para tu negocio de forma r\u00e1pida y sencilla con el plugin Elementor Page Builder para WordPress. Este kit est\u00e1 optimizado para el tema gratuito Hello Elementor, pero es compatible con la mayor\u00eda de los temas compatibles con Elementor. Con este kit de plantillas de Elementor, puedes crear un sitio web para cualquier marca de salud y bienestar.<\/p>\n\n\n\n<p><strong>Todas las funciones:<\/strong><\/p>\n\n\n\n<ul class=\"wp-block-list\"><li>M\u00e1s de 10 plantillas de Elementor<\/li><li>Importaci\u00f3n con 1 clic<\/li><\/ul>\n\n\n\n<p><strong>El kit incluye:<\/strong><\/p>\n\n\n\n<ul class=\"wp-block-list\"><li>Hogar<\/li><li>En<\/li><li>Productos<\/li><li>Detalle del producto<\/li><li>Testimonio<\/li><li>Preguntas frecuentes<\/li><li>Error 404<\/li><li>Dentro de poco<\/li><li>Noticias y medios de comunicaci\u00f3n<\/li><li>Cont\u00e1ctanos<\/li><li>Publicaci\u00f3n \u00fanica<\/li><li>Cont\u00e1ctanos<\/li><li>Archivo<\/li><li>Encabezamiento<\/li><li>Z\u00f3calo<\/li><\/ul>\n\n\n\n<p><strong>Complementos necesarios:<\/strong><\/p>\n\n\n\n<ul class=\"wp-block-list\"><li>Elementor gratuito<\/li><li>Elementor Pro<\/li><li>Complementos esenciales para Elementor<\/li><\/ul>","protected":false},"excerpt":{"rendered":"<p>Vitpro&nbsp;\u00e9 um Template Kit Elementor para criar sites de forma r\u00e1pida e f\u00e1cil para sua empresa usando o plugin Elementor Page Builder para WordPress. Este kit foi otimizado para uso com o tema Hello Elementor gratuito, mas pode ser usado com a maioria dos temas que suportam o Elementor. Com a ajuda deste template kit [&hellip;]<\/p>","protected":false},"featured_media":1069,"comment_status":"closed","ping_status":"open","template":"","meta":{"_jf_limit_responses":"","iawp_total_views":25},"product_brand":[],"product_cat":[29,23,24],"product_tag":[19],"class_list":{"0":"post-1068","1":"product","2":"type-product","3":"status-publish","4":"has-post-thumbnail","6":"product_cat-saude-e-bem-estar","7":"product_cat-templates-elementor-e-envato","8":"product_cat-templates-envato","9":"product_tag-vitalicio","11":"first","12":"instock","13":"downloadable","14":"virtual","15":"purchasable","16":"product-type-simple"},"_links":{"self":[{"href":"https:\/\/packdesites.com\/es\/wp-json\/wp\/v2\/product\/1068","targetHints":{"allow":["GET"]}}],"collection":[{"href":"https:\/\/packdesites.com\/es\/wp-json\/wp\/v2\/product"}],"about":[{"href":"https:\/\/packdesites.com\/es\/wp-json\/wp\/v2\/types\/product"}],"replies":[{"embeddable":true,"href":"https:\/\/packdesites.com\/es\/wp-json\/wp\/v2\/comments?post=1068"}],"version-history":[{"count":0,"href":"https:\/\/packdesites.com\/es\/wp-json\/wp\/v2\/product\/1068\/revisions"}],"wp:featuredmedia":[{"embeddable":true,"href":"https:\/\/packdesites.com\/es\/wp-json\/wp\/v2\/media\/1069"}],"wp:attachment":[{"href":"https:\/\/packdesites.com\/es\/wp-json\/wp\/v2\/media?parent=1068"}],"wp:term":[{"taxonomy":"product_brand","embeddable":true,"href":"https:\/\/packdesites.com\/es\/wp-json\/wp\/v2\/product_brand?post=1068"},{"taxonomy":"product_cat","embeddable":true,"href":"https:\/\/packdesites.com\/es\/wp-json\/wp\/v2\/product_cat?post=1068"},{"taxonomy":"product_tag","embeddable":true,"href":"https:\/\/packdesites.com\/es\/wp-json\/wp\/v2\/product_tag?post=1068"}],"curies":[{"name":"wp","href":"https:\/\/api.w.org\/{rel}","templated":true}]}}