{"id":106,"date":"2024-05-30T20:55:57","date_gmt":"2024-05-30T20:55:57","guid":{"rendered":"https:\/\/packdesites.com\/produto\/marketo-v5-2-2-ecommerce-multivendor-marketplace-woocommerce-wordpress-theme\/"},"modified":"2025-10-08T15:33:54","modified_gmt":"2025-10-08T18:33:54","slug":"tema-de-wordpress-para-woocommerce-mercado-multiproveedor-de-comercio-electronico-marketo-v5-2-2","status":"publish","type":"product","link":"https:\/\/packdesites.com\/es\/product\/tema-de-wordpress-para-woocommerce-mercado-multiproveedor-de-comercio-electronico-marketo-v5-2-2\/","title":{"rendered":"Marketo v5.3.1 \u2013 Tema WooCommerce de WordPress para comercio electr\u00f3nico y marketplace multiproveedor"},"content":{"rendered":"<p>Marketo es un tema limpio y multiprop\u00f3sito para WordPress con un men\u00fa vertical, perfecto para su negocio de comercio electr\u00f3nico. Este tema de WordPress contiene m\u00e1s de 11 dise\u00f1os de p\u00e1gina de inicio con edici\u00f3n completa, f\u00e1cilmente personalizables y bien organizados.<\/p>\n\n\n\n<p>La idea detr\u00e1s del concepto de marketo es utilizar el mayor espacio posible de una manera muy f\u00e1cil y sencilla de usar para mostrar un mont\u00f3n de productos de diferentes maneras. Puede encontrar m\u00e1s de 11 estilos diferentes de p\u00e1gina de inicio con m\u00e1s de 15 estilos de encabezado \u00fanicos, p\u00e1gina de detalles del producto con p\u00e1ginas de tienda de productos, p\u00e1gina de blog, etc.<\/p>\n\n\n\n<p>Marketo tambi\u00e9n soporta la soluci\u00f3n Dokan Multivendor. Cree su propio mercado como Amazon, Shopify, eBay o Magento en solo 30 minutos. Inicie su propio mercado de m\u00faltiples proveedores y gane comisiones por productos que van desde digitales y f\u00edsicos hasta variables.<br><\/p>\n\n\n\n<h3 class=\"wp-block-heading\" id=\"item-description__marketo-theme-features\">Caracter\u00edsticas del tema Marketo:<\/h3>\n\n\n\n<ul class=\"wp-block-list\">\n<li>Creado con el constructor de p\u00e1ginas Elementor<\/li>\n\n\n\n<li>Personalizador de Kirki<\/li>\n\n\n\n<li>estructura unyson<\/li>\n\n\n\n<li>F\u00e1cil de personalizar<\/li>\n\n\n\n<li>Control deslizante Revolution<\/li>\n\n\n\n<li>WooCommerce <\/li>\n\n\n\n<li>Acceso<\/li>\n\n\n\n<li>Soporte multiproveedor de Dokan<\/li>\n\n\n\n<li>Dise\u00f1o totalmente adaptable<\/li>\n\n\n\n<li>Compatible con todos los navegadores: Edge, IE11+, Firefox, Safari, Opera, Chrome<\/li>\n\n\n\n<li>Fuentes de Google incluidas<\/li>\n\n\n\n<li>\u00cdconos de Font Awesome: m\u00e1s de 400<\/li>\n\n\n\n<li>M\u00e1s de 200 iconos de l\u00ednea<\/li>\n\n\n\n<li>Desarrollado con Bootstrap 4<\/li>\n\n\n\n<li>Animaci\u00f3n fluida<\/li>\n\n\n\n<li>Secciones de paralaje<\/li>\n\n\n\n<li>Google Maps f\u00e1cil de configurar a trav\u00e9s de atributos de datos<\/li>\n\n\n\n<li>Bien documentado<\/li>\n\n\n\n<li>Y mucho m\u00e1s\u2026<\/li>\n<\/ul>","protected":false},"excerpt":{"rendered":"<p>Marketo \u00e9 um tema wordpress multiuso multiuso limpo com um menu vertical, perfeito para o seu neg\u00f3cio de e-commerce. Este tema do WordPress cont\u00e9m o Design de p\u00e1gina inicial 11+ com ediatiabe completo e facilmente personaliz\u00e1vel e bem organizado. A ideia do conceito marketo \u00e9 usar o m\u00e1ximo de espa\u00e7o em forma muito f\u00e1cil e [&hellip;]<\/p>","protected":false},"featured_media":107,"comment_status":"closed","ping_status":"open","template":"","meta":{"_jf_limit_responses":"","iawp_total_views":63},"product_brand":[],"product_cat":[22],"product_tag":[19],"class_list":{"0":"post-106","1":"product","2":"type-product","3":"status-publish","4":"has-post-thumbnail","6":"product_cat-temas-wordpress","7":"product_tag-vitalicio","9":"first","10":"instock","11":"downloadable","12":"virtual","13":"purchasable","14":"product-type-simple"},"_links":{"self":[{"href":"https:\/\/packdesites.com\/es\/wp-json\/wp\/v2\/product\/106","targetHints":{"allow":["GET"]}}],"collection":[{"href":"https:\/\/packdesites.com\/es\/wp-json\/wp\/v2\/product"}],"about":[{"href":"https:\/\/packdesites.com\/es\/wp-json\/wp\/v2\/types\/product"}],"replies":[{"embeddable":true,"href":"https:\/\/packdesites.com\/es\/wp-json\/wp\/v2\/comments?post=106"}],"version-history":[{"count":1,"href":"https:\/\/packdesites.com\/es\/wp-json\/wp\/v2\/product\/106\/revisions"}],"predecessor-version":[{"id":23958,"href":"https:\/\/packdesites.com\/es\/wp-json\/wp\/v2\/product\/106\/revisions\/23958"}],"wp:featuredmedia":[{"embeddable":true,"href":"https:\/\/packdesites.com\/es\/wp-json\/wp\/v2\/media\/107"}],"wp:attachment":[{"href":"https:\/\/packdesites.com\/es\/wp-json\/wp\/v2\/media?parent=106"}],"wp:term":[{"taxonomy":"product_brand","embeddable":true,"href":"https:\/\/packdesites.com\/es\/wp-json\/wp\/v2\/product_brand?post=106"},{"taxonomy":"product_cat","embeddable":true,"href":"https:\/\/packdesites.com\/es\/wp-json\/wp\/v2\/product_cat?post=106"},{"taxonomy":"product_tag","embeddable":true,"href":"https:\/\/packdesites.com\/es\/wp-json\/wp\/v2\/product_tag?post=106"}],"curies":[{"name":"wp","href":"https:\/\/api.w.org\/{rel}","templated":true}]}}