{"id":1046,"date":"2022-08-05T03:00:00","date_gmt":"2022-08-05T03:00:00","guid":{"rendered":"https:\/\/packdesites.com\/produto\/mystik-site-de-saude-e-medicina\/"},"modified":"2025-04-03T00:38:59","modified_gmt":"2025-04-03T00:38:59","slug":"sitio-web-de-salud-y-medicina-mistica","status":"publish","type":"product","link":"https:\/\/packdesites.com\/es\/product\/sitio-web-de-salud-y-medicina-mistica\/","title":{"rendered":"Mystik \u2013 Sitio web de salud y medicina"},"content":{"rendered":"<p><strong>Kit de plantillas Mystik<\/strong>&nbsp;Es una colecci\u00f3n de plantillas predise\u00f1adas, potentes y elegantes, para actividades hol\u00edsticas como la creaci\u00f3n de hor\u00f3scopos, la numerolog\u00eda, la meditaci\u00f3n, la adivinaci\u00f3n, el tarot, la magia, el misticismo, la sanaci\u00f3n energ\u00e9tica, la lectura de la carta astral y m\u00e1s. Ya sea que desee ofrecer servicios para deportes extremos o actividades tur\u00edsticas, nuestro tema es una excelente opci\u00f3n. El conjunto de plantillas es ideal para presentar clases y lecciones esot\u00e9ricas y m\u00e1gicas, eventos, talleres y seminarios, as\u00ed como para vender tarjetas de regalo y certificados.<\/p>\n\n\n\n<p><strong>Caracter\u00edsticas del kit de plantillas de hor\u00f3scopo esot\u00e9rico y astrol\u00f3gico<\/strong><\/p>\n\n\n\n<ul class=\"wp-block-list\"><li>M\u00e1s de 15 demostraciones predise\u00f1adas;<\/li><li>Optimizado para motores de b\u00fasqueda;<\/li><li>Dise\u00f1o adaptable;<\/li><li>Pr\u00f3ximamente en retina;<\/li><li>Totalmente personalizable;<\/li><li>Potentes y palancas;<\/li><li>Compatibilidad del navegador: Firefox, Chrome, Safari, Opera<\/li><li>Personalizaci\u00f3n real sin c\u00f3digo con un generador visual de arrastrar y soltar<\/li><li>Personalice fuentes y colores en un solo lugar o ajuste elementos individuales<\/li><li>Dise\u00f1o moderno y profesional.<\/li><li>Carga r\u00e1pida<\/li><li>Funciona con la mayor\u00eda de los temas de Elementor.<\/li><\/ul>\n\n\n\n<p><strong>Complementos necesarios<\/strong><\/p>\n\n\n\n<ul class=\"wp-block-list\"><li>Elementor<\/li><li>Elementor Pro: este kit requiere la actualizaci\u00f3n a Elementor Pro para algunas plantillas y funciones (no incluidas)<\/li><li>ElementsKit Lite<\/li><\/ul>","protected":false},"excerpt":{"rendered":"<p>Mystik Template Kit&nbsp;\u00e9 uma cole\u00e7\u00e3o de poderosos e elegantes modelos pr\u00e9-projetados para atividades hol\u00edsticas como fabrica\u00e7\u00e3o de hor\u00f3scopos, numerologia, medita\u00e7\u00e3o, adivinha\u00e7\u00e3o, tar\u00f4, magia, m\u00edstica, cura energ\u00e9tica, leitura de gr\u00e1ficos natais e muito mais. Se voc\u00ea deseja fornecer servi\u00e7os para esportes radicais ou atividades tur\u00edsticas, nosso tema seria uma \u00f3tima op\u00e7\u00e3o para voc\u00ea. O conjunto de [&hellip;]<\/p>","protected":false},"featured_media":1047,"comment_status":"closed","ping_status":"open","template":"","meta":{"_jf_limit_responses":"","iawp_total_views":31},"product_brand":[],"product_cat":[27,29,23,24],"product_tag":[19],"class_list":{"0":"post-1046","1":"product","2":"type-product","3":"status-publish","4":"has-post-thumbnail","6":"product_cat-prestadores-de-servicos","7":"product_cat-saude-e-bem-estar","8":"product_cat-templates-elementor-e-envato","9":"product_cat-templates-envato","10":"product_tag-vitalicio","12":"first","13":"instock","14":"downloadable","15":"virtual","16":"purchasable","17":"product-type-simple"},"_links":{"self":[{"href":"https:\/\/packdesites.com\/es\/wp-json\/wp\/v2\/product\/1046","targetHints":{"allow":["GET"]}}],"collection":[{"href":"https:\/\/packdesites.com\/es\/wp-json\/wp\/v2\/product"}],"about":[{"href":"https:\/\/packdesites.com\/es\/wp-json\/wp\/v2\/types\/product"}],"replies":[{"embeddable":true,"href":"https:\/\/packdesites.com\/es\/wp-json\/wp\/v2\/comments?post=1046"}],"version-history":[{"count":0,"href":"https:\/\/packdesites.com\/es\/wp-json\/wp\/v2\/product\/1046\/revisions"}],"wp:featuredmedia":[{"embeddable":true,"href":"https:\/\/packdesites.com\/es\/wp-json\/wp\/v2\/media\/1047"}],"wp:attachment":[{"href":"https:\/\/packdesites.com\/es\/wp-json\/wp\/v2\/media?parent=1046"}],"wp:term":[{"taxonomy":"product_brand","embeddable":true,"href":"https:\/\/packdesites.com\/es\/wp-json\/wp\/v2\/product_brand?post=1046"},{"taxonomy":"product_cat","embeddable":true,"href":"https:\/\/packdesites.com\/es\/wp-json\/wp\/v2\/product_cat?post=1046"},{"taxonomy":"product_tag","embeddable":true,"href":"https:\/\/packdesites.com\/es\/wp-json\/wp\/v2\/product_tag?post=1046"}],"curies":[{"name":"wp","href":"https:\/\/api.w.org\/{rel}","templated":true}]}}