{"id":1032,"date":"2022-08-05T03:00:00","date_gmt":"2022-08-05T03:00:00","guid":{"rendered":"https:\/\/packdesites.com\/produto\/mediphar-site-de-saude-e-medicina\/"},"modified":"2025-04-03T00:38:29","modified_gmt":"2025-04-03T00:38:29","slug":"sitio-web-de-salud-y-medicina-de-mediphar","status":"publish","type":"product","link":"https:\/\/packdesites.com\/es\/product\/sitio-web-de-salud-y-medicina-de-mediphar\/","title":{"rendered":"Mediphar \u2013 Sitio web de salud y medicina"},"content":{"rendered":"<p>Mediphar es un kit de plantillas Elementor moderno y limpio que puedes usar para crear un sitio web para farmacias y medicamentos, droguer\u00edas, salud, hospitales, cl\u00ednicas, m\u00e9dicos, dentistas o cualquier tipo de prop\u00f3sito m\u00e9dico o farmac\u00e9utico.<\/p>\n\n\n\n<p>Este kit de plantillas incluye m\u00e1s de 15 plantillas cuidadosamente dise\u00f1adas, responsivas y compatibles con pantallas retina. \u00a1Crea tu sitio web profesional con un presupuesto ajustado a un solo clic!<\/p>\n\n\n\n<p><strong>Caracter\u00edsticas:<\/strong><\/p>\n\n\n\n<ul class=\"wp-block-list\"><li>Uso de complementos gratuitos (no se requiere Elementor Pro)<\/li><li>Dise\u00f1o moderno, cl\u00e1sico y limpio.<\/li><li>M\u00e1s de 15 plantillas listas para usar<\/li><li>Dise\u00f1o totalmente adaptable<\/li><li>Pr\u00f3ximamente en Retina<\/li><li>Totalmente personalizable<\/li><li>Compatibilidad del navegador: Chrome, Firefox, Safari, Opera<\/li><\/ul>\n\n\n\n<p><strong>Los modelos incluyen:<\/strong><\/p>\n\n\n\n<ul class=\"wp-block-list\"><li>Hogar<\/li><li>Sobre nosotros<\/li><li>Servicio<\/li><li>Servicio detallado<\/li><li>404 p\u00e1gina\/li&gt;<\/li><li>Noticias<\/li><li>Asociaci\u00f3n<\/li><li>Preguntas frecuentes<\/li><li>Cont\u00e1ctenos<\/li><li>Farmac\u00e9utico<\/li><li>Metform \u2013 Cont\u00e1ctenos<\/li><li>Metform \u2013 Formulario de membres\u00eda<\/li><li>Encabezamiento<\/li><li>Z\u00f3calo<\/li><li>Estilo tem\u00e1tico global<\/li><\/ul>\n\n\n\n<p><strong>Complemento requerido:<\/strong><\/p>\n\n\n\n<ul class=\"wp-block-list\"><li>Elementor<\/li><li>Kit de elementos Elementor<\/li><li>Metform<\/li><\/ul>","protected":false},"excerpt":{"rendered":"<p>Mediphar \u00e9 um Template Kit Elementor moderno e limpo que voc\u00ea pode usar para construir um site para Farm\u00e1cia e Medicina, Drogaria, Sa\u00fade, Hospital, Cl\u00ednica, M\u00e9dico, Dentista ou qualquer tipo de fins m\u00e9dicos ou farmac\u00eauticos. Este template kit inclui mais de 15 modelos cuidadosamente elaborados que responsivo e pronto para retina. Voc\u00ea pode criar seu [&hellip;]<\/p>","protected":false},"featured_media":1033,"comment_status":"closed","ping_status":"open","template":"","meta":{"_jf_limit_responses":"","iawp_total_views":72},"product_brand":[],"product_cat":[27,29,23,24],"product_tag":[19],"class_list":{"0":"post-1032","1":"product","2":"type-product","3":"status-publish","4":"has-post-thumbnail","6":"product_cat-prestadores-de-servicos","7":"product_cat-saude-e-bem-estar","8":"product_cat-templates-elementor-e-envato","9":"product_cat-templates-envato","10":"product_tag-vitalicio","12":"first","13":"instock","14":"downloadable","15":"virtual","16":"purchasable","17":"product-type-simple"},"_links":{"self":[{"href":"https:\/\/packdesites.com\/es\/wp-json\/wp\/v2\/product\/1032","targetHints":{"allow":["GET"]}}],"collection":[{"href":"https:\/\/packdesites.com\/es\/wp-json\/wp\/v2\/product"}],"about":[{"href":"https:\/\/packdesites.com\/es\/wp-json\/wp\/v2\/types\/product"}],"replies":[{"embeddable":true,"href":"https:\/\/packdesites.com\/es\/wp-json\/wp\/v2\/comments?post=1032"}],"version-history":[{"count":0,"href":"https:\/\/packdesites.com\/es\/wp-json\/wp\/v2\/product\/1032\/revisions"}],"wp:featuredmedia":[{"embeddable":true,"href":"https:\/\/packdesites.com\/es\/wp-json\/wp\/v2\/media\/1033"}],"wp:attachment":[{"href":"https:\/\/packdesites.com\/es\/wp-json\/wp\/v2\/media?parent=1032"}],"wp:term":[{"taxonomy":"product_brand","embeddable":true,"href":"https:\/\/packdesites.com\/es\/wp-json\/wp\/v2\/product_brand?post=1032"},{"taxonomy":"product_cat","embeddable":true,"href":"https:\/\/packdesites.com\/es\/wp-json\/wp\/v2\/product_cat?post=1032"},{"taxonomy":"product_tag","embeddable":true,"href":"https:\/\/packdesites.com\/es\/wp-json\/wp\/v2\/product_tag?post=1032"}],"curies":[{"name":"wp","href":"https:\/\/api.w.org\/{rel}","templated":true}]}}