{"id":103,"date":"2024-05-30T20:55:57","date_gmt":"2024-05-30T20:55:57","guid":{"rendered":"https:\/\/packdesites.com\/produto\/phlox-pro-atualizado-sites-e-lojas-de-diversos-nichos\/"},"modified":"2025-11-11T15:22:55","modified_gmt":"2025-11-11T18:22:55","slug":"phlox-pro-actualizo-sitios-web-y-tiendas-de-varios-nichos","status":"publish","type":"product","link":"https:\/\/packdesites.com\/es\/product\/phlox-pro-actualizo-sitios-web-y-tiendas-de-varios-nichos\/","title":{"rendered":"Phlox Pro v5.17.7 \u2013 Sitios web y tiendas multi-nicho"},"content":{"rendered":"<p class=\"has-vivid-red-color has-text-color has-link-color wp-elements-c4ddfd8e99a814ec224c04ceacc73161\">Una vez que descargues el archivo, extrae el archivo zip. El archivo del tema estar\u00e1 dentro de la carpeta. <strong>paquete de descarga de phlox-pro\\ellos<\/strong>e. Simplemente sube el archivo <strong>phlox-pro.zip<\/strong>.<\/p>\n\n\n\n<h5 class=\"wp-block-heading\" id=\"item-description__best-elementor-theme-on-the-market\">El mejor tema Elementor del mercado<\/h5>\n\n\n\n<figure class=\"wp-block-image\"><a href=\"http:\/\/phlox.pro\/go\/\" target=\"_blank\" rel=\"noopener\"><img decoding=\"async\" src=\"https:\/\/packdesites.com\/wp-content\/uploads\/2025\/04\/687474703a2f2f63646e2e6176657274612e6e65742f70726f6a6563742f70686c6f782f70726f2f70726f66696c65323031392f70686c6f782d70726f6d6f2d3332302e676966.gif\" alt=\"Phlox Pro \u2013 Tema multiprop\u00f3sito para Elementor WordPress \u2013 2\" title=\"\"><\/a><\/figure>\n\n\n\n<h4 class=\"wp-block-heading\" id=\"item-description__phlox-pro-elementor-ultimate-multipurpose-wordpress-theme-for-all-type-of\">Phlox Pro, \u00a1el mejor tema Elementor multiprop\u00f3sito para WordPress para todo tipo de sitios web!<\/h4>\n\n\n\n<p>Phlox es el&nbsp;<strong>El mejor tema multiprop\u00f3sito para Elementor<\/strong>&nbsp;que hayas visto. Incluye m\u00e1s de 80 demos completas de Elementor que puedes importar y editar f\u00e1cilmente en Elementor.<\/p>\n\n\n\n<p>Ten tu sitio web como a ti te gusta, a\u00fan m\u00e1s&nbsp;<strong>personalizable con el constructor de p\u00e1ginas Elementor<\/strong>&nbsp;A diferencia de cualquier tema personalizable de WordPress disponible en el mercado, Elementor cuenta con 160 elementos y opciones para todo, lo que te permite tener control total sobre cada p\u00edxel de tu sitio web. Phlox cuenta con m\u00e1s de 90 plantillas de Elementor.<\/p>\n\n\n\n<h4 class=\"wp-block-heading\" id=\"item-description__-1-elementor-theme-on-market\">Tema Elementor n.\u00b0 1 del mercado<\/h4>\n\n\n\n<p>Phlox es el tema m\u00e1s compatible con el constructor de p\u00e1ginas Elementor, recomendado por su p\u00e1gina oficial recomendada.<\/p>\n\n\n\n<ul class=\"wp-block-list\">\n<li>Todas las demostraciones est\u00e1n disponibles con Elementor<\/li>\n\n\n\n<li>M\u00e1s de 25 demostraciones de Elementor listas para importar<\/li>\n\n\n\n<li>M\u00e1s de 160 elementos disponibles para Elementor<\/li>\n\n\n\n<li>M\u00e1s de 90 plantillas de p\u00e1ginas de Elementor disponibles<\/li>\n\n\n\n<li>Totalmente compatible con Elementor<\/li>\n\n\n\n<li>Opciones \u00fanicas y elementos Elementor personalizables<\/li>\n\n\n\n<li>Complemento Elementor Bundle: el mejor paquete Elementor del mercado se incluye de forma gratuita<\/li>\n<\/ul>\n\n\n\n<p>\u00danase a 14.000 clientes satisfechos de Elementor en&nbsp;<strong>Uso del tema Phlox Elementor.<\/strong><\/p>\n\n\n\n<p>Phlox viene con el sistema de&nbsp;<strong>Opciones de tema m\u00e1s potentes y avanzadas<\/strong>&nbsp;;puedes reemplazar el&nbsp;<strong>opciones para cada p\u00e1gina<\/strong>&nbsp;o configurarlo&nbsp;<strong>globalmente<\/strong>&nbsp;Para aplicarlo a todo el sitio y ver los resultados en tiempo real. El algoritmo inteligente de dependencia en las opciones del tema hace que trabajar con ellas sea divertido, sencillo e intuitivo. Esto significa que puede encontrar f\u00e1cilmente las opciones que necesita en la posici\u00f3n correcta, como se espera.<\/p>\n\n\n\n<h4 class=\"wp-block-heading\" id=\"item-description__real-premium-demos-like-no-others-built-in-elementor-page-builder\">Demostraciones premium reales como ninguna otra creada en el&nbsp;<strong>Constructor de p\u00e1ginas Elementor<\/strong><\/h4>\n\n\n\n<p>Phlox viene con un&nbsp;<strong>Colecci\u00f3n exclusiva de demostraciones de Elementor con<\/strong>&nbsp;Basado en las nuevas tendencias en la industria web, y esta colecci\u00f3n es&nbsp;<strong>creciendo continuamente<\/strong>&nbsp;Las demostraciones de Phlox cubren una amplia variedad de categor\u00edas, incluidas&nbsp;<strong>blogger, fot\u00f3grafo, comercio electr\u00f3nico, agencia, estudios, restaurante, comida,<\/strong>&nbsp;etc.<\/p>\n\n\n\n<p>Todas las demostraciones est\u00e1n disponibles en Elementor y Phlox vienen con un asistente de configuraci\u00f3n moderno y&nbsp;<strong>servicio de nube inteligente<\/strong>&nbsp;Para que la importaci\u00f3n de demos sea m\u00e1s r\u00e1pida, sencilla y segura. Tambi\u00e9n puede elegir si desea importar todo el contenido de la demostraci\u00f3n o solo una parte de ella.&nbsp;<strong>3 simples clics<\/strong>&nbsp;.<\/p>\n\n\n\n<p>Nota: Las im\u00e1genes utilizadas en nuestro sitio de demostraci\u00f3n no est\u00e1n incluidas en el paquete de temas y tienen marca de agua.<\/p>\n\n\n\n<h4 class=\"wp-block-heading\" id=\"item-description__not-only-exclusive-elements-but-also-pixel-perfect-modules\">No s\u00f3lo elementos \u00fanicos, sino tambi\u00e9n m\u00f3dulos con p\u00edxeles perfectos.<\/h4>\n\n\n\n<p>Ellos existen&nbsp;<strong>elementos para todo<\/strong>&nbsp;y cada uno de ellos tiene muchos&nbsp;<strong>\u00a1Opciones para personalizar cada p\u00edxel del elemento!<\/strong><\/p>\n\n\n\n<p>Gracias al dise\u00f1o unificado y moderno de Phlox, tu sitio web siempre lucir\u00e1 espectacular, independientemente de la combinaci\u00f3n de elementos que uses, lo cual es una de las caracter\u00edsticas clave del tema Phlox. Sin embargo, tambi\u00e9n puedes encontrar...&nbsp;<strong>widgets para casi todas tus necesidades<\/strong>&nbsp;Ning\u00fan tema puede acercarse a Phlox cuando se trata de la variedad y cantidad de widgets y elementos para Elementor.<\/p>\n\n\n\n<p>Hay una&nbsp;<strong>Biblioteca de crecimiento de Elementor Madoul<\/strong>&nbsp;que puedes utilizar para hacer que tu sitio web sea a\u00fan m\u00e1s r\u00e1pido.<\/p>\n\n\n\n<h4 class=\"wp-block-heading\" id=\"item-description__thanks-to-elementor-build-visually-no-coding-required\">Gracias a Elementor, crea visualmente, sin necesidad de codificaci\u00f3n<\/h4>\n\n\n\n<p>Puedes crear casi cualquier cosa&nbsp;<strong>visualmente<\/strong>&nbsp;solo con el&nbsp;<strong>rat\u00f3n<\/strong>&nbsp;, simplemente&nbsp;<strong>arrastrar y soltar<\/strong>&nbsp;;S\u00ed, es cierto.<\/p>\n\n\n\n<p>A nosotros&nbsp;<strong>combinar<\/strong>&nbsp;El poder de&nbsp;<strong>Constructor de p\u00e1ginas Elementor, paquete de complementos de Elementor, personalizador en vivo de WordPress<\/strong>&nbsp;y nuestro galardonado&nbsp;<strong>Marco de auxina<\/strong>&nbsp;para ayudarte a crear los mejores sitios web sin&nbsp;<strong>tocar una l\u00ednea de c\u00f3digo<\/strong>&nbsp;con facilidad.<\/p>\n\n\n\n<ul class=\"wp-block-list\">\n<li>Utilice el&nbsp;<strong>Creador de p\u00e1ginas Elementor y complemento de paquete de elementos o complemento Visual Composer y Ultimate Visual Composer<\/strong>&nbsp;para crear una p\u00e1gina.<\/li>\n\n\n\n<li>Utilice el&nbsp;<strong>personalizador<\/strong>&nbsp;hacia&nbsp;<strong>vivo<\/strong>&nbsp;para ver los cambios en tiempo real y decidir si los quieres o no.<\/li>\n\n\n\n<li>Utilice Elementor para&nbsp;<strong>crear una p\u00e1gina web mientras<\/strong>&nbsp;.<\/li>\n\n\n\n<li>Utilice las opciones visuales de la p\u00e1gina para&nbsp;<strong>personalizar una p\u00e1gina espec\u00edfica<\/strong>&nbsp;.<\/li>\n\n\n\n<li>Utilice las opciones visuales del blog para&nbsp;<strong>personaliza tu<\/strong>&nbsp;p\u00e1gina.<\/li>\n\n\n\n<li>Utilice las opciones de publicaci\u00f3n visual para&nbsp;<strong>personalizar publicaciones<\/strong>&nbsp;.<\/li>\n\n\n\n<li>Utilice las opciones visuales de la tienda para&nbsp;<strong>personalizar la tienda<\/strong>&nbsp;y&nbsp;<strong>la tienda<\/strong>&nbsp;en l\u00ednea.<\/li>\n\n\n\n<li>Utilice las opciones visuales de noticias para&nbsp;<strong>personalizar el<\/strong>&nbsp;p\u00e1gina de&nbsp;<strong>noticias<\/strong>&nbsp;.<\/li>\n\n\n\n<li>Utilice las opciones de cartera visual para&nbsp;<strong>personaliza tu<\/strong>&nbsp;p\u00e1gina de&nbsp;<strong>cartera<\/strong>&nbsp;.<\/li>\n\n\n\n<li>Utilice la tabla de precios de Go para crear una&nbsp;<strong>mesa<\/strong>&nbsp;o&nbsp;<strong>plan de precios&nbsp;<\/strong><strong>profesional<\/strong>&nbsp;.<\/li>\n<\/ul>\n\n\n\n<h4 class=\"wp-block-heading\" id=\"item-description__best-choice-of-freelancers\">La mejor elecci\u00f3n de freelancers<\/h4>\n\n\n\n<p>Dado que Phlox tambi\u00e9n se desarroll\u00f3 teniendo en cuenta a los trabajadores independientes, existen innumerables opciones para casi cualquier cosa que necesites.&nbsp;<strong>C\u00f3digo bien escrito y comentado por los mejores desarrolladores de WordPress<\/strong>&nbsp;te permite modificar y personalizar Phlox de forma sencilla&nbsp;<strong>crear un sitio web \u00fanico<\/strong>&nbsp;para cada uno de sus clientes&nbsp;<strong>jam\u00e1s<\/strong>&nbsp;Conservar\u00e1s el Phlox despu\u00e9s de usarlo.<\/p>\n\n\n\n<h4 class=\"wp-block-heading\" id=\"item-description__true-blogging-theme\">Tema del blog real<\/h4>\n\n\n\n<p>Ya sea que usted sea un&nbsp;<strong>bloguero profesional<\/strong>&nbsp;o simplemente quieres empezar y adentrarte en el mundo de&nbsp;<strong>blogs<\/strong>&nbsp;Phlox tiene una variedad de opciones y dise\u00f1os modernos para hacerlo&nbsp;<strong>un blogger profesional<\/strong>&nbsp;.<\/p>\n\n\n\n<p>\u00a1Tiene todo lo necesario para bloguear, de verdad! Phlox viene con&nbsp;<strong>mejores pr\u00e1cticas en<\/strong>&nbsp;dise\u00f1o de&nbsp;<strong>tipograf\u00eda<\/strong>&nbsp;Adem\u00e1s, lo que garantiza que la&nbsp;<strong>El contenido es realmente legible y claro en todos los dispositivos.<\/strong>&nbsp;Para todos. Adem\u00e1s, Phlox cubre todos los diferentes estilos y dise\u00f1os de blogs, como&nbsp;<strong>cuadr\u00edcula, mamposter\u00eda, l\u00ednea de tiempo, mosaico, terreno, cl\u00e1sico, carrusel<\/strong>&nbsp;y etc.<\/p>\n\n\n\n<p>Es dif\u00edcil de creer, pero no hay una sola herramienta o funci\u00f3n esencial para blogs que no puedas encontrar en Phlox.&nbsp;<strong>garantizado<\/strong>&nbsp;.<\/p>\n\n\n\n<h4 class=\"wp-block-heading\" id=\"item-description__pixel-perfect-portfolio-theme\">Tema de portafolio Pixel Perfect<\/h4>\n\n\n\n<p>Quieres mostrar tus proyectos y nosotros queremos que t\u00fa los muestres. Solo tienes que poner&nbsp;<strong>tus proyectos en tu sitio web<\/strong>&nbsp;y Phlox es el encargado de mostrarlos&nbsp;<strong>la mejor manera posible<\/strong>&nbsp;No te preocupes, hay&nbsp;<strong>diferentes estilos<\/strong>&nbsp;Para cumplir con el&nbsp;<strong>diferentes tipos de proyectos<\/strong>&nbsp;.<\/p>\n\n\n\n<h4 class=\"wp-block-heading\" id=\"item-description__beautiful-online-store\">Hermosa tienda online<\/h4>\n\n\n\n<p>Utilice el poder de&nbsp;<strong>plataforma de compras<\/strong>&nbsp;m\u00e1s popular en l\u00ednea&nbsp;<strong>, WooCommerce<\/strong>&nbsp;en Phlox, a&nbsp;<strong>vender cualquier cosa<\/strong>&nbsp;Vende m\u00e1s y permite que tu&nbsp;<strong>clientes<\/strong>&nbsp;hacer&nbsp;<strong>compras<\/strong>&nbsp;en l\u00ednea.<\/p>\n\n\n\n<h4 class=\"wp-block-heading\" id=\"item-description__master-slider-exclusive-slider\">Master Slider (Control deslizante exclusivo)<\/h4>\n\n\n\n<p>El tema Phlox est\u00e1 hecho por&nbsp;<strong>advertir<\/strong>&nbsp;, el equipo detr\u00e1s del famoso proyecto&nbsp;<strong>Control deslizante maestro<\/strong>&nbsp;, el plugin de toque deslizante m\u00e1s avanzado del mercado. La buena noticia es que puedes aprovecharlo al usar&nbsp;<strong>Control deslizante maestro con Phlox<\/strong>&nbsp;y obtener los beneficios de algunos&nbsp;<strong>Caracter\u00edsticas especiales disponibles solo en Phlox<\/strong>&nbsp;El tema Phlox es el m\u00e1s recomendado para Master Slider. Accede a las funciones exclusivas de Master Slider y s\u00e9 el primero en acceder a ellas.<\/p>\n\n\n\n<h4 class=\"wp-block-heading\" id=\"item-description__popular-premium-plugins-are-bundled-with-phlox\">Los complementos premium m\u00e1s populares est\u00e1n incluidos en el paquete Phlox<\/h4>\n\n\n\n<p>Hemos incluido los mejores complementos para ti. As\u00ed que...&nbsp;<strong>Phlox es todo lo que necesitas<\/strong>&nbsp;para crear un sitio web incre\u00edble que usted&nbsp;<strong>Siempre quise<\/strong>&nbsp;.<\/p>\n\n\n\n<p>El siguiente complemento se ha comprado para usted y se incluye en el tema Phlox. (&nbsp;<strong>Sin m\u00e1s gastos, sin cargos ocultos<\/strong>&nbsp;).<\/p>\n\n\n\n<p><strong>Compositor visual ($ 45)<\/strong>&nbsp;El mejor constructor visual de p\u00e1ginas que funciona con Phlox mejor que cualquier tema. (Ya lo compraste, gratis para ti)<\/p>\n\n\n\n<p><strong>Control deslizante maestro ($ 25)<\/strong>&nbsp;El mejor slider t\u00e1ctil y responsivo del mercado. Cuenta con funciones especiales exclusivas de Phlox. (Ya lo compraste, gratis).<\/p>\n\n\n\n<p><strong>Precio de salida ($ 25)<\/strong>&nbsp;Crea una tabla de precios sin complicaciones en un abrir y cerrar de ojos. (Ya la compraste, gratis para ti)<\/p>\n\n\n\n<p><strong>Complemento final (US $ 25)<\/strong>&nbsp;Aporta una variedad de elementos a tu sitio web. (ya comprado, gratis para ti)<\/p>\n\n\n\n<h4 class=\"wp-block-heading\" id=\"item-description__compatible-with-the-best-plugins\">Compatible con los mejores complementos<\/h4>\n\n\n\n<p>Hicimos que Phlox fuera compatible con&nbsp;<strong>enchufar<\/strong>&nbsp;\u2013&nbsp;<strong>Los m\u00e1s populares ins<\/strong>&nbsp;para garantizar que su sitio web&nbsp;<strong>trabajar mejor<\/strong>&nbsp;Con los complementos que puedas necesitar. A continuaci\u00f3n, encontrar\u00e1s una lista de complementos compatibles que se actualiza constantemente.<\/p>\n\n\n\n<ul class=\"wp-block-list\">\n<li>Creador de p\u00e1ginas fuente del sitio web<\/li>\n\n\n\n<li>Feed de Instagram<\/li>\n\n\n\n<li>Yoast SEO<\/li>\n\n\n\n<li>Widget de tweets recientes<\/li>\n\n\n\n<li>Optimizaci\u00f3n autom\u00e1tica<\/li>\n\n\n\n<li>Feed de Facebook personalizado<\/li>\n\n\n\n<li>Publicaciones relacionadas<\/li>\n\n\n\n<li>Formulario de contacto 7<\/li>\n\n\n\n<li>WP ULike<\/li>\n\n\n\n<li>Optimizaci\u00f3n de im\u00e1genes<\/li>\n\n\n\n<li>Editor de estilos CSS visual<\/li>\n\n\n\n<li>Publicaciones populares<\/li>\n\n\n\n<li>Galer\u00eda de Flickr justificada<\/li>\n\n\n\n<li>Editor de estilos CSS visual<\/li>\n\n\n\n<li>MailChimp para WordPress<\/li>\n\n\n\n<li>Paquete de widgets de SiteOrigin<\/li>\n\n\n\n<li>WooCommerce<\/li>\n\n\n\n<li>Publicaciones populares de WordPress<\/li>\n<\/ul>\n\n\n\n<h4 class=\"wp-block-heading\" id=\"item-description__site-layouts-freedom\">Libertad de dise\u00f1o de sitios web<\/h4>\n\n\n\n<p>Casi todos los dise\u00f1os que puedas imaginar est\u00e1n disponibles en el tema Phlox, puedes cambiar los dise\u00f1os f\u00e1cilmente con unos pocos clics.&nbsp;<strong>Caja de sitio web, ancho completo, marco<\/strong>&nbsp;, etc.<\/p>\n\n\n\n<h4 class=\"wp-block-heading\" id=\"item-description__header-layouts-freedom\">Libertad de dise\u00f1o de encabezados<\/h4>\n\n\n\n<p>Ellos existen&nbsp;<strong>6 dise\u00f1os de encabezado diferentes<\/strong>&nbsp;y cada uno de ellos tiene algunas opciones para realizar los cambios necesarios. Tambi\u00e9n hay&nbsp;<strong>un encabezado vertical<\/strong>&nbsp;y puede que incluso tengas&nbsp;<strong>diferentes encabezados<\/strong>&nbsp;para el tuyo&nbsp;<strong>diferentes p\u00e1ginas<\/strong>&nbsp;, \u00a1genial!<\/p>\n\n\n\n<ul class=\"wp-block-list\">\n<li>Encabezado fijo<\/li>\n\n\n\n<li>Men\u00fa de hamburguesas<\/li>\n\n\n\n<li>Men\u00fa de pantalla completa<\/li>\n\n\n\n<li>Men\u00fa vertical<\/li>\n\n\n\n<li>Barra de encabezado superior<\/li>\n<\/ul>\n\n\n\n<h4 class=\"wp-block-heading\" id=\"item-description__page-title-layouts-freedom\">Libertad de dise\u00f1o de t\u00edtulos de p\u00e1gina<\/h4>\n\n\n\n<p>Ellos existen&nbsp;<strong>8<\/strong>&nbsp;estilos&nbsp;<strong>diferentes ajustes preestablecidos<\/strong>&nbsp;elegir y&nbsp;<strong>21 opciones avanzadas<\/strong>&nbsp;Para personalizar el t\u00edtulo de tu p\u00e1gina, no esperes todo, t\u00fa lo configuras&nbsp;<strong>t\u00edtulos de p\u00e1gina&nbsp;<\/strong><strong>diferente<\/strong>&nbsp;a&nbsp;<strong>p\u00e1ginas, publicaciones<\/strong>&nbsp;y etc.<\/p>\n\n\n\n<h4 class=\"wp-block-heading\" id=\"item-description__page-layouts-freedom\">Libertad de dise\u00f1o de p\u00e1ginas<\/h4>\n\n\n\n<p>Aprovecha la posibilidad de tener&nbsp;<strong>1, 2 o ninguno<\/strong>&nbsp;barra lateral en cada p\u00e1gina y tambi\u00e9n seleccione la&nbsp;<strong>Dale estilo a tus barras laterales de manera diferente<\/strong>&nbsp;de las otras p\u00e1ginas.<\/p>\n\n\n\n<h4 class=\"wp-block-heading\" id=\"item-description__footer-layouts-freedom\">Libertad de dise\u00f1o de pie de p\u00e1gina<\/h4>\n\n\n\n<p>Quieres tener&nbsp;<strong>pie de p\u00e1gina, subpie de p\u00e1gina<\/strong>&nbsp;y hasta un&nbsp;<strong>\u00bfBarra de subpie de p\u00e1gina secundaria?&nbsp;<\/strong>Esto es f\u00e1cil en Phlox, y tambi\u00e9n tienes opciones para personalizarlos por separado seg\u00fan tu gusto.<\/p>\n\n\n\n<h4 class=\"wp-block-heading\" id=\"item-description__fancy-transitions\">Transiciones elegantes<\/h4>\n\n\n\n<p>Ellos existen&nbsp;<strong>4 transiciones de precarga<\/strong>&nbsp;para elegir y tambi\u00e9n puedes usar tu propia animaci\u00f3n GIF si lo deseas.<\/p>\n\n\n\n<p>Hay transiciones elegantes casi en todas partes donde las necesitas.<\/p>\n\n\n\n<ul class=\"wp-block-list\">\n<li>Transici\u00f3n de p\u00e1gina<\/li>\n\n\n\n<li>Transici\u00f3n de paralaje<\/li>\n\n\n\n<li>Efecto de enfoque del producto<\/li>\n\n\n\n<li>Efecto de enfoque del proyecto<\/li>\n\n\n\n<li>Transici\u00f3n de galer\u00eda<\/li>\n<\/ul>\n\n\n\n<h4 class=\"wp-block-heading\" id=\"item-description__image-gallery\">Galer\u00eda de im\u00e1genes<\/h4>\n\n\n\n<p>\u00bfTe gusta c\u00f3mo se muestran las im\u00e1genes en Flickr o en Google Im\u00e1genes? \u00bfO quiz\u00e1s te gustar\u00eda tener una galer\u00eda con estos dise\u00f1os en tu sitio web?<\/p>\n\n\n\n<p>Tener una&nbsp;<strong>Tema de WordPress con una galer\u00eda como Flickr o im\u00e1genes de Google<\/strong>&nbsp;Con el tema Phlox, ya no es un sue\u00f1o. Phlox incluye una moderna galer\u00eda de im\u00e1genes con diferentes patrones y dise\u00f1os para elegir. Tambi\u00e9n cuenta con carga AJAX, que precarga las im\u00e1genes de la galer\u00eda a medida que los visitantes se desplazan, optimizando as\u00ed el rendimiento de tu sitio.<\/p>\n\n\n\n<h4 class=\"wp-block-heading\" id=\"item-description__responsive-in-a-modern-way\">Responsivo de forma moderna<\/h4>\n\n\n\n<p>Phlox es&nbsp;<strong>muy receptivo<\/strong>&nbsp;Y puedes hacer que tu sitio web se vea bien sin importar qu\u00e9 dispositivos uses. Pero s\u00ed, hay un pero y&nbsp;<strong>albricias<\/strong>&nbsp;Tambi\u00e9n a\u00f1adimos algunos&nbsp;<strong>Opciones para cambiar lo que puedas necesitar en diferentes dispositivos<\/strong>&nbsp;Puedes, por ejemplo, tener un encabezado fijo en el escritorio y no en el m\u00f3vil, o una cuadr\u00edcula configurada en 6 columnas en el escritorio y definir una diferente en el m\u00f3vil, y mucho m\u00e1s.<\/p>\n\n\n\n<h4 class=\"wp-block-heading\" id=\"item-description__wpml-and-rtl\">WPML y RTL<\/h4>\n\n\n\n<p>Como todos sabemos, para&nbsp;<strong>hacer crecer un negocio<\/strong>&nbsp;tienes que&nbsp;<strong>cubrir globalmente<\/strong>&nbsp;Tarde o temprano tendr\u00e1s que hacerlo.&nbsp;<strong>Tenga su sitio web en varios idiomas<\/strong>&nbsp;y algunos de ellos pueden estar en el dise\u00f1o de la&nbsp;<strong>de derecha a izquierda<\/strong>&nbsp;o idiomas. La buena noticia es que lo tenemos cubierto en esta parte, puede&nbsp;<strong>tener un sitio web multiling\u00fce<\/strong>&nbsp;y de la&nbsp;<strong>de derecha a izquierda<\/strong>&nbsp;Muy f\u00e1cil. Tambi\u00e9n hay un&nbsp;<strong>manifestaci\u00f3n de derecha a izquierda<\/strong>&nbsp;en nuestra lista de demostraci\u00f3n, que puedes consultar para inspirarte (nota: esta demostraci\u00f3n no est\u00e1 disponible en el importador de demostraciones)<\/p>\n\n\n\n<p><\/p>","protected":false},"excerpt":{"rendered":"<p>Ao baixar o arquivo, extraia o zip. O arquivo do tema estar\u00e1 dentro da pasta phlox-pro-download-package\\theme. \u00c9 s\u00f3 fazer upload do arquivo phlox-pro.zip. Melhor tema Elementor do mercado Phlox Pro, tema WordPress Elementor Ultimate Multipurpose para todos os tipos de sites! Phlox \u00e9 o&nbsp;melhor tema multiuso Elementor&nbsp;que voc\u00ea j\u00e1 viu.&nbsp;Possui mais de 80 demos do [&hellip;]<\/p>","protected":false},"featured_media":105,"comment_status":"closed","ping_status":"open","template":"","meta":{"_jf_limit_responses":"","iawp_total_views":353},"product_brand":[],"product_cat":[22],"product_tag":[19],"class_list":{"0":"post-103","1":"product","2":"type-product","3":"status-publish","4":"has-post-thumbnail","6":"product_cat-temas-wordpress","7":"product_tag-vitalicio","9":"first","10":"instock","11":"downloadable","12":"virtual","13":"purchasable","14":"product-type-simple"},"_links":{"self":[{"href":"https:\/\/packdesites.com\/es\/wp-json\/wp\/v2\/product\/103","targetHints":{"allow":["GET"]}}],"collection":[{"href":"https:\/\/packdesites.com\/es\/wp-json\/wp\/v2\/product"}],"about":[{"href":"https:\/\/packdesites.com\/es\/wp-json\/wp\/v2\/types\/product"}],"replies":[{"embeddable":true,"href":"https:\/\/packdesites.com\/es\/wp-json\/wp\/v2\/comments?post=103"}],"version-history":[{"count":1,"href":"https:\/\/packdesites.com\/es\/wp-json\/wp\/v2\/product\/103\/revisions"}],"predecessor-version":[{"id":22813,"href":"https:\/\/packdesites.com\/es\/wp-json\/wp\/v2\/product\/103\/revisions\/22813"}],"wp:featuredmedia":[{"embeddable":true,"href":"https:\/\/packdesites.com\/es\/wp-json\/wp\/v2\/media\/105"}],"wp:attachment":[{"href":"https:\/\/packdesites.com\/es\/wp-json\/wp\/v2\/media?parent=103"}],"wp:term":[{"taxonomy":"product_brand","embeddable":true,"href":"https:\/\/packdesites.com\/es\/wp-json\/wp\/v2\/product_brand?post=103"},{"taxonomy":"product_cat","embeddable":true,"href":"https:\/\/packdesites.com\/es\/wp-json\/wp\/v2\/product_cat?post=103"},{"taxonomy":"product_tag","embeddable":true,"href":"https:\/\/packdesites.com\/es\/wp-json\/wp\/v2\/product_tag?post=103"}],"curies":[{"name":"wp","href":"https:\/\/api.w.org\/{rel}","templated":true}]}}