{"id":1022,"date":"2022-08-05T03:00:00","date_gmt":"2022-08-05T03:00:00","guid":{"rendered":"https:\/\/packdesites.com\/produto\/medicale-site-de-saude-e-medicina\/"},"modified":"2025-04-03T00:38:21","modified_gmt":"2025-04-03T00:38:21","slug":"sitio-web-de-medicina-y-salud-de-medicale","status":"publish","type":"product","link":"https:\/\/packdesites.com\/es\/product\/sitio-web-de-medicina-y-salud-de-medicale\/","title":{"rendered":"Medicale \u2013 Sitio web de salud y medicina"},"content":{"rendered":"<p>Medicale es un kit de plantillas Elementor para atenci\u00f3n m\u00e9dica y sanitaria moderno y limpio que puedes usar para crear un sitio web para concientizaci\u00f3n m\u00e9dica, atenci\u00f3n m\u00e9dica, hospitales, cl\u00ednicas, m\u00e9dicos, dentistas, concientizaci\u00f3n y prevenci\u00f3n de COVID-19 o cualquier otro negocio relacionado con la salud o la medicina.<\/p>\n\n\n\n<p>Este kit de plantillas incluye 10 impresionantes plantillas, con las que podr\u00e1 crear el sitio web comercial de su empresa con aspecto profesional con solo un clic.<\/p>\n\n\n\n<p><strong>Todas las funciones<\/strong><\/p>\n\n\n\n<ul class=\"wp-block-list\"><li>Los estilos y efectos se crean dentro del panel Elementor, sin necesidad de codificaci\u00f3n alguna<\/li><li>Compatibilidad de 100% con la versi\u00f3n gratuita de Elementor<\/li><li>\u00a1Ahorra dinero! Este kit utiliza fuentes de Google gratuitas y no requiere Elementor Pro.<\/li><li>10 dise\u00f1os de p\u00e1gina personalizables<\/li><li>18 plantillas de secciones bien dise\u00f1adas<\/li><li>Estilo elegante y minimalista.<\/li><li>Colores y tonos elegantes<\/li><li>Responsivo y excelente para computadoras de escritorio, port\u00e1tiles y dispositivos m\u00f3viles.<\/li><li>Dise\u00f1o de todos los widgets principales de WordPress<\/li><li>Dise\u00f1o de p\u00edxeles sin costuras<\/li><li>F\u00e1cil de usar y modificar<\/li><li>Fluido totalmente sensible<\/li><li>S\u00edmbolos totalmente editables<\/li><li>Soporte receptivo y profesional de un equipo dedicado<\/li><\/ul>\n\n\n\n<p><strong>Caracter\u00edsticas principales<\/strong>&nbsp;Medicale ofrece una plantilla limpia, ordenada y profesional para crear sitios web en WordPress. Necesitar\u00e1 Elementor Pro como plugin premium para poder usar este kit de creaci\u00f3n de p\u00e1ginas web. El paquete completo incluye varias caracter\u00edsticas clave, entre ellas:<\/p>\n\n\n\n<ul class=\"wp-block-list\"><li>P\u00e1gina de inicio<\/li><li>Nuestra p\u00e1gina de m\u00e9dicos<\/li><li>P\u00e1gina de detalles del m\u00e9dico<\/li><li>P\u00e1gina temporal<\/li><li>P\u00e1gina de horas de trabajo<\/li><li>P\u00e1gina de nominaciones<\/li><li>P\u00e1gina de la galer\u00eda<\/li><li>P\u00e1gina Acerca de Nosotros<\/li><li>P\u00e1gina de servicios<\/li><li>P\u00e1gina de contacto<\/li><\/ul>","protected":false},"excerpt":{"rendered":"<p>Medicale \u00e9 um moderno e limpo Kit de Modelos De Sa\u00fade e Elementor M\u00e9dicos que voc\u00ea pode usar para construir um site para conscientiza\u00e7\u00e3o m\u00e9dica, sa\u00fade, hospital, cl\u00ednica, m\u00e9dico, dentista, COVID-19 conscientiza\u00e7\u00e3o &amp; preven\u00e7\u00e3o, ou qualquer outro neg\u00f3cio m\u00e9dico ou relacionado \u00e0 sa\u00fade. Este kit de modelos inclui impressionantes 10 modelos impressionantes, voc\u00ea pode construir [&hellip;]<\/p>","protected":false},"featured_media":1023,"comment_status":"closed","ping_status":"open","template":"","meta":{"_jf_limit_responses":"","iawp_total_views":39},"product_brand":[],"product_cat":[27,29,23,24],"product_tag":[19],"class_list":{"0":"post-1022","1":"product","2":"type-product","3":"status-publish","4":"has-post-thumbnail","6":"product_cat-prestadores-de-servicos","7":"product_cat-saude-e-bem-estar","8":"product_cat-templates-elementor-e-envato","9":"product_cat-templates-envato","10":"product_tag-vitalicio","12":"first","13":"instock","14":"downloadable","15":"virtual","16":"purchasable","17":"product-type-simple"},"_links":{"self":[{"href":"https:\/\/packdesites.com\/es\/wp-json\/wp\/v2\/product\/1022","targetHints":{"allow":["GET"]}}],"collection":[{"href":"https:\/\/packdesites.com\/es\/wp-json\/wp\/v2\/product"}],"about":[{"href":"https:\/\/packdesites.com\/es\/wp-json\/wp\/v2\/types\/product"}],"replies":[{"embeddable":true,"href":"https:\/\/packdesites.com\/es\/wp-json\/wp\/v2\/comments?post=1022"}],"version-history":[{"count":0,"href":"https:\/\/packdesites.com\/es\/wp-json\/wp\/v2\/product\/1022\/revisions"}],"wp:featuredmedia":[{"embeddable":true,"href":"https:\/\/packdesites.com\/es\/wp-json\/wp\/v2\/media\/1023"}],"wp:attachment":[{"href":"https:\/\/packdesites.com\/es\/wp-json\/wp\/v2\/media?parent=1022"}],"wp:term":[{"taxonomy":"product_brand","embeddable":true,"href":"https:\/\/packdesites.com\/es\/wp-json\/wp\/v2\/product_brand?post=1022"},{"taxonomy":"product_cat","embeddable":true,"href":"https:\/\/packdesites.com\/es\/wp-json\/wp\/v2\/product_cat?post=1022"},{"taxonomy":"product_tag","embeddable":true,"href":"https:\/\/packdesites.com\/es\/wp-json\/wp\/v2\/product_tag?post=1022"}],"curies":[{"name":"wp","href":"https:\/\/api.w.org\/{rel}","templated":true}]}}