{"id":1014,"date":"2022-08-05T03:00:00","date_gmt":"2022-08-05T03:00:00","guid":{"rendered":"https:\/\/packdesites.com\/produto\/dentlab-site-de-saude-e-medicina\/"},"modified":"2025-04-03T00:38:15","modified_gmt":"2025-04-03T00:38:15","slug":"sitio-web-de-salud-y-medicina-de-dentlab","status":"publish","type":"product","link":"https:\/\/packdesites.com\/es\/product\/sitio-web-de-salud-y-medicina-de-dentlab\/","title":{"rendered":"Dentlab \u2013 Sitio web de salud y medicina"},"content":{"rendered":"<p>Dentlab es un moderno kit de plantillas Elementor que simplifica la creaci\u00f3n de sitios web en WordPress para cl\u00ednicas dentales, consultorios dentales, centros de salud, m\u00e9dicos o cualquier otro negocio relacionado con la salud. Esta plantilla presenta un dise\u00f1o profesional con un dise\u00f1o responsivo 100%, es compatible con pantallas retina y es incre\u00edblemente f\u00e1cil de personalizar gracias a Elementor, \u00a1as\u00ed que no necesitas escribir ni una sola l\u00ednea de c\u00f3digo!<\/p>\n\n\n\n<p>Este kit de plantillas incluye 10 impresionantes plantillas, con las que podr\u00e1 crear el sitio web comercial de su empresa con aspecto profesional con solo un clic.<\/p>\n\n\n\n<p><strong>Todas las funciones<\/strong><\/p>\n\n\n\n<ul class=\"wp-block-list\"><li>Los estilos y efectos se crean dentro del panel Elementor, sin necesidad de codificaci\u00f3n alguna<\/li><li>10 dise\u00f1os de p\u00e1gina personalizables<\/li><li>18 plantillas de secciones bien dise\u00f1adas<\/li><li>Estilo elegante y minimalista.<\/li><li>Colores y tonos elegantes<\/li><li>Adaptable para computadoras de escritorio, port\u00e1tiles y dispositivos m\u00f3viles.<\/li><li>Dise\u00f1o de todos los widgets principales de WordPress<\/li><li>Dise\u00f1o de p\u00edxeles sin costuras<\/li><li>F\u00e1cil de usar y modificar<\/li><li>Fluido totalmente sensible<\/li><li>S\u00edmbolos totalmente editables<\/li><\/ul>\n\n\n\n<p><strong>Caracter\u00edsticas principales<\/strong>&nbsp;Dentlab ofrece un creador de sitios web de WordPress limpio, sencillo y profesional. Necesitar\u00e1 Elementor Pro como plugin premium para usar este creador de sitios web. El paquete completo incluye varias funciones clave, entre ellas:<\/p>\n\n\n\n<ul class=\"wp-block-list\"><li>P\u00e1gina de inicio 1<\/li><li>P\u00e1gina de inicio 2<\/li><li>P\u00e1gina de servicios<\/li><li>P\u00e1gina de servicio \u00fanico<\/li><li>P\u00e1gina de precios<\/li><li>P\u00e1gina de contacto<\/li><li>P\u00e1gina Acerca de Nosotros<\/li><li>P\u00e1gina del equipo<\/li><li>P\u00e1gina de la galer\u00eda<\/li><li>Nuestra p\u00e1gina de historia<\/li><\/ul>","protected":false},"excerpt":{"rendered":"<p>Dentlab es un moderno kit de plantillas Elementor que facilita la creaci\u00f3n de sitios web basados en WordPress para cl\u00ednicas dentales, odont\u00f3logos, centros de salud, m\u00e9dicos o cualquier otro negocio relacionado con la salud. Esta plantilla tiene un dise\u00f1o profesional con un dise\u00f1o adaptable 100%, es compatible con pantallas retina y es muy [\u2026]<\/p>","protected":false},"featured_media":1015,"comment_status":"closed","ping_status":"open","template":"","meta":{"_jf_limit_responses":"","iawp_total_views":30},"product_brand":[],"product_cat":[27,29,23,24],"product_tag":[19],"class_list":{"0":"post-1014","1":"product","2":"type-product","3":"status-publish","4":"has-post-thumbnail","6":"product_cat-prestadores-de-servicos","7":"product_cat-saude-e-bem-estar","8":"product_cat-templates-elementor-e-envato","9":"product_cat-templates-envato","10":"product_tag-vitalicio","12":"first","13":"instock","14":"downloadable","15":"virtual","16":"purchasable","17":"product-type-simple"},"_links":{"self":[{"href":"https:\/\/packdesites.com\/es\/wp-json\/wp\/v2\/product\/1014","targetHints":{"allow":["GET"]}}],"collection":[{"href":"https:\/\/packdesites.com\/es\/wp-json\/wp\/v2\/product"}],"about":[{"href":"https:\/\/packdesites.com\/es\/wp-json\/wp\/v2\/types\/product"}],"replies":[{"embeddable":true,"href":"https:\/\/packdesites.com\/es\/wp-json\/wp\/v2\/comments?post=1014"}],"version-history":[{"count":0,"href":"https:\/\/packdesites.com\/es\/wp-json\/wp\/v2\/product\/1014\/revisions"}],"wp:featuredmedia":[{"embeddable":true,"href":"https:\/\/packdesites.com\/es\/wp-json\/wp\/v2\/media\/1015"}],"wp:attachment":[{"href":"https:\/\/packdesites.com\/es\/wp-json\/wp\/v2\/media?parent=1014"}],"wp:term":[{"taxonomy":"product_brand","embeddable":true,"href":"https:\/\/packdesites.com\/es\/wp-json\/wp\/v2\/product_brand?post=1014"},{"taxonomy":"product_cat","embeddable":true,"href":"https:\/\/packdesites.com\/es\/wp-json\/wp\/v2\/product_cat?post=1014"},{"taxonomy":"product_tag","embeddable":true,"href":"https:\/\/packdesites.com\/es\/wp-json\/wp\/v2\/product_tag?post=1014"}],"curies":[{"name":"wp","href":"https:\/\/api.w.org\/{rel}","templated":true}]}}