{"id":1002,"date":"2022-12-13T03:00:00","date_gmt":"2022-12-13T03:00:00","guid":{"rendered":"https:\/\/packdesites.com\/produto\/dentacare-site-de-saude-e-medicina\/"},"modified":"2025-04-03T00:38:06","modified_gmt":"2025-04-03T00:38:06","slug":"sitio-web-de-salud-y-medicina-dentacare","status":"publish","type":"product","link":"https:\/\/packdesites.com\/es\/product\/sitio-web-de-salud-y-medicina-dentacare\/","title":{"rendered":"DentaCare \u2013 Sitio web de salud y medicina"},"content":{"rendered":"<p>DentaCare es un kit de plantillas de Elementor para dentistas y servicios m\u00e9dicos. Incluye m\u00e1s de 12 plantillas predise\u00f1adas con un dise\u00f1o moderno y profesional. Puedes usar f\u00e1cilmente este kit de plantillas creativas para cualquier tipo de servicio m\u00e9dico y de atenci\u00f3n dental, como dentistas, cl\u00ednicas dentales, odont\u00f3logos, atenci\u00f3n m\u00e9dica y sitios web m\u00e9dicos.<\/p>\n\n\n\n<p>Ahorra tiempo creando un sitio web profesional de servicios dentales para promocionar tu negocio m\u00e9dico con este kit de plantillas de Elementor. Simplemente arrastra y suelta, sin necesidad de programar.<\/p>\n\n\n\n<p><strong>Caracter\u00edsticas del dise\u00f1o:<\/strong><\/p>\n\n\n\n<ul class=\"wp-block-list\">\n<li>Dise\u00f1o moderno y profesional.<\/li>\n\n\n\n<li>Creado con Elementor Pro<\/li>\n\n\n\n<li>100% Responsivo y compatible con dispositivos m\u00f3viles<\/li>\n\n\n\n<li>M\u00e1s de 12 plantillas predise\u00f1adas<\/li>\n\n\n\n<li>F\u00e1cil de personalizar<\/li>\n\n\n\n<li>Kit de plantillas creado con el tema Elementor Hello<\/li>\n<\/ul>\n\n\n\n<p><strong>Este kit requiere la actualizaci\u00f3n de Elementor Pro a Elementor (no incluida)<\/strong><\/p>\n\n\n\n<p><strong>Qu\u00e9 incluye<\/strong><\/p>\n\n\n\n<ul class=\"wp-block-list\">\n<li>P\u00e1gina de inicio<\/li>\n\n\n\n<li>Sobre nosotros<\/li>\n\n\n\n<li>Blog<\/li>\n\n\n\n<li>Cont\u00e1ctanos<\/li>\n\n\n\n<li>Archivado<\/li>\n\n\n\n<li>Error 404<\/li>\n\n\n\n<li>Publicaci\u00f3n \u00fanica<\/li>\n\n\n\n<li>Doctor<\/li>\n\n\n\n<li>Preguntas frecuentes<\/li>\n\n\n\n<li>Plan de precios<\/li>\n\n\n\n<li>Servicio<\/li>\n\n\n\n<li>Servicio \u00fanico<\/li>\n\n\n\n<li>Tema global<\/li>\n\n\n\n<li>Encabezamiento<\/li>\n\n\n\n<li>Z\u00f3calo<\/li>\n<\/ul>","protected":false},"excerpt":{"rendered":"<p>DentaCare \u00e9 um template kit elementor para dentista e servi\u00e7o m\u00e9dico. Possui mais de 12 modelos pr\u00e9-constru\u00eddos com design moderno e estilo de layout profissional. Voc\u00ea pode facilmente usar este template kit criativo para qualquer tipo de atendimento odontol\u00f3gico e servi\u00e7o m\u00e9dico, como dentista e cl\u00ednica odontol\u00f3gica, m\u00e9dico dent\u00e1rio, sa\u00fade, site m\u00e9dico. Economize seu tempo [&hellip;]<\/p>","protected":false},"featured_media":1003,"comment_status":"closed","ping_status":"open","template":"","meta":{"_jf_limit_responses":"","iawp_total_views":108},"product_brand":[],"product_cat":[27,29,23,24],"product_tag":[19],"class_list":{"0":"post-1002","1":"product","2":"type-product","3":"status-publish","4":"has-post-thumbnail","6":"product_cat-prestadores-de-servicos","7":"product_cat-saude-e-bem-estar","8":"product_cat-templates-elementor-e-envato","9":"product_cat-templates-envato","10":"product_tag-vitalicio","12":"first","13":"instock","14":"downloadable","15":"virtual","16":"purchasable","17":"product-type-simple"},"_links":{"self":[{"href":"https:\/\/packdesites.com\/es\/wp-json\/wp\/v2\/product\/1002","targetHints":{"allow":["GET"]}}],"collection":[{"href":"https:\/\/packdesites.com\/es\/wp-json\/wp\/v2\/product"}],"about":[{"href":"https:\/\/packdesites.com\/es\/wp-json\/wp\/v2\/types\/product"}],"replies":[{"embeddable":true,"href":"https:\/\/packdesites.com\/es\/wp-json\/wp\/v2\/comments?post=1002"}],"version-history":[{"count":0,"href":"https:\/\/packdesites.com\/es\/wp-json\/wp\/v2\/product\/1002\/revisions"}],"wp:featuredmedia":[{"embeddable":true,"href":"https:\/\/packdesites.com\/es\/wp-json\/wp\/v2\/media\/1003"}],"wp:attachment":[{"href":"https:\/\/packdesites.com\/es\/wp-json\/wp\/v2\/media?parent=1002"}],"wp:term":[{"taxonomy":"product_brand","embeddable":true,"href":"https:\/\/packdesites.com\/es\/wp-json\/wp\/v2\/product_brand?post=1002"},{"taxonomy":"product_cat","embeddable":true,"href":"https:\/\/packdesites.com\/es\/wp-json\/wp\/v2\/product_cat?post=1002"},{"taxonomy":"product_tag","embeddable":true,"href":"https:\/\/packdesites.com\/es\/wp-json\/wp\/v2\/product_tag?post=1002"}],"curies":[{"name":"wp","href":"https:\/\/api.w.org\/{rel}","templated":true}]}}