{"id":1000,"date":"2022-08-04T03:00:00","date_gmt":"2022-08-04T03:00:00","guid":{"rendered":"https:\/\/packdesites.com\/produto\/carenow-site-de-saude-e-medicina\/"},"modified":"2025-04-03T00:38:04","modified_gmt":"2025-04-03T00:38:04","slug":"sitio-web-de-salud-y-medicina-de-carenow","status":"publish","type":"product","link":"https:\/\/packdesites.com\/es\/product\/sitio-web-de-salud-y-medicina-de-carenow\/","title":{"rendered":"Carenow \u2013 Plantilla para medicina y odontolog\u00eda"},"content":{"rendered":"<p><strong>Cuidado ahora<\/strong>&nbsp;Es un kit de plantillas de Elementor para dentistas, cl\u00ednicas dentales, profesionales de la salud, m\u00e9dicos o cualquier otro negocio relacionado con la salud. Este kit presenta un dise\u00f1o atractivo y \u00fanico, con una plantilla 100% responsiva y compatible con dispositivos retina. El kit de plantillas Carenow funciona con el popular plugin de creaci\u00f3n de p\u00e1ginas Elementor. Esta plantilla es f\u00e1cilmente personalizable, totalmente responsiva y compatible con todos los navegadores y dispositivos modernos.<\/p>\n\n\n\n<p>### Complementos necesarios:<\/p>\n\n\n\n<ul class=\"wp-block-list\">\n<li>Elementor<\/li>\n\n\n\n<li>Complementos de Themesflat para Elementor<\/li>\n\n\n\n<li>MetForm<\/li>\n\n\n\n<li>ElementsKit Lite<\/li>\n<\/ul>\n\n\n\n<p>### Caracter\u00edsticas principales del kit:<\/p>\n\n\n\n<ul class=\"wp-block-list\">\n<li>Sin conocimientos de codificaci\u00f3n<\/li>\n\n\n\n<li>Completamente con la versi\u00f3n gratuita de Elementor (no se requiere Elementor Pro)<\/li>\n\n\n\n<li>Generador de encabezados y pies de p\u00e1gina incluido<\/li>\n\n\n\n<li>Importaci\u00f3n de demostraci\u00f3n con un solo clic<\/li>\n\n\n\n<li>Estilo moderno.<\/li>\n\n\n\n<li>Dise\u00f1o claro y limpio<\/li>\n\n\n\n<li>Compatible con todos los navegadores<\/li>\n\n\n\n<li>Widget de publicaci\u00f3n<\/li>\n\n\n\n<li>Caja de diapositivas de carrusel (crea controles deslizantes con cualquier cosa)<\/li>\n\n\n\n<li>Ultra sensible y compatible con Retina<\/li>\n\n\n\n<li>Compatible con cualquier plantilla de WordPress<\/li>\n\n\n\n<li>Optimizado para motores de b\u00fasqueda<\/li>\n<\/ul>","protected":false},"excerpt":{"rendered":"<p>Carenow&nbsp;\u00e9 um Template Kit Elementor para dentista e cl\u00ednica odontol\u00f3gica, m\u00e9dico dent\u00e1rio, m\u00e9dico de sa\u00fade, m\u00e9dico ou qualquer outro neg\u00f3cio m\u00e9dico ou relacionado \u00e0 sa\u00fade. Este kit tem um design bonito e exclusivo, com um layout 100% responsivo e pronto para retina. O Carenow Template Kit \u00e9 usado no popular plugin de cria\u00e7\u00e3o de p\u00e1ginas [&hellip;]<\/p>","protected":false},"featured_media":1001,"comment_status":"closed","ping_status":"open","template":"","meta":{"_jf_limit_responses":"","iawp_total_views":52},"product_brand":[],"product_cat":[29,23,24],"product_tag":[19],"class_list":{"0":"post-1000","1":"product","2":"type-product","3":"status-publish","4":"has-post-thumbnail","6":"product_cat-saude-e-bem-estar","7":"product_cat-templates-elementor-e-envato","8":"product_cat-templates-envato","9":"product_tag-vitalicio","11":"first","12":"instock","13":"downloadable","14":"virtual","15":"purchasable","16":"product-type-simple"},"_links":{"self":[{"href":"https:\/\/packdesites.com\/es\/wp-json\/wp\/v2\/product\/1000","targetHints":{"allow":["GET"]}}],"collection":[{"href":"https:\/\/packdesites.com\/es\/wp-json\/wp\/v2\/product"}],"about":[{"href":"https:\/\/packdesites.com\/es\/wp-json\/wp\/v2\/types\/product"}],"replies":[{"embeddable":true,"href":"https:\/\/packdesites.com\/es\/wp-json\/wp\/v2\/comments?post=1000"}],"version-history":[{"count":0,"href":"https:\/\/packdesites.com\/es\/wp-json\/wp\/v2\/product\/1000\/revisions"}],"wp:featuredmedia":[{"embeddable":true,"href":"https:\/\/packdesites.com\/es\/wp-json\/wp\/v2\/media\/1001"}],"wp:attachment":[{"href":"https:\/\/packdesites.com\/es\/wp-json\/wp\/v2\/media?parent=1000"}],"wp:term":[{"taxonomy":"product_brand","embeddable":true,"href":"https:\/\/packdesites.com\/es\/wp-json\/wp\/v2\/product_brand?post=1000"},{"taxonomy":"product_cat","embeddable":true,"href":"https:\/\/packdesites.com\/es\/wp-json\/wp\/v2\/product_cat?post=1000"},{"taxonomy":"product_tag","embeddable":true,"href":"https:\/\/packdesites.com\/es\/wp-json\/wp\/v2\/product_tag?post=1000"}],"curies":[{"name":"wp","href":"https:\/\/api.w.org\/{rel}","templated":true}]}}