{"id":2456,"date":"2025-04-11T00:30:47","date_gmt":"2025-04-11T03:30:47","guid":{"rendered":"https:\/\/packdesites.com\/?page_id=2456"},"modified":"2025-04-11T00:31:01","modified_gmt":"2025-04-11T03:31:01","slug":"sobre-la-licencia-de-los-productos","status":"publish","type":"page","link":"https:\/\/packdesites.com\/es\/sobre-la-licencia-de-los-productos\/","title":{"rendered":"Acerca de la licencia del producto"},"content":{"rendered":"<p>Todos los archivos est\u00e1n bajo licencia GPL. Vale la pena recordar que todos los archivos creados en WordPress est\u00e1n bajo esta licencia. Puedes comprobarlo en el sitio web oficial de WordPress.&nbsp;<a href=\"https:\/\/br.wordpress.org\/about\/license\/\" target=\"_blank\" rel=\"noreferrer noopener\">haciendo clic aqu\u00ed<\/a>.<\/p>\n\n\n\n<h3 class=\"wp-block-heading\">\u00bfQu\u00e9 es GPL?<\/h3>\n\n\n\n<p>La Licencia P\u00fablica General (GPL) es una licencia de software libre que garantiza la libertad de usar, estudiar, compartir y modificar el software. Los productos licenciados bajo la GPL pueden ser utilizados por cualquier persona para cualquier prop\u00f3sito, incluidos fines comerciales. Esto significa que los productos que ofrecemos, como plantillas y complementos de WordPress, pueden ser utilizados libremente por nuestros clientes, siempre que cumplan con los t\u00e9rminos de la licencia.<\/p>\n\n\n\n<h3 class=\"wp-block-heading\">\u00bfC\u00f3mo funciona la GPL?<\/h3>\n\n\n\n<p>Distribuir productos bajo licencia GPL, como hacemos en Pack de Sites, es legal y no constituye pirater\u00eda. La pirater\u00eda implica la distribuci\u00f3n no autorizada de software propietario. La GPL, por otro lado, permite expl\u00edcitamente la libre distribuci\u00f3n, modificaci\u00f3n y utilizaci\u00f3n del software, siempre que se respeten los t\u00e9rminos de la licencia. Todos nuestros productos se obtienen legalmente, de fuentes oficiales, y nos adherimos estrictamente a los t\u00e9rminos de la licencia. Cuando usted compra con nosotros, adquiere software de forma leg\u00edtima, \u00e9tica y de acuerdo con las reglas de uso de la GPL.<\/p>\n\n\n\n<h3 class=\"wp-block-heading\">Seguridad del producto<\/h3>\n\n\n\n<p>Garantizamos la seguridad de nuestros productos y entendemos la importancia de este tema para nuestros clientes. Todos los archivos que ofrecemos pasan por rigurosos procesos de verificaci\u00f3n para garantizar que est\u00e9n libres de malware, puertas traseras y otras vulnerabilidades. La GPL promueve la transparencia del c\u00f3digo al permitir que cualquier desarrollador revise, verifique y mejore el software. Esta apertura contribuye a la seguridad y confiabilidad del ecosistema de WordPress. En Pack de Sites, todos nuestros productos son originales, seguros y libres de virus 100%.<\/p>\n\n\n\n<h3 class=\"wp-block-heading\">Actualizaciones autom\u00e1ticas y soporte oficial<\/h3>\n\n\n\n<p>Es importante aclarar que, si bien nuestros productos est\u00e1n licenciados bajo la GPL y funcionan con normalidad, el acceso a&nbsp;<strong>actualizaciones autom\u00e1ticas<\/strong>&nbsp;y&nbsp;<strong>soporte t\u00e9cnico oficial<\/strong>&nbsp;del desarrollador se ofrece exclusivamente a los clientes que compran la licencia directamente del desarrollador original. Esto significa que cuando nos compra, podr\u00e1 utilizar el complemento o tema por completo, pero si desea recibir actualizaciones autom\u00e1ticas o tener acceso a soporte oficial, deber\u00e1 comprar una licencia individual directamente al desarrollador.<\/p>\n\n\n\n<h3 class=\"wp-block-heading\">Actualizaciones de productos<\/h3>\n\n\n\n<p>En Pack de Sites trabajamos para garantizar que nuestros clientes siempre tengan acceso a las \u00faltimas versiones de nuestros productos. Con cada nueva actualizaci\u00f3n lanzada oficialmente, la ponemos a disposici\u00f3n en nuestra plataforma para su descarga. Nos comprometemos a mantener todos los archivos actualizados, por lo que cargamos la nueva versi\u00f3n tan pronto como se publica, generalmente dentro de las 24 horas.<\/p>\n\n\n\n<p>Si alg\u00fan producto est\u00e1 temporalmente desactualizado, puede contactarnos en&nbsp;<strong>Contacte con nuestro soporte para solicitar la actualizaci\u00f3n<\/strong>. Siempre estamos listos para verificar y proporcionar la \u00faltima versi\u00f3n, garantizando que pueda disfrutar de las \u00faltimas caracter\u00edsticas y mejoras del complemento o tema que compr\u00f3.<\/p>\n\n\n\n<h3 class=\"wp-block-heading\">Pol\u00edtica de reventa<\/h3>\n\n\n\n<p>En Pack de Sites, valoramos la integridad y la sostenibilidad de nuestro modelo de negocio. Por lo tanto, aunque la GPL permite la redistribuci\u00f3n de productos, no permitimos que nuestros art\u00edculos se revendan como paquete, paquete, PLR (derechos de marca privada) o en cualquier forma similar. Nuestros productos est\u00e1n destinados al consumidor final, quien puede utilizarlos para sus propios proyectos, pero no revenderlos o redistribuirlos como un nuevo paquete comercial.<\/p>\n\n\n\n<p><strong>\u00a1Gracias por elegir Pack de Sites!<\/strong>&nbsp;Estamos aqu\u00ed para garantizar que tenga la mejor experiencia con nuestros productos. Si tiene alguna pregunta sobre la GPL o el uso de nuestros productos, p\u00f3ngase en contacto con nosotros.<\/p>","protected":false},"excerpt":{"rendered":"<p>Todos os arquivos s\u00e3o sob a licen\u00e7a GPL. Vale lembrar que todos os arquivos feitos em WordPress s\u00e3o sob tal licen\u00e7a. Voc\u00ea confere no site oficial do WordPress&nbsp;clicando aqui. O que \u00e9 a GPL? A Licen\u00e7a P\u00fablica Geral (GPL) \u00e9 uma licen\u00e7a de software livre que garante a liberdade de usar, estudar, compartilhar e modificar [&hellip;]<\/p>","protected":false},"author":1,"featured_media":0,"parent":0,"menu_order":0,"comment_status":"closed","ping_status":"closed","template":"","meta":{"_jf_limit_responses":"","iawp_total_views":96,"footnotes":""},"class_list":["post-2456","page","type-page","status-publish","hentry"],"_links":{"self":[{"href":"https:\/\/packdesites.com\/es\/wp-json\/wp\/v2\/pages\/2456","targetHints":{"allow":["GET"]}}],"collection":[{"href":"https:\/\/packdesites.com\/es\/wp-json\/wp\/v2\/pages"}],"about":[{"href":"https:\/\/packdesites.com\/es\/wp-json\/wp\/v2\/types\/page"}],"author":[{"embeddable":true,"href":"https:\/\/packdesites.com\/es\/wp-json\/wp\/v2\/users\/1"}],"replies":[{"embeddable":true,"href":"https:\/\/packdesites.com\/es\/wp-json\/wp\/v2\/comments?post=2456"}],"version-history":[{"count":0,"href":"https:\/\/packdesites.com\/es\/wp-json\/wp\/v2\/pages\/2456\/revisions"}],"wp:attachment":[{"href":"https:\/\/packdesites.com\/es\/wp-json\/wp\/v2\/media?parent=2456"}],"curies":[{"name":"wp","href":"https:\/\/api.w.org\/{rel}","templated":true}]}}