{"id":2450,"date":"2025-04-11T00:27:26","date_gmt":"2025-04-11T03:27:26","guid":{"rendered":"https:\/\/packdesites.com\/?page_id=2450"},"modified":"2025-09-18T11:49:14","modified_gmt":"2025-09-18T14:49:14","slug":"condiciones-de-uso","status":"publish","type":"page","link":"https:\/\/packdesites.com\/es\/condiciones-de-uso\/","title":{"rendered":"T\u00e9rminos de uso y condiciones"},"content":{"rendered":"<p>El producto y la plataforma Pack de Sites, alojados en packdesites.com y otros subdominios, pertenecen a Ag\u00eancia Render LTDA (CNPJ: 41.632.045\/0001-66). Cuando decimos \u00abnosotros\u00bb, \u00abnos\u00bb o \u00abnuestro\u00bb, nos referimos a todos los dominios y subdominios vinculados a Pack de Sites.<\/p>\n\n\n\n<h2 class=\"wp-block-heading\">Cuenta de usuario<\/h2>\n\n\n\n<p>Al crear una cuenta y aceptar estos t\u00e9rminos, usted se convierte en miembro de nuestra comunidad y acepta el uso de archivos bajo la licencia GPL, que nuestra plataforma admite y utiliza.<\/p>\n\n\n\n<p>Usted declara que toda la informaci\u00f3n que proporciona es verdadera, precisa y completa, y se compromete a mantenerla actualizada (incluida su direcci\u00f3n de correo electr\u00f3nico). Su suscripci\u00f3n es personal e intransferible. Usted es responsable del uso que se haga de la cuenta con su nombre de usuario y contrase\u00f1a, y debe mantenerlos seguros.<\/p>\n\n\n\n<p>Las cuentas que hayan estado inactivas durante m\u00e1s de 6 (seis) meses podr\u00e1n ser eliminadas del sistema (cuando no haya ventas activas). Los datos de las transacciones se conservar\u00e1n para fines legales y contables.<\/p>\n\n\n\n<h2 class=\"wp-block-heading\">Edad<\/h2>\n\n\n\n<p>Debes tener 18 a\u00f1os o m\u00e1s para hacerte Suscriptor\/Miembro. Si eres menor de 18 a\u00f1os, debes usar la cuenta de un tutor legal mayor de edad, quien ser\u00e1 totalmente responsable de tus actividades.<\/p>\n\n\n\n<h2 class=\"wp-block-heading\">Productos exclusivos (complementos y temas)<\/h2>\n\n\n\n<p>Productos desarrollados exclusivamente por nuestro equipo (como complementos y temas originales) <strong>nuestro<\/strong>) pueden tener acceso restringido a <strong>Suscriptores del plan de negocios<\/strong>, con uso limitado a un n\u00famero definido de licencias, generalmente <strong>10 (diez) licencias por producto<\/strong>, a menos que se indique lo contrario en la p\u00e1gina del producto.<\/p>\n\n\n\n<p>Los suscriptores de otros planes no tendr\u00e1n acceso a dichos productos exclusivos, excepto cuando se adquieran por separado, bajo condiciones espec\u00edficas.<\/p>\n\n\n\n<h2 class=\"wp-block-heading\">Cierre de cuenta<\/h2>\n\n\n\n<p>Nos reservamos el derecho de suspender o cancelar cuentas que muestren indicios de uso inapropiado o incumplimiento de estos t\u00e9rminos. Las situaciones que pueden dar lugar a la cancelaci\u00f3n incluyen, entre otras:<\/p>\n\n\n\n<ul class=\"wp-block-list\">\n<li>Se\u00f1ales de reventa o plagio de nuestros productos;<\/li>\n\n\n\n<li>Est\u00e1ndares de descarga incompatibles con un uso individual razonable;<\/li>\n\n\n\n<li>Comportamiento hostil o da\u00f1ino hacia la plataforma o el personal;<\/li>\n\n\n\n<li>Intentar dificultar la identificaci\u00f3n de pr\u00e1cticas de pirater\u00eda.<\/li>\n<\/ul>\n\n\n\n<p>Una vez cerrada, su cuenta ya no podr\u00e1 acceder a los productos o servicios adquiridos. Si no acepta estos t\u00e9rminos, le recomendamos que no realice la compra.<\/p>\n\n\n\n<p><strong>Aviso:<\/strong> Las rescisiones se realizar\u00e1n siempre que existan motivos justificados. No se conceder\u00e1n reembolsos fuera del plazo legal de 7 (siete) d\u00edas previsto en el C\u00f3digo de Protecci\u00f3n al Consumidor.<\/p>\n\n\n\n<h2 class=\"wp-block-heading\">Tu responsabilidad<\/h2>\n\n\n\n<p>Usted promete que la informaci\u00f3n que nos proporciona es verdadera, precisa y completa y que mantendr\u00e1 la informaci\u00f3n de su cuenta actualizada (incluida una direcci\u00f3n de correo electr\u00f3nico actual). Su suscripci\u00f3n no es transferible. Usted es responsable de cualquier uso de nuestra plataforma que ocurra en conjunto con su nombre de usuario y contrase\u00f1a, as\u00ed que mantenga su contrase\u00f1a segura y no permita que ninguna otra persona use su nombre de usuario o contrase\u00f1a. Si tiene conocimiento de cualquier uso no autorizado de su contrase\u00f1a o de cualquier violaci\u00f3n de seguridad, deber\u00e1 notificarnos de inmediato.<\/p>\n\n\n\n<h2 class=\"wp-block-heading\">Reembolso<\/h2>\n\n\n\n<p>De acuerdo con la ley brasile\u00f1a, el cliente tiene derecho a un reembolso completo dentro de <strong>7 (siete) d\u00edas<\/strong> Desde la fecha de compra. Transcurrido este plazo, no se realizar\u00e1n reembolsos, salvo en circunstancias excepcionales, como un fallo t\u00e9cnico comprobado.<\/p>\n\n\n\n<p>No habr\u00e1 reembolso cuando:<\/p>\n\n\n\n<ul class=\"wp-block-list\">\n<li>El producto ya ha sido descargado;<\/li>\n\n\n\n<li>El cliente no tiene la capacidad t\u00e9cnica para utilizarlo;<\/li>\n\n\n\n<li>El art\u00edculo ya no se puede descargar debido a su eliminaci\u00f3n del sitio;<\/li>\n\n\n\n<li>El usuario no est\u00e1 de acuerdo con la pol\u00edtica de uso justo.<\/li>\n<\/ul>\n\n\n\n<p>Es importante resaltar que, salvo en relaci\u00f3n a productos desarrollados por nuestro equipo (debidamente identificados), no somos responsables del rendimiento o compatibilidad de los productos, ya que nuestra plataforma act\u00faa como intermediario para art\u00edculos bajo la licencia GPL.<\/p>\n\n\n\n<h2 class=\"wp-block-heading\">Juego limpio y conducta<\/h2>\n\n\n\n<p>El uso de la plataforma debe respetar los principios de <strong>uso justo<\/strong> y de buena fe. No est\u00e1 permitido:<\/p>\n\n\n\n<ul class=\"wp-block-list\">\n<li>Compartir, revender o redistribuir productos de manera no autorizada;<\/li>\n\n\n\n<li>Utilice administradores de descarga masiva;<\/li>\n\n\n\n<li>Cometer actos de pirater\u00eda, hacking, spam o actividades il\u00edcitas;<\/li>\n\n\n\n<li>Participar en conductas abusivas hacia el personal u otros clientes.<\/li>\n<\/ul>\n\n\n\n<p>El incumplimiento puede resultar en la suspensi\u00f3n o cancelaci\u00f3n de la cuenta, sin reembolso fuera del plazo legal.<\/p>\n\n\n\n<h2 class=\"wp-block-heading\">Pol\u00edtica de uso justo<\/h2>\n\n\n\n<p>Aplicamos una pol\u00edtica de descarga de uso justo. Nuestra plataforma es para que la utilicen personas reales, utilizando sus datos reales. NO est\u00e1 destinado a ser utilizado por otros sitios \u201cGPL\u201d con el prop\u00f3sito de aumentar su inventario.\u00a0<strong>No permitimos compartir, revender ni acumular nuestros productos.\u00a0<\/strong>Esto est\u00e1 expresamente prohibido y no se realizar\u00e1n reembolsos. El uso de gestores de descarga est\u00e1 prohibido y, si se descubre que un usuario lo hace, su cuenta ser\u00e1 cancelada sin reembolsos.<\/p>\n\n\n\n<p><strong>Si analizamos sus patrones de descarga y descubrimos que usted es un \u201csospechoso\/potencial infractor\u201d, podremos cerrar su cuenta y no emitiremos ning\u00fan reembolso.<\/strong><br>Esto suele deberse a lo siguiente (aunque no se limita a ello):<\/p>\n\n\n\n<ol class=\"wp-block-list\">\n<li>Descargar s\u00f3lo archivos nuevos;<\/li>\n\n\n\n<li>Descarga muchos archivos que posiblemente no uses durante muchos d\u00edas;<\/li>\n\n\n\n<li>No hay conexi\u00f3n entre los archivos descargados;<\/li>\n\n\n\n<li>La totalidad o una parte significativa de los productos filtrados de nuestro sitio y republicados en otros sitios son compatibles con sus est\u00e1ndares de descarga.<\/li>\n<\/ol>\n\n\n\n<h2 class=\"wp-block-heading\">Cambios de productos y precios<\/h2>\n\n\n\n<p>No garantizamos la disponibilidad permanente de ning\u00fan art\u00edculo espec\u00edfico. Nos reservamos el derecho de modificar, reemplazar o descontinuar productos en cualquier momento, con o sin previo aviso. Asimismo, los precios de los planes y productos pueden actualizarse al publicarse en nuestro sitio web.<\/p>\n\n\n\n<p>Justificaciones para la alteraci\u00f3n, sustituci\u00f3n o retirada de productos (incluidas, entre otras):<\/p>\n\n\n\n<ol class=\"wp-block-list\">\n<li>El producto se ha vuelto incompatible o ha sido descontinuado por el desarrollador original;<\/li>\n\n\n\n<li>El producto est\u00e1 generando muchas quejas de fallos por parte de los usuarios;<\/li>\n\n\n\n<li>El producto cuya excesiva complejidad genera dificultades recurrentes en su uso reportadas por los usuarios;<\/li>\n\n\n\n<li>El archivo se ha da\u00f1ado debido a fallas t\u00e9cnicas de servicios de alojamiento o distribuci\u00f3n de terceros;<\/li>\n\n\n\n<li>El producto estaba en promoci\u00f3n temporal y era necesario ajustar el precio.<\/li>\n<\/ol>\n\n\n\n<ol class=\"wp-block-list\">\n<li><strong>NOTA:<\/strong> Generalmente, cuando eliminamos una plantilla, tema o complemento de la plataforma, intentamos agregar un equivalente para compensar la falta de ese producto.<\/li>\n\n\n\n<li><strong>NOTA:<\/strong> Nunca eliminaremos productos de un plan determinado para actualizarlo a uno superior. Consideramos esta pr\u00e1ctica abusiva y siempre mantenemos est\u00e1ndares \u00e9ticos con nuestros usuarios.<\/li>\n<\/ol>\n\n\n\n<h2 class=\"wp-block-heading\">Propiedad intelectual<\/h2>\n\n\n\n<p>Respetamos los derechos de propiedad intelectual de terceros. Si identifica alg\u00fan contenido que infrinja dichos derechos, p\u00f3ngase en contacto con nosotros por correo electr\u00f3nico. <a><strong>soporte@packdesites.com<\/strong><\/a>.<\/p>\n\n\n\n<h2 class=\"wp-block-heading\">Cambios a estos T\u00e9rminos<\/h2>\n\n\n\n<p>Estos t\u00e9rminos pueden modificarse ocasionalmente. En caso de cambios sustanciales, haremos todo lo posible para notificar a los suscriptores\/miembros a trav\u00e9s del sitio web o por correo electr\u00f3nico.<\/p>","protected":false},"excerpt":{"rendered":"<p>O produto e a plataforma Pack de Sites, hospedados em packdesites.com e outros subdom\u00ednios, s\u00e3o pertencentes \u00e0 empresa Ag\u00eancia Render LTDA (CNPJ: 41.632.045\/0001-66). Quando falamos \u201cn\u00f3s\u201d, \u201cnos\u201d ou \u201cnosso\u201d, estamos nos referindo a todos os dom\u00ednios e subdom\u00ednios vinculados ao Pack de Sites. Conta de Usu\u00e1rio Ao criar uma conta e aceitar estes termos, voc\u00ea [&hellip;]<\/p>","protected":false},"author":1,"featured_media":0,"parent":0,"menu_order":0,"comment_status":"closed","ping_status":"closed","template":"","meta":{"_jf_limit_responses":"","iawp_total_views":318,"footnotes":"[]"},"class_list":["post-2450","page","type-page","status-publish","hentry"],"_links":{"self":[{"href":"https:\/\/packdesites.com\/es\/wp-json\/wp\/v2\/pages\/2450","targetHints":{"allow":["GET"]}}],"collection":[{"href":"https:\/\/packdesites.com\/es\/wp-json\/wp\/v2\/pages"}],"about":[{"href":"https:\/\/packdesites.com\/es\/wp-json\/wp\/v2\/types\/page"}],"author":[{"embeddable":true,"href":"https:\/\/packdesites.com\/es\/wp-json\/wp\/v2\/users\/1"}],"replies":[{"embeddable":true,"href":"https:\/\/packdesites.com\/es\/wp-json\/wp\/v2\/comments?post=2450"}],"version-history":[{"count":3,"href":"https:\/\/packdesites.com\/es\/wp-json\/wp\/v2\/pages\/2450\/revisions"}],"predecessor-version":[{"id":23765,"href":"https:\/\/packdesites.com\/es\/wp-json\/wp\/v2\/pages\/2450\/revisions\/23765"}],"wp:attachment":[{"href":"https:\/\/packdesites.com\/es\/wp-json\/wp\/v2\/media?parent=2450"}],"curies":[{"name":"wp","href":"https:\/\/api.w.org\/{rel}","templated":true}]}}